{"id":1841,"date":"2026-03-14T13:32:30","date_gmt":"2026-03-14T13:32:30","guid":{"rendered":"https:\/\/d66.nl\/zevenaar\/?page_id=1841"},"modified":"2026-03-14T14:27:05","modified_gmt":"2026-03-14T14:27:05","slug":"samen-sterker-met-behoud-van-ieders-karakter","status":"publish","type":"page","link":"https:\/\/d66.nl\/zevenaar\/samen-sterker-met-behoud-van-ieders-karakter\/","title":{"rendered":"Samen sterker met behoud van ieders karakter"},"content":{"rendered":"<div\n  id=\"\"\n  class=\"wrapper  wrapper__spacing-bottom-large--50 wrapper__spacing-bottom-desktop--66 wrapper__spacing-bottom-mobile--76  wrapper__gutter--none\"\n  >\n  \t<div class=\"wrapper__container wrapper__container-width-large--default\">\n\t  <div class=\"wrapper__inner wrapper__width-large--14 wrapper__width-desktop--20 wrapper__width-mobile--24 wrapper__offset-large--6 wrapper__offset-desktop--4 wrapper__offset-mobile--0\">\n\t\t<h1 class=\"heading   heading__size--giant heading__font--serif heading__weight--regular  block-heading__heading\" id=\"nav-mogelijke-herindeling9918\"  data-nav-heading-mobile=\"Mogelijke herindeling\" >\n\tMogelijke herindeling<\/h1>\t  <\/div>\n\t<\/div>\n  <\/div>\n\n\n<div\n  id=\"\"\n  class=\"wrapper  wrapper__spacing-bottom-large--50 wrapper__spacing-bottom-mobile--40  wrapper__gutter--none\"\n  >\n  \t<div class=\"wrapper__container wrapper__container-width-large--default\">\n\t  <div class=\"wrapper__inner wrapper__width-large--13 wrapper__width-desktop--22 wrapper__width-mobile--24 wrapper__offset-large--6 wrapper__offset-desktop--2 wrapper__offset-mobile--0\">\n\t\t<p\n\t\tclass=\"paragraph   paragraph__size--big   block-paragraph__paragraph\"\n\t\t\t>\n\t\t\t<\/p>\t  <\/div>\n\t<\/div>\n  <\/div>\n\n\n<div\n  id=\"\"\n  class=\"wrapper  wrapper__spacing-bottom-large--20 wrapper__spacing-bottom-desktop--10 wrapper__spacing-bottom-mobile--10  wrapper__gutter--none\"\n  >\n  \t<div class=\"wrapper__container wrapper__container-width-large--default\">\n\t  <div class=\"wrapper__inner wrapper__width-large--18 wrapper__width-desktop--22 wrapper__width-mobile--24 wrapper__offset-large--6 wrapper__offset-desktop--2 wrapper__offset-mobile--0\">\n\t\t<section class=\"block-post-content\">\n\t<div class=\"block-post-content__title\">\n\t\t<h3 class=\"heading  heading__color--black heading__size--medium heading__font--sans heading__weight--bold  block-post-content__heading\" id=\"nav-3367\" data-nav-heading-mobile=\"\">\n\t<\/h3>\t<\/div>\n\t<div class=\"block-post-content__content\">\n\t\t\n<div\n  id=\"\"\n  class=\"wrapper  wrapper__spacing-bottom-large--30 wrapper__spacing-bottom-desktop--20  wrapper__gutter--none\"\n  >\n  \t<div class=\"wrapper__container wrapper__container-width-large--default\">\n\t  <div class=\"wrapper__inner wrapper__width-large--24 wrapper__width-mobile--24\">\n\t\t<p\n\t\tclass=\"paragraph paragraph__align--left paragraph__color--black paragraph__size--default   block-paragraph__paragraph\"\n\t\t\t>\n\t\tD66 zet zich in voor een sterke en toekomstgerichte gemeente in de Liemers. Door Doesburg, Duiven, Westervoort en Zevenaar samen te brengen, cre\u00ebren we, samen met jullie, \u00e9\u00e9n krachtige gemeente.<br><br>Inwoners weten zelf het beste wat er nodig is in hun omgeving. Daarom wil D66 dat bewoners actief meedenken en meebeslissen over plannen voor hun dorp of wijk. Dorpsplannen die samen met inwoners worden gemaakt, zorgen ervoor dat beleid aansluit bij het dagelijks leven. Elke kern heeft een eigen karakter en manier van<br>samenleven en dat moet zo blijven. Juist dat maakt wonen in de gemeente Zevenaar voor veel mensen vertrouwd. <br><br>Door samen te werken binnen de gemeente en tegelijk oog te houden voor lokale verschillen, ontstaat een sterke gemeenschap waarin mensen zich betrokken voelen en gehoord weten.\t<\/p>\t  <\/div>\n\t<\/div>\n  <\/div>\n\n\n<div\n  id=\"\"\n  class=\"wrapper  wrapper__spacing-bottom-large--10 wrapper__spacing-bottom-desktop--10 wrapper__spacing-bottom-mobile--10  wrapper__gutter--none\"\n  >\n  \t<div class=\"wrapper__container wrapper__container-width-large--default\">\n\t  <div class=\"wrapper__inner wrapper__width-large--24 wrapper__width-mobile--24\">\n\t\t\t<div class=\"block-lists  block-lists__color--black\">\n\t\t<p class=\"paragraph  paragraph__color--black paragraph__size--default\">\n\t\t\t<\/p><ul class=\"block-lists lists__lists lists__weight--medium lists__color--black lists__type--default\">\n\t<\/ul>\t<\/div>\n\t\t  <\/div>\n\t<\/div>\n  <\/div>\n\n\n<div\n  id=\"\"\n  class=\"wrapper  wrapper__spacing-bottom-large--20  wrapper__gutter--none\"\n  >\n  \t<div class=\"wrapper__container wrapper__container-width-large--default\">\n\t  <div class=\"wrapper__inner wrapper__width-large--24 wrapper__width-mobile--24\">\n\t\t<div class=\"image__caption-wrapper block-image__caption-wrapper\">\n\t\t\t<div class=\"image__caption block-image__caption\">\n\t\t\t\t<p class=\"paragraph paragraph__align--left paragraph__color--black paragraph__size--small paragraph__weight--medium\">\n\t\t<span style=\"color: red\">LET OP: auteursrechten ontbreken<\/span>. <a href=\"https:\/\/d66.nl\/zevenaar\/wp-admin\/upload.php?item=0\">S.v.p. de auteursrechten invullen voor deze afbeelding<\/a> before using it.\t<\/p>\t\t\t<\/div>\n\t\t<\/div>\t  <\/div>\n\t<\/div>\n  <\/div>\n\n\t<\/div>\n\n\t<div class=\"block-post-content__sidebar\">\n\t\t\n\t\t\n\t\t\t<\/div>\n<\/section>\n\t  <\/div>\n\t<\/div>\n  <\/div>\n","protected":false},"excerpt":{"rendered":"","protected":false},"author":1556,"featured_media":1556,"parent":0,"menu_order":0,"comment_status":"closed","ping_status":"closed","template":"","meta":{"_acf_changed":false,"footnotes":""},"themes-or-point-of-view":[],"labels":[],"search-tags":[],"class_list":["post-1841","page","type-page","status-publish","has-post-thumbnail","hentry"],"acf":[],"yoast_head":"<!-- This site is optimized with the Yoast SEO plugin v27.3 - https:\/\/yoast.com\/product\/yoast-seo-wordpress\/ -->\n<title>D66 Zevenaar &#8212; Samen sterker met behoud van ieders karakter<\/title>\n<meta name=\"robots\" content=\"index, follow, max-snippet:-1, max-image-preview:large, max-video-preview:-1\" \/>\n<link rel=\"canonical\" href=\"https:\/\/d66.nl\/zevenaar\/samen-sterker-met-behoud-van-ieders-karakter\/\" \/>\n<meta property=\"og:locale\" content=\"nl_NL\" \/>\n<meta property=\"og:type\" content=\"article\" \/>\n<meta property=\"og:title\" content=\"D66 Zevenaar &#8212; Samen sterker met behoud van ieders karakter\" \/>\n<meta property=\"og:url\" content=\"https:\/\/d66.nl\/zevenaar\/samen-sterker-met-behoud-van-ieders-karakter\/\" \/>\n<meta property=\"og:site_name\" content=\"D66 Zevenaar\" \/>\n<meta property=\"article:modified_time\" content=\"2026-03-14T14:27:05+00:00\" \/>\n<meta property=\"og:image\" content=\"https:\/\/media.d66.nl\/uploads\/sites\/103\/2026\/01\/RemoteMediaFile_6553808_0_2022_04_17_16_06_42-2-scaled.jpg\" \/>\n\t<meta property=\"og:image:width\" content=\"2560\" \/>\n\t<meta property=\"og:image:height\" content=\"1440\" \/>\n\t<meta property=\"og:image:type\" content=\"image\/jpeg\" \/>\n<meta name=\"twitter:card\" content=\"summary_large_image\" \/>\n<script type=\"application\/ld+json\" class=\"yoast-schema-graph\">{\"@context\":\"https:\\\/\\\/schema.org\",\"@graph\":[{\"@type\":\"WebPage\",\"@id\":\"https:\\\/\\\/d66.nl\\\/zevenaar\\\/samen-sterker-met-behoud-van-ieders-karakter\\\/\",\"url\":\"https:\\\/\\\/d66.nl\\\/zevenaar\\\/samen-sterker-met-behoud-van-ieders-karakter\\\/\",\"name\":\"D66 Zevenaar &#8212; Samen sterker met behoud van ieders karakter\",\"isPartOf\":{\"@id\":\"https:\\\/\\\/d66.nl\\\/zevenaar\\\/#website\"},\"primaryImageOfPage\":{\"@id\":\"https:\\\/\\\/d66.nl\\\/zevenaar\\\/samen-sterker-met-behoud-van-ieders-karakter\\\/#primaryimage\"},\"image\":{\"@id\":\"https:\\\/\\\/d66.nl\\\/zevenaar\\\/samen-sterker-met-behoud-van-ieders-karakter\\\/#primaryimage\"},\"thumbnailUrl\":\"https:\\\/\\\/media.d66.nl\\\/uploads\\\/sites\\\/103\\\/2026\\\/01\\\/RemoteMediaFile_6553808_0_2022_04_17_16_06_42-2-scaled.jpg\",\"datePublished\":\"2026-03-14T13:32:30+00:00\",\"dateModified\":\"2026-03-14T14:27:05+00:00\",\"breadcrumb\":{\"@id\":\"https:\\\/\\\/d66.nl\\\/zevenaar\\\/samen-sterker-met-behoud-van-ieders-karakter\\\/#breadcrumb\"},\"inLanguage\":\"nl-NL\",\"potentialAction\":[{\"@type\":\"ReadAction\",\"target\":[\"https:\\\/\\\/d66.nl\\\/zevenaar\\\/samen-sterker-met-behoud-van-ieders-karakter\\\/\"]}]},{\"@type\":\"ImageObject\",\"inLanguage\":\"nl-NL\",\"@id\":\"https:\\\/\\\/d66.nl\\\/zevenaar\\\/samen-sterker-met-behoud-van-ieders-karakter\\\/#primaryimage\",\"url\":\"https:\\\/\\\/media.d66.nl\\\/uploads\\\/sites\\\/103\\\/2026\\\/01\\\/RemoteMediaFile_6553808_0_2022_04_17_16_06_42-2-scaled.jpg\",\"contentUrl\":\"https:\\\/\\\/media.d66.nl\\\/uploads\\\/sites\\\/103\\\/2026\\\/01\\\/RemoteMediaFile_6553808_0_2022_04_17_16_06_42-2-scaled.jpg\",\"width\":2560,\"height\":1440},{\"@type\":\"BreadcrumbList\",\"@id\":\"https:\\\/\\\/d66.nl\\\/zevenaar\\\/samen-sterker-met-behoud-van-ieders-karakter\\\/#breadcrumb\",\"itemListElement\":[{\"@type\":\"ListItem\",\"position\":1,\"name\":\"Home\",\"item\":\"https:\\\/\\\/d66.nl\\\/zevenaar\\\/\"},{\"@type\":\"ListItem\",\"position\":2,\"name\":\"Samen sterker met behoud van ieders karakter\"}]},{\"@type\":\"WebSite\",\"@id\":\"https:\\\/\\\/d66.nl\\\/zevenaar\\\/#website\",\"url\":\"https:\\\/\\\/d66.nl\\\/zevenaar\\\/\",\"name\":\"D66 Zevenaar\",\"description\":\"Just another D66 Sites site\",\"publisher\":{\"@id\":\"https:\\\/\\\/d66.nl\\\/zevenaar\\\/#organization\"},\"potentialAction\":[{\"@type\":\"SearchAction\",\"target\":{\"@type\":\"EntryPoint\",\"urlTemplate\":\"https:\\\/\\\/d66.nl\\\/zevenaar\\\/?s={search_term_string}\"},\"query-input\":{\"@type\":\"PropertyValueSpecification\",\"valueRequired\":true,\"valueName\":\"search_term_string\"}}],\"inLanguage\":\"nl-NL\"},{\"@type\":\"Organization\",\"@id\":\"https:\\\/\\\/d66.nl\\\/zevenaar\\\/#organization\",\"name\":\"D66\",\"url\":\"https:\\\/\\\/d66.nl\\\/zevenaar\\\/\",\"logo\":{\"@type\":\"ImageObject\",\"inLanguage\":\"nl-NL\",\"@id\":\"https:\\\/\\\/d66.nl\\\/zevenaar\\\/#\\\/schema\\\/logo\\\/image\\\/\",\"url\":\"https:\\\/\\\/d66.nl\\\/zevenaar\\\/wp-content\\\/uploads\\\/sites\\\/2\\\/2021\\\/10\\\/d66-themas-algemeen-og.png\",\"contentUrl\":\"https:\\\/\\\/d66.nl\\\/zevenaar\\\/wp-content\\\/uploads\\\/sites\\\/2\\\/2021\\\/10\\\/d66-themas-algemeen-og.png\",\"width\":1200,\"height\":628,\"caption\":\"D66\"},\"image\":{\"@id\":\"https:\\\/\\\/d66.nl\\\/zevenaar\\\/#\\\/schema\\\/logo\\\/image\\\/\"}}]}<\/script>\n<!-- \/ Yoast SEO plugin. -->","yoast_head_json":{"title":"D66 Zevenaar &#8212; Samen sterker met behoud van ieders karakter","robots":{"index":"index","follow":"follow","max-snippet":"max-snippet:-1","max-image-preview":"max-image-preview:large","max-video-preview":"max-video-preview:-1"},"canonical":"https:\/\/d66.nl\/zevenaar\/samen-sterker-met-behoud-van-ieders-karakter\/","og_locale":"nl_NL","og_type":"article","og_title":"D66 Zevenaar &#8212; Samen sterker met behoud van ieders karakter","og_url":"https:\/\/d66.nl\/zevenaar\/samen-sterker-met-behoud-van-ieders-karakter\/","og_site_name":"D66 Zevenaar","article_modified_time":"2026-03-14T14:27:05+00:00","og_image":[{"width":2560,"height":1440,"url":"https:\/\/media.d66.nl\/uploads\/sites\/103\/2026\/01\/RemoteMediaFile_6553808_0_2022_04_17_16_06_42-2-scaled.jpg","type":"image\/jpeg"}],"twitter_card":"summary_large_image","schema":{"@context":"https:\/\/schema.org","@graph":[{"@type":"WebPage","@id":"https:\/\/d66.nl\/zevenaar\/samen-sterker-met-behoud-van-ieders-karakter\/","url":"https:\/\/d66.nl\/zevenaar\/samen-sterker-met-behoud-van-ieders-karakter\/","name":"D66 Zevenaar &#8212; Samen sterker met behoud van ieders karakter","isPartOf":{"@id":"https:\/\/d66.nl\/zevenaar\/#website"},"primaryImageOfPage":{"@id":"https:\/\/d66.nl\/zevenaar\/samen-sterker-met-behoud-van-ieders-karakter\/#primaryimage"},"image":{"@id":"https:\/\/d66.nl\/zevenaar\/samen-sterker-met-behoud-van-ieders-karakter\/#primaryimage"},"thumbnailUrl":"https:\/\/media.d66.nl\/uploads\/sites\/103\/2026\/01\/RemoteMediaFile_6553808_0_2022_04_17_16_06_42-2-scaled.jpg","datePublished":"2026-03-14T13:32:30+00:00","dateModified":"2026-03-14T14:27:05+00:00","breadcrumb":{"@id":"https:\/\/d66.nl\/zevenaar\/samen-sterker-met-behoud-van-ieders-karakter\/#breadcrumb"},"inLanguage":"nl-NL","potentialAction":[{"@type":"ReadAction","target":["https:\/\/d66.nl\/zevenaar\/samen-sterker-met-behoud-van-ieders-karakter\/"]}]},{"@type":"ImageObject","inLanguage":"nl-NL","@id":"https:\/\/d66.nl\/zevenaar\/samen-sterker-met-behoud-van-ieders-karakter\/#primaryimage","url":"https:\/\/media.d66.nl\/uploads\/sites\/103\/2026\/01\/RemoteMediaFile_6553808_0_2022_04_17_16_06_42-2-scaled.jpg","contentUrl":"https:\/\/media.d66.nl\/uploads\/sites\/103\/2026\/01\/RemoteMediaFile_6553808_0_2022_04_17_16_06_42-2-scaled.jpg","width":2560,"height":1440},{"@type":"BreadcrumbList","@id":"https:\/\/d66.nl\/zevenaar\/samen-sterker-met-behoud-van-ieders-karakter\/#breadcrumb","itemListElement":[{"@type":"ListItem","position":1,"name":"Home","item":"https:\/\/d66.nl\/zevenaar\/"},{"@type":"ListItem","position":2,"name":"Samen sterker met behoud van ieders karakter"}]},{"@type":"WebSite","@id":"https:\/\/d66.nl\/zevenaar\/#website","url":"https:\/\/d66.nl\/zevenaar\/","name":"D66 Zevenaar","description":"Just another D66 Sites site","publisher":{"@id":"https:\/\/d66.nl\/zevenaar\/#organization"},"potentialAction":[{"@type":"SearchAction","target":{"@type":"EntryPoint","urlTemplate":"https:\/\/d66.nl\/zevenaar\/?s={search_term_string}"},"query-input":{"@type":"PropertyValueSpecification","valueRequired":true,"valueName":"search_term_string"}}],"inLanguage":"nl-NL"},{"@type":"Organization","@id":"https:\/\/d66.nl\/zevenaar\/#organization","name":"D66","url":"https:\/\/d66.nl\/zevenaar\/","logo":{"@type":"ImageObject","inLanguage":"nl-NL","@id":"https:\/\/d66.nl\/zevenaar\/#\/schema\/logo\/image\/","url":"https:\/\/d66.nl\/zevenaar\/wp-content\/uploads\/sites\/2\/2021\/10\/d66-themas-algemeen-og.png","contentUrl":"https:\/\/d66.nl\/zevenaar\/wp-content\/uploads\/sites\/2\/2021\/10\/d66-themas-algemeen-og.png","width":1200,"height":628,"caption":"D66"},"image":{"@id":"https:\/\/d66.nl\/zevenaar\/#\/schema\/logo\/image\/"}}]}},"_links":{"self":[{"href":"https:\/\/d66.nl\/zevenaar\/wp-json\/wp\/v2\/pages\/1841","targetHints":{"allow":["GET"]}}],"collection":[{"href":"https:\/\/d66.nl\/zevenaar\/wp-json\/wp\/v2\/pages"}],"about":[{"href":"https:\/\/d66.nl\/zevenaar\/wp-json\/wp\/v2\/types\/page"}],"author":[{"embeddable":true,"href":"https:\/\/d66.nl\/zevenaar\/wp-json\/wp\/v2\/users\/1556"}],"replies":[{"embeddable":true,"href":"https:\/\/d66.nl\/zevenaar\/wp-json\/wp\/v2\/comments?post=1841"}],"version-history":[{"count":3,"href":"https:\/\/d66.nl\/zevenaar\/wp-json\/wp\/v2\/pages\/1841\/revisions"}],"predecessor-version":[{"id":1869,"href":"https:\/\/d66.nl\/zevenaar\/wp-json\/wp\/v2\/pages\/1841\/revisions\/1869"}],"wp:featuredmedia":[{"embeddable":true,"href":"https:\/\/d66.nl\/zevenaar\/wp-json\/wp\/v2\/media\/1556"}],"wp:attachment":[{"href":"https:\/\/d66.nl\/zevenaar\/wp-json\/wp\/v2\/media?parent=1841"}],"wp:term":[{"taxonomy":"themes-or-point-of-view","embeddable":true,"href":"https:\/\/d66.nl\/zevenaar\/wp-json\/wp\/v2\/themes-or-point-of-view?post=1841"},{"taxonomy":"labels","embeddable":true,"href":"https:\/\/d66.nl\/zevenaar\/wp-json\/wp\/v2\/labels?post=1841"},{"taxonomy":"search-tags","embeddable":true,"href":"https:\/\/d66.nl\/zevenaar\/wp-json\/wp\/v2\/search-tags?post=1841"}],"curies":[{"name":"wp","href":"https:\/\/api.w.org\/{rel}","templated":true}]}}