{"id":2378,"date":"2026-01-12T20:02:54","date_gmt":"2026-01-12T20:02:54","guid":{"rendered":"https:\/\/d66.nl\/westland\/?page_id=2378"},"modified":"2026-02-20T10:08:31","modified_gmt":"2026-02-20T10:08:31","slug":"verkiezingsprogramma","status":"publish","type":"page","link":"https:\/\/d66.nl\/westland\/verkiezingsprogramma\/","title":{"rendered":"Verkiezingsprogramma"},"content":{"rendered":"<div\n  id=\"\"\n  class=\"wrapper wrapper__spacing-top-large--160 wrapper__spacing-top-tablet--120 wrapper__spacing-top-mobile--100 wrapper__spacing-bottom-large--90  wrapper__gutter--none\"\n  data-background-color=\"yellow\">\n  \t<div class=\"wrapper__container wrapper__container-width-large--default\">\n\t  <div class=\"wrapper__inner wrapper__width-large--24 wrapper__width-mobile--24\">\n\t\t\n<section class=\"block-topic-hero block-topic-hero__posttype--manifesto js-block-topic-hero\">\n\n\t<a href=\"https:\/\/d66.nl\/westland\" class=\"back-button\">\n\t<div class=\"back-button__icon\" aria-hidden=\"true\">\n\t\t<svg xmlns='http:\/\/www.w3.org\/2000\/svg' viewBox='0 0 58.14 50.62'><path d='m32.82 50.62 25.32-25.31L32.82 0l-4.35 4.35 17.92 17.86H0v6.21h46.39L28.47 46.33l4.35 4.29z' fill='currentColor' \/><\/svg>\t<\/div>\n\t<div class=\"back-button__title back-button__title--hide-on-mobile\">\n\t\t\t<\/div>\n<\/a>\n\t<div class=\"block-topic-hero__content\">\n\t\t<h1 class=\"text text-big block-topic-hero__title\"><strong>Het kan w\u00e9l, ook in Westland<\/strong><\/h1><p class=\"text text-medium block-topic-hero__text\">In oktober 2025 hebben we een D66\u2011campagne gezien die vol hoop, optimisme en lef stond. Een campagne die laat zien waar het sociaal\u2011liberalisme voor staat en hoe het w\u00e9l kan. Die idee\u00ebn en waarden vormen de kern van ons verkiezingsprogramma voor de periode 2026-2030. Vandaar ook de titel: Het kan w\u00e9l, ook in Westland. <\/p>\t\t<div class=\"block-topic-hero__buttons-wrap\">\n\t\t\t<a href=\"https:\/\/media.d66.nl\/uploads\/sites\/168\/2026\/02\/VKP-D66-Westland-26-30.pdf\" class=\"buttonV2  buttonV2__size--default buttonV2__size-width--default buttonV2__link  block-topic-hero__buttonV2\" id=\"\" target=\"\">\n\t<div class=\"buttonV2__top-wrapper buttonV2__arrow-align--right\">\n\t\t\t\t\t<span class=\"buttonV2__title\">\n\t\t\t\tDownload ons verkiezingsprogramma 2026-2030\t\t\t<\/span>\n\t\t\n\t\t\t\t\t<div class=\"buttonV2__icon\">\n\t\t\t\t<svg xmlns='http:\/\/www.w3.org\/2000\/svg' viewBox='0 0 58.14 50.62'><path d='m32.82 50.62 25.32-25.31L32.82 0l-4.35 4.35 17.92 17.86H0v6.21h46.39L28.47 46.33l4.35 4.29z' fill='currentColor' \/><\/svg>\t\t\t<\/div>\n\t\t\t<\/div>\n\n\t<\/a><a href=\"https:\/\/d66.nl\/westland\/mensen\" class=\"buttonV2  buttonV2__size--default buttonV2__size-width--default buttonV2__link  block-topic-hero__buttonV2\" id=\"\" target=\"\">\n\t<div class=\"buttonV2__top-wrapper buttonV2__arrow-align--right\">\n\t\t\t\t\t<span class=\"buttonV2__title\">\n\t\t\t\tBekijk onze kandidaten\t\t\t<\/span>\n\t\t\n\t\t\t\t\t<div class=\"buttonV2__icon\">\n\t\t\t\t<svg xmlns='http:\/\/www.w3.org\/2000\/svg' viewBox='0 0 58.14 50.62'><path d='m32.82 50.62 25.32-25.31L32.82 0l-4.35 4.35 17.92 17.86H0v6.21h46.39L28.47 46.33l4.35 4.29z' fill='currentColor' \/><\/svg>\t\t\t<\/div>\n\t\t\t<\/div>\n\n\t<\/a>\t\t<\/div>\n\t<\/div>\n\n\t<div class=\"block-topic-hero__slider\">\n\t\t<div class=\"carousel-slider js-carousel-slider carousel-slider__for--cards block-topic-hero__carousel-slider\" data-is-slider-initialized=\"0\">\n\t<div class=\"carousel-slider__wrapper js-carousel-wrapper\">\n\t\t<div class=\"swiper\">\n\t\t\t<div class=\"swiper-wrapper\">\n\t\t\t\t\t\t\t<\/div>\n\t\t<\/div>\n\t<\/div>\n\n\t\t\t<div class=\"carousel-slider-navigation js-carousel-slider-navigation carousel-slider-navigation__offset--always\">\n\t<div class=\"carousel-slider-navigation__fraction-pagination-wrapper\">\n\t\t<span class=\"custom-swiper-pagination-current\">1<\/span> \/ <span class=\"custom-swiper-pagination-total\">X<\/span>\n\t<\/div>\n\t<div class=\"carousel-slider-navigation__pagination-wrapper\">\n\t\t<div class=\"carousel-slider-navigation__pagination js-swiper-progressbar\"><\/div>\n\t<\/div>\n\t<div class=\"carousel-slider-navigation__navigation\">\n\t\t<button class=\"carousel-slider-navigation__nav-button carousel-slider-navigation__nav-button--prev js-swiper-prev\" aria-label=\"Previous slide\"><\/button>\n\t\t<button class=\"carousel-slider-navigation__nav-button carousel-slider-navigation__nav-button--next js-swiper-next\" aria-label=\"Next slide\"><\/button>\n\t<\/div>\n<\/div>\t\n<\/div>\t<\/div>\n\n<\/section>\n\t  <\/div>\n\t<\/div>\n  <\/div>\n\n\n<div\n  id=\"\"\n  class=\"wrapper wrapper__spacing-top-large--50 wrapper__spacing-bottom-large--50 wrapper__spacing-bottom-desktop--70 wrapper__spacing-bottom-mobile--50  wrapper__gutter--none\"\n  >\n  \t<div class=\"wrapper__container wrapper__container-width-large--default\">\n\t  <div class=\"wrapper__inner wrapper__width-large--18 wrapper__width-desktop--22 wrapper__width-mobile--24 wrapper__offset-large--6 wrapper__offset-desktop--2 wrapper__offset-mobile--0\">\n\t\t<section class=\"block-post-content\">\n\t<div class=\"block-post-content__title\">\n\t\t<h3 class=\"heading  heading__color--black heading__size--medium heading__font--sans heading__weight--bold  block-post-content__heading\" id=\"nav-7714\" data-nav-heading-mobile=\"\">\n\t<\/h3>\t<\/div>\n\t<div class=\"block-post-content__content\">\n\t\t\n<div\n  id=\"\"\n  class=\"wrapper  wrapper__spacing-bottom-large--30 wrapper__spacing-bottom-desktop--20  wrapper__gutter--none\"\n  >\n  \t<div class=\"wrapper__container wrapper__container-width-large--default\">\n\t  <div class=\"wrapper__inner wrapper__width-large--24 wrapper__width-mobile--24\">\n\t\t<p\n\t\tclass=\"paragraph paragraph__align--left paragraph__color--black paragraph__size--default   block-paragraph__paragraph\"\n\t\t\t>\n\t\tOok in ons programma kijken we positief en hoopvol naar de toekomst. We letten op de lokale problemen en zoeken oplossingen. We willen de gemeenschap verbinden, want alleen samen kunnen we een veilige, sociale en gezonde omgeving cre\u00ebren. We richten ons op veranderingen die voor iedereen belangrijk zijn: voor jongeren en ouderen die een nieuwe of andere woning nodig hebben, en voor mensen die hun hele leven willen blijven leren. Zo blijven ze betrokken bij de maatschappij van nu en van morgen.<br><br>D66 presenteert een programma voor iedereen, met een positieve blik op de toekomst. Een toekomst waarin de gemeente de regisseur, ondersteuner en aanjager is.\t<\/p>\t  <\/div>\n\t<\/div>\n  <\/div>\n\n\t<\/div>\n\n\t<div class=\"block-post-content__sidebar\">\n\t\t\n\t\t\n\t\t\t<\/div>\n<\/section>\n\t  <\/div>\n\t<\/div>\n  <\/div>\n","protected":false},"excerpt":{"rendered":"","protected":false},"author":1987,"featured_media":0,"parent":0,"menu_order":0,"comment_status":"closed","ping_status":"closed","template":"full-width.php","meta":{"_acf_changed":false,"footnotes":""},"themes-or-point-of-view":[],"labels":[],"search-tags":[],"class_list":["post-2378","page","type-page","status-publish","hentry"],"acf":[],"yoast_head":"<!-- This site is optimized with the Yoast SEO plugin v27.3 - https:\/\/yoast.com\/product\/yoast-seo-wordpress\/ -->\n<title>D66 Westland &#8212; Verkiezingsprogramma<\/title>\n<meta name=\"robots\" content=\"index, follow, max-snippet:-1, max-image-preview:large, max-video-preview:-1\" \/>\n<link rel=\"canonical\" href=\"https:\/\/d66.nl\/westland\/verkiezingsprogramma\/\" \/>\n<meta property=\"og:locale\" content=\"nl_NL\" \/>\n<meta property=\"og:type\" content=\"article\" \/>\n<meta property=\"og:title\" content=\"D66 Westland &#8212; Verkiezingsprogramma\" \/>\n<meta property=\"og:url\" content=\"https:\/\/d66.nl\/westland\/verkiezingsprogramma\/\" \/>\n<meta property=\"og:site_name\" content=\"D66 Westland\" \/>\n<meta property=\"article:modified_time\" content=\"2026-02-20T10:08:31+00:00\" \/>\n<meta name=\"twitter:card\" content=\"summary_large_image\" \/>\n<script type=\"application\/ld+json\" class=\"yoast-schema-graph\">{\"@context\":\"https:\\\/\\\/schema.org\",\"@graph\":[{\"@type\":\"WebPage\",\"@id\":\"https:\\\/\\\/d66.nl\\\/westland\\\/verkiezingsprogramma\\\/\",\"url\":\"https:\\\/\\\/d66.nl\\\/westland\\\/verkiezingsprogramma\\\/\",\"name\":\"D66 Westland &#8212; Verkiezingsprogramma\",\"isPartOf\":{\"@id\":\"https:\\\/\\\/d66.nl\\\/westland\\\/#website\"},\"datePublished\":\"2026-01-12T20:02:54+00:00\",\"dateModified\":\"2026-02-20T10:08:31+00:00\",\"breadcrumb\":{\"@id\":\"https:\\\/\\\/d66.nl\\\/westland\\\/verkiezingsprogramma\\\/#breadcrumb\"},\"inLanguage\":\"nl-NL\",\"potentialAction\":[{\"@type\":\"ReadAction\",\"target\":[\"https:\\\/\\\/d66.nl\\\/westland\\\/verkiezingsprogramma\\\/\"]}]},{\"@type\":\"BreadcrumbList\",\"@id\":\"https:\\\/\\\/d66.nl\\\/westland\\\/verkiezingsprogramma\\\/#breadcrumb\",\"itemListElement\":[{\"@type\":\"ListItem\",\"position\":1,\"name\":\"Home\",\"item\":\"https:\\\/\\\/d66.nl\\\/westland\\\/\"},{\"@type\":\"ListItem\",\"position\":2,\"name\":\"Verkiezingsprogramma\"}]},{\"@type\":\"WebSite\",\"@id\":\"https:\\\/\\\/d66.nl\\\/westland\\\/#website\",\"url\":\"https:\\\/\\\/d66.nl\\\/westland\\\/\",\"name\":\"D66 Westland\",\"description\":\"Just another D66 Sites site\",\"publisher\":{\"@id\":\"https:\\\/\\\/d66.nl\\\/westland\\\/#organization\"},\"potentialAction\":[{\"@type\":\"SearchAction\",\"target\":{\"@type\":\"EntryPoint\",\"urlTemplate\":\"https:\\\/\\\/d66.nl\\\/westland\\\/?s={search_term_string}\"},\"query-input\":{\"@type\":\"PropertyValueSpecification\",\"valueRequired\":true,\"valueName\":\"search_term_string\"}}],\"inLanguage\":\"nl-NL\"},{\"@type\":\"Organization\",\"@id\":\"https:\\\/\\\/d66.nl\\\/westland\\\/#organization\",\"name\":\"D66\",\"url\":\"https:\\\/\\\/d66.nl\\\/westland\\\/\",\"logo\":{\"@type\":\"ImageObject\",\"inLanguage\":\"nl-NL\",\"@id\":\"https:\\\/\\\/d66.nl\\\/westland\\\/#\\\/schema\\\/logo\\\/image\\\/\",\"url\":\"https:\\\/\\\/d66.nl\\\/westland\\\/wp-content\\\/uploads\\\/sites\\\/2\\\/2021\\\/10\\\/d66-themas-algemeen-og.png\",\"contentUrl\":\"https:\\\/\\\/d66.nl\\\/westland\\\/wp-content\\\/uploads\\\/sites\\\/2\\\/2021\\\/10\\\/d66-themas-algemeen-og.png\",\"width\":1200,\"height\":628,\"caption\":\"D66\"},\"image\":{\"@id\":\"https:\\\/\\\/d66.nl\\\/westland\\\/#\\\/schema\\\/logo\\\/image\\\/\"}}]}<\/script>\n<!-- \/ Yoast SEO plugin. -->","yoast_head_json":{"title":"D66 Westland &#8212; Verkiezingsprogramma","robots":{"index":"index","follow":"follow","max-snippet":"max-snippet:-1","max-image-preview":"max-image-preview:large","max-video-preview":"max-video-preview:-1"},"canonical":"https:\/\/d66.nl\/westland\/verkiezingsprogramma\/","og_locale":"nl_NL","og_type":"article","og_title":"D66 Westland &#8212; Verkiezingsprogramma","og_url":"https:\/\/d66.nl\/westland\/verkiezingsprogramma\/","og_site_name":"D66 Westland","article_modified_time":"2026-02-20T10:08:31+00:00","twitter_card":"summary_large_image","schema":{"@context":"https:\/\/schema.org","@graph":[{"@type":"WebPage","@id":"https:\/\/d66.nl\/westland\/verkiezingsprogramma\/","url":"https:\/\/d66.nl\/westland\/verkiezingsprogramma\/","name":"D66 Westland &#8212; Verkiezingsprogramma","isPartOf":{"@id":"https:\/\/d66.nl\/westland\/#website"},"datePublished":"2026-01-12T20:02:54+00:00","dateModified":"2026-02-20T10:08:31+00:00","breadcrumb":{"@id":"https:\/\/d66.nl\/westland\/verkiezingsprogramma\/#breadcrumb"},"inLanguage":"nl-NL","potentialAction":[{"@type":"ReadAction","target":["https:\/\/d66.nl\/westland\/verkiezingsprogramma\/"]}]},{"@type":"BreadcrumbList","@id":"https:\/\/d66.nl\/westland\/verkiezingsprogramma\/#breadcrumb","itemListElement":[{"@type":"ListItem","position":1,"name":"Home","item":"https:\/\/d66.nl\/westland\/"},{"@type":"ListItem","position":2,"name":"Verkiezingsprogramma"}]},{"@type":"WebSite","@id":"https:\/\/d66.nl\/westland\/#website","url":"https:\/\/d66.nl\/westland\/","name":"D66 Westland","description":"Just another D66 Sites site","publisher":{"@id":"https:\/\/d66.nl\/westland\/#organization"},"potentialAction":[{"@type":"SearchAction","target":{"@type":"EntryPoint","urlTemplate":"https:\/\/d66.nl\/westland\/?s={search_term_string}"},"query-input":{"@type":"PropertyValueSpecification","valueRequired":true,"valueName":"search_term_string"}}],"inLanguage":"nl-NL"},{"@type":"Organization","@id":"https:\/\/d66.nl\/westland\/#organization","name":"D66","url":"https:\/\/d66.nl\/westland\/","logo":{"@type":"ImageObject","inLanguage":"nl-NL","@id":"https:\/\/d66.nl\/westland\/#\/schema\/logo\/image\/","url":"https:\/\/d66.nl\/westland\/wp-content\/uploads\/sites\/2\/2021\/10\/d66-themas-algemeen-og.png","contentUrl":"https:\/\/d66.nl\/westland\/wp-content\/uploads\/sites\/2\/2021\/10\/d66-themas-algemeen-og.png","width":1200,"height":628,"caption":"D66"},"image":{"@id":"https:\/\/d66.nl\/westland\/#\/schema\/logo\/image\/"}}]}},"_links":{"self":[{"href":"https:\/\/d66.nl\/westland\/wp-json\/wp\/v2\/pages\/2378","targetHints":{"allow":["GET"]}}],"collection":[{"href":"https:\/\/d66.nl\/westland\/wp-json\/wp\/v2\/pages"}],"about":[{"href":"https:\/\/d66.nl\/westland\/wp-json\/wp\/v2\/types\/page"}],"author":[{"embeddable":true,"href":"https:\/\/d66.nl\/westland\/wp-json\/wp\/v2\/users\/1987"}],"replies":[{"embeddable":true,"href":"https:\/\/d66.nl\/westland\/wp-json\/wp\/v2\/comments?post=2378"}],"version-history":[{"count":10,"href":"https:\/\/d66.nl\/westland\/wp-json\/wp\/v2\/pages\/2378\/revisions"}],"predecessor-version":[{"id":2478,"href":"https:\/\/d66.nl\/westland\/wp-json\/wp\/v2\/pages\/2378\/revisions\/2478"}],"wp:attachment":[{"href":"https:\/\/d66.nl\/westland\/wp-json\/wp\/v2\/media?parent=2378"}],"wp:term":[{"taxonomy":"themes-or-point-of-view","embeddable":true,"href":"https:\/\/d66.nl\/westland\/wp-json\/wp\/v2\/themes-or-point-of-view?post=2378"},{"taxonomy":"labels","embeddable":true,"href":"https:\/\/d66.nl\/westland\/wp-json\/wp\/v2\/labels?post=2378"},{"taxonomy":"search-tags","embeddable":true,"href":"https:\/\/d66.nl\/westland\/wp-json\/wp\/v2\/search-tags?post=2378"}],"curies":[{"name":"wp","href":"https:\/\/api.w.org\/{rel}","templated":true}]}}