{"id":218,"date":"2021-10-26T14:21:04","date_gmt":"2021-10-26T14:21:04","guid":{"rendered":"https:\/\/d66.nl\/voorschoten\/?page_id=218"},"modified":"2026-01-21T14:14:29","modified_gmt":"2026-01-21T14:14:29","slug":"verkiezingsprogramma","status":"publish","type":"page","link":"https:\/\/d66.nl\/voorschoten\/verkiezingsprogramma\/","title":{"rendered":"Verkiezingsprogramma Gemeenteraad 2026- D66 Voorschoten"},"content":{"rendered":"<div\n  id=\"\"\n  class=\"wrapper  wrapper__spacing-bottom-large--50 wrapper__spacing-bottom-desktop--66 wrapper__spacing-bottom-mobile--76  wrapper__gutter--none\"\n  >\n  \t<div class=\"wrapper__container wrapper__container-width-large--default\">\n\t  <div class=\"wrapper__inner wrapper__width-large--14 wrapper__width-desktop--20 wrapper__width-mobile--24 wrapper__offset-large--6 wrapper__offset-desktop--4 wrapper__offset-mobile--0\">\n\t\t<h1 class=\"heading   heading__size--giant heading__font--serif heading__weight--regular  block-heading__heading\" id=\"nav---br-d66-voorschoten-presenteert-verkiezingsprogramma3375\"  data-nav-heading-mobile=\"D66 Voorschoten presenteert verkiezingsprogramma\" >\n\t <br>D66 Voorschoten presenteert verkiezingsprogramma<\/h1>\t  <\/div>\n\t<\/div>\n  <\/div>\n\n\n<div\n  id=\"\"\n  class=\"wrapper  wrapper__spacing-bottom-large--50 wrapper__spacing-bottom-mobile--40  wrapper__gutter--none\"\n  >\n  \t<div class=\"wrapper__container wrapper__container-width-large--default\">\n\t  <div class=\"wrapper__inner wrapper__width-large--13 wrapper__width-desktop--22 wrapper__width-mobile--24 wrapper__offset-large--6 wrapper__offset-desktop--2 wrapper__offset-mobile--0\">\n\t\t<p\n\t\tclass=\"paragraph   paragraph__size--big   block-paragraph__paragraph\"\n\t\t\t>\n\t\t&#8220;Een krachtig dorp in een sterke regio. Het kan w\u00e9l!&#8221; : dit is het definitieve verkiezingsprogramma van D66 in Leiden. In november publiceerde D66 al haar conceptprogramma, dat afgelopen weken door de leden verder is aangescherpt.\t<\/p>\t  <\/div>\n\t<\/div>\n  <\/div>\n\n\n<div\n  id=\"\"\n  class=\"wrapper  wrapper__spacing-bottom-large--50 wrapper__spacing-bottom-mobile--40  wrapper__gutter--none\"\n  >\n  \t<div class=\"wrapper__container wrapper__container-width-large--default\">\n\t  <div class=\"wrapper__inner wrapper__width-large--13 wrapper__width-desktop--22 wrapper__width-mobile--24 wrapper__offset-large--6 wrapper__offset-desktop--2 wrapper__offset-mobile--0\">\n\t\t<p\n\t\tclass=\"paragraph   paragraph__size--default   block-paragraph__paragraph\"\n\t\t\t>\n\t\tMet het publiceren van dit verkiezingsprogramma heeft D66 als eerste partij een overkoepelend programma voor de Leidse regio. Voorschoten, Leiden, Leiderdorp, Oegstgeest en Katwijk samen in \u00e9\u00e9n brede regiovisie om de grote opgaven van deze tijd aan te pakken, m\u00e9t oog voor lokale verschillen. Het kan w\u00e9l!\t<\/p>\t  <\/div>\n\t<\/div>\n  <\/div>\n\n\n<div\n  id=\"\"\n  class=\"wrapper  wrapper__spacing-bottom-large--50 wrapper__spacing-bottom-desktop--40 wrapper__spacing-bottom-mobile--40  wrapper__gutter--none\"\n  >\n  \t<div class=\"wrapper__container wrapper__container-width-large--default\">\n\t  <div class=\"wrapper__inner wrapper__width-large--13 wrapper__width-desktop--22 wrapper__width-mobile--24 wrapper__offset-large--6 wrapper__offset-desktop--2 wrapper__offset-mobile--0\">\n\t\t<a\thref=\"https:\/\/media.d66.nl\/uploads\/sites\/157\/2026\/01\/Verkiezingsprogramma-D66-Voorschoten-Gemeenteraad-2026.pdf\"\n\tclass=\"btn btn__color--macaroni btn__size--default btn__size-width--default    block-button__btn\"\n\tid=\"\"\n\ttitle=\"Download hier het volledige programma\"\n\t\t\t\n\t\t\ttarget=\"_blank\"\n\t\n\t\n\t\n\t\n\tdata-last-site-id=\"1\"\n\t>\n\t<div class=\"btn__top-wrapper\">\n\t\t\n\t\t<span class=\"btn__title\">\n\t\t\tDownload hier het volledige programma\t\t<\/span>\n\n\t\t\t\t\t\t\t\t\t<div class=\"btn__media-icon\">\n\t\t\t\t\t<svg width='40' height='40' fill='none' xmlns='http:\/\/www.w3.org\/2000\/svg'><path d='M20.894 24.211a1 1 0 0 1-1.789 0l-2.381-4.764A1 1 0 0 1 17.618 18h4.764a1 1 0 0 1 .894 1.447l-2.382 4.764Z' fill='#000'\/><path d='M20 20v-8M16 28h8' stroke='#000' stroke-width='2' stroke-linecap='round'\/><rect x='39' y='39' width='38' height='38' rx='19' transform='rotate(180 39 39)' stroke='#000' stroke-width='2'\/><\/svg>\t\t\t\t<\/div>\n\t\t\t\t\t\t<\/div>\n\n\t<span class=\"btn__description\">\n\t\t\t<\/span>\n\n\t<span class=\"btn__spinner btn__spinner--macaroni btn__spinner--default\" aria-hidden=\"true\"><\/span>\n<\/a>\t  <\/div>\n\t<\/div>\n  <\/div>\n\n\n<div\n  id=\"\"\n  class=\"wrapper  wrapper__spacing-bottom-large--50 wrapper__spacing-bottom-mobile--40  wrapper__gutter--none\"\n  >\n  \t<div class=\"wrapper__container wrapper__container-width-large--default\">\n\t  <div class=\"wrapper__inner wrapper__width-large--13 wrapper__width-desktop--22 wrapper__width-mobile--24 wrapper__offset-large--6 wrapper__offset-desktop--2 wrapper__offset-mobile--0\">\n\t\t<p\n\t\tclass=\"paragraph   paragraph__size--default   block-paragraph__paragraph\"\n\t\t\t>\n\t\tEsther Mieremet, lijsttrekker voor D66 Voorschoten: \u201cVoorschoten nodigt ons uit om haar nog mooier te maken. En dat doen we samen. Dit programma, \u201cEen krachtig dorp in een sterke regio\u201d, is onze gezamenlijke belofte als D66 aan de inwoners van Voorschoten. Er zijn nu keuzes nodig om te investeren in goed onderwijs voor onze kinderen en in banen van de toekomst. We willen met elkaar vooruit kijken en voorop lopen. Daarom kiest D66 voor vijf doorbraken die Leiden \u00e9n de hele regio vooruit helpen. Ik nodig iedereen uit het verkiezingsprogramma te lezen en met ons hierover in gesprek te gaan.\u201d\t<\/p>\t  <\/div>\n\t<\/div>\n  <\/div>\n","protected":false},"excerpt":{"rendered":"","protected":false},"author":2040,"featured_media":0,"parent":0,"menu_order":0,"comment_status":"closed","ping_status":"closed","template":"","meta":{"_acf_changed":false,"footnotes":""},"themes-or-point-of-view":[],"labels":[],"search-tags":[],"class_list":["post-218","page","type-page","status-publish","hentry"],"acf":[],"yoast_head":"<!-- This site is optimized with the Yoast SEO plugin v27.3 - https:\/\/yoast.com\/product\/yoast-seo-wordpress\/ -->\n<title>D66 Voorschoten &#8212; Verkiezingsprogramma Gemeenteraad 2026- D66 Voorschoten<\/title>\n<meta name=\"robots\" content=\"index, follow, max-snippet:-1, max-image-preview:large, max-video-preview:-1\" \/>\n<link rel=\"canonical\" href=\"https:\/\/d66.nl\/voorschoten\/verkiezingsprogramma\/\" \/>\n<meta property=\"og:locale\" content=\"nl_NL\" \/>\n<meta property=\"og:type\" content=\"article\" \/>\n<meta property=\"og:title\" content=\"D66 Voorschoten &#8212; Verkiezingsprogramma Gemeenteraad 2026- D66 Voorschoten\" \/>\n<meta property=\"og:url\" content=\"https:\/\/d66.nl\/voorschoten\/verkiezingsprogramma\/\" \/>\n<meta property=\"og:site_name\" content=\"D66 Voorschoten\" \/>\n<meta property=\"article:modified_time\" content=\"2026-01-21T14:14:29+00:00\" \/>\n<meta name=\"twitter:card\" content=\"summary_large_image\" \/>\n<script type=\"application\/ld+json\" class=\"yoast-schema-graph\">{\"@context\":\"https:\\\/\\\/schema.org\",\"@graph\":[{\"@type\":\"WebPage\",\"@id\":\"https:\\\/\\\/d66.nl\\\/voorschoten\\\/verkiezingsprogramma\\\/\",\"url\":\"https:\\\/\\\/d66.nl\\\/voorschoten\\\/verkiezingsprogramma\\\/\",\"name\":\"D66 Voorschoten &#8212; Verkiezingsprogramma Gemeenteraad 2026- D66 Voorschoten\",\"isPartOf\":{\"@id\":\"https:\\\/\\\/d66.nl\\\/voorschoten\\\/#website\"},\"datePublished\":\"2021-10-26T14:21:04+00:00\",\"dateModified\":\"2026-01-21T14:14:29+00:00\",\"breadcrumb\":{\"@id\":\"https:\\\/\\\/d66.nl\\\/voorschoten\\\/verkiezingsprogramma\\\/#breadcrumb\"},\"inLanguage\":\"nl-NL\",\"potentialAction\":[{\"@type\":\"ReadAction\",\"target\":[\"https:\\\/\\\/d66.nl\\\/voorschoten\\\/verkiezingsprogramma\\\/\"]}]},{\"@type\":\"BreadcrumbList\",\"@id\":\"https:\\\/\\\/d66.nl\\\/voorschoten\\\/verkiezingsprogramma\\\/#breadcrumb\",\"itemListElement\":[{\"@type\":\"ListItem\",\"position\":1,\"name\":\"Home\",\"item\":\"https:\\\/\\\/d66.nl\\\/voorschoten\\\/\"},{\"@type\":\"ListItem\",\"position\":2,\"name\":\"Verkiezingsprogramma Gemeenteraad 2026- D66 Voorschoten\"}]},{\"@type\":\"WebSite\",\"@id\":\"https:\\\/\\\/d66.nl\\\/voorschoten\\\/#website\",\"url\":\"https:\\\/\\\/d66.nl\\\/voorschoten\\\/\",\"name\":\"D66 Voorschoten\",\"description\":\"Just another D66 Sites site\",\"publisher\":{\"@id\":\"https:\\\/\\\/d66.nl\\\/voorschoten\\\/#organization\"},\"potentialAction\":[{\"@type\":\"SearchAction\",\"target\":{\"@type\":\"EntryPoint\",\"urlTemplate\":\"https:\\\/\\\/d66.nl\\\/voorschoten\\\/?s={search_term_string}\"},\"query-input\":{\"@type\":\"PropertyValueSpecification\",\"valueRequired\":true,\"valueName\":\"search_term_string\"}}],\"inLanguage\":\"nl-NL\"},{\"@type\":\"Organization\",\"@id\":\"https:\\\/\\\/d66.nl\\\/voorschoten\\\/#organization\",\"name\":\"D66\",\"url\":\"https:\\\/\\\/d66.nl\\\/voorschoten\\\/\",\"logo\":{\"@type\":\"ImageObject\",\"inLanguage\":\"nl-NL\",\"@id\":\"https:\\\/\\\/d66.nl\\\/voorschoten\\\/#\\\/schema\\\/logo\\\/image\\\/\",\"url\":\"https:\\\/\\\/d66.nl\\\/voorschoten\\\/wp-content\\\/uploads\\\/sites\\\/2\\\/2021\\\/10\\\/d66-themas-algemeen-og.png\",\"contentUrl\":\"https:\\\/\\\/d66.nl\\\/voorschoten\\\/wp-content\\\/uploads\\\/sites\\\/2\\\/2021\\\/10\\\/d66-themas-algemeen-og.png\",\"width\":1200,\"height\":628,\"caption\":\"D66\"},\"image\":{\"@id\":\"https:\\\/\\\/d66.nl\\\/voorschoten\\\/#\\\/schema\\\/logo\\\/image\\\/\"}}]}<\/script>\n<!-- \/ Yoast SEO plugin. -->","yoast_head_json":{"title":"D66 Voorschoten &#8212; Verkiezingsprogramma Gemeenteraad 2026- D66 Voorschoten","robots":{"index":"index","follow":"follow","max-snippet":"max-snippet:-1","max-image-preview":"max-image-preview:large","max-video-preview":"max-video-preview:-1"},"canonical":"https:\/\/d66.nl\/voorschoten\/verkiezingsprogramma\/","og_locale":"nl_NL","og_type":"article","og_title":"D66 Voorschoten &#8212; Verkiezingsprogramma Gemeenteraad 2026- D66 Voorschoten","og_url":"https:\/\/d66.nl\/voorschoten\/verkiezingsprogramma\/","og_site_name":"D66 Voorschoten","article_modified_time":"2026-01-21T14:14:29+00:00","twitter_card":"summary_large_image","schema":{"@context":"https:\/\/schema.org","@graph":[{"@type":"WebPage","@id":"https:\/\/d66.nl\/voorschoten\/verkiezingsprogramma\/","url":"https:\/\/d66.nl\/voorschoten\/verkiezingsprogramma\/","name":"D66 Voorschoten &#8212; Verkiezingsprogramma Gemeenteraad 2026- D66 Voorschoten","isPartOf":{"@id":"https:\/\/d66.nl\/voorschoten\/#website"},"datePublished":"2021-10-26T14:21:04+00:00","dateModified":"2026-01-21T14:14:29+00:00","breadcrumb":{"@id":"https:\/\/d66.nl\/voorschoten\/verkiezingsprogramma\/#breadcrumb"},"inLanguage":"nl-NL","potentialAction":[{"@type":"ReadAction","target":["https:\/\/d66.nl\/voorschoten\/verkiezingsprogramma\/"]}]},{"@type":"BreadcrumbList","@id":"https:\/\/d66.nl\/voorschoten\/verkiezingsprogramma\/#breadcrumb","itemListElement":[{"@type":"ListItem","position":1,"name":"Home","item":"https:\/\/d66.nl\/voorschoten\/"},{"@type":"ListItem","position":2,"name":"Verkiezingsprogramma Gemeenteraad 2026- D66 Voorschoten"}]},{"@type":"WebSite","@id":"https:\/\/d66.nl\/voorschoten\/#website","url":"https:\/\/d66.nl\/voorschoten\/","name":"D66 Voorschoten","description":"Just another D66 Sites site","publisher":{"@id":"https:\/\/d66.nl\/voorschoten\/#organization"},"potentialAction":[{"@type":"SearchAction","target":{"@type":"EntryPoint","urlTemplate":"https:\/\/d66.nl\/voorschoten\/?s={search_term_string}"},"query-input":{"@type":"PropertyValueSpecification","valueRequired":true,"valueName":"search_term_string"}}],"inLanguage":"nl-NL"},{"@type":"Organization","@id":"https:\/\/d66.nl\/voorschoten\/#organization","name":"D66","url":"https:\/\/d66.nl\/voorschoten\/","logo":{"@type":"ImageObject","inLanguage":"nl-NL","@id":"https:\/\/d66.nl\/voorschoten\/#\/schema\/logo\/image\/","url":"https:\/\/d66.nl\/voorschoten\/wp-content\/uploads\/sites\/2\/2021\/10\/d66-themas-algemeen-og.png","contentUrl":"https:\/\/d66.nl\/voorschoten\/wp-content\/uploads\/sites\/2\/2021\/10\/d66-themas-algemeen-og.png","width":1200,"height":628,"caption":"D66"},"image":{"@id":"https:\/\/d66.nl\/voorschoten\/#\/schema\/logo\/image\/"}}]}},"_links":{"self":[{"href":"https:\/\/d66.nl\/voorschoten\/wp-json\/wp\/v2\/pages\/218","targetHints":{"allow":["GET"]}}],"collection":[{"href":"https:\/\/d66.nl\/voorschoten\/wp-json\/wp\/v2\/pages"}],"about":[{"href":"https:\/\/d66.nl\/voorschoten\/wp-json\/wp\/v2\/types\/page"}],"author":[{"embeddable":true,"href":"https:\/\/d66.nl\/voorschoten\/wp-json\/wp\/v2\/users\/2040"}],"replies":[{"embeddable":true,"href":"https:\/\/d66.nl\/voorschoten\/wp-json\/wp\/v2\/comments?post=218"}],"version-history":[{"count":10,"href":"https:\/\/d66.nl\/voorschoten\/wp-json\/wp\/v2\/pages\/218\/revisions"}],"predecessor-version":[{"id":971,"href":"https:\/\/d66.nl\/voorschoten\/wp-json\/wp\/v2\/pages\/218\/revisions\/971"}],"wp:attachment":[{"href":"https:\/\/d66.nl\/voorschoten\/wp-json\/wp\/v2\/media?parent=218"}],"wp:term":[{"taxonomy":"themes-or-point-of-view","embeddable":true,"href":"https:\/\/d66.nl\/voorschoten\/wp-json\/wp\/v2\/themes-or-point-of-view?post=218"},{"taxonomy":"labels","embeddable":true,"href":"https:\/\/d66.nl\/voorschoten\/wp-json\/wp\/v2\/labels?post=218"},{"taxonomy":"search-tags","embeddable":true,"href":"https:\/\/d66.nl\/voorschoten\/wp-json\/wp\/v2\/search-tags?post=218"}],"curies":[{"name":"wp","href":"https:\/\/api.w.org\/{rel}","templated":true}]}}