{"id":218,"date":"2021-10-26T14:21:04","date_gmt":"2021-10-26T14:21:04","guid":{"rendered":"https:\/\/d66.nl\/venlo\/?page_id=218"},"modified":"2026-02-23T08:30:05","modified_gmt":"2026-02-23T08:30:05","slug":"verkiezingsprogramma","status":"publish","type":"page","link":"https:\/\/d66.nl\/venlo\/verkiezingsprogramma\/","title":{"rendered":"Verkiezingsprogramma"},"content":{"rendered":"<div\n  id=\"\"\n  class=\"wrapper wrapper__spacing-top-large--160 wrapper__spacing-top-tablet--120 wrapper__spacing-top-mobile--100 wrapper__spacing-bottom-large--90  wrapper__gutter--none\"\n  data-background-color=\"yellow\">\n  \t<div class=\"wrapper__container wrapper__container-width-large--default\">\n\t  <div class=\"wrapper__inner wrapper__width-large--24 wrapper__width-mobile--24\">\n\t\t\n<section class=\"block-topic-hero block-topic-hero__posttype--manifesto js-block-topic-hero\">\n\n\t<a href=\"https:\/\/d66.nl\/venlo\" class=\"back-button\">\n\t<div class=\"back-button__icon\" aria-hidden=\"true\">\n\t\t<svg xmlns='http:\/\/www.w3.org\/2000\/svg' viewBox='0 0 58.14 50.62'><path d='m32.82 50.62 25.32-25.31L32.82 0l-4.35 4.35 17.92 17.86H0v6.21h46.39L28.47 46.33l4.35 4.29z' fill='currentColor' \/><\/svg>\t<\/div>\n\t<div class=\"back-button__title back-button__title--hide-on-mobile\">\n\t\t\t<\/div>\n<\/a>\n\t<div class=\"block-topic-hero__content\">\n\t\t<h1 class=\"text text-huge block-topic-hero__title\"><strong>Verkiezingsprogramma<\/strong><\/h1>\t\t<div class=\"block-topic-hero__buttons-wrap\">\n\t\t\t<a href=\"https:\/\/media.d66.nl\/uploads\/sites\/45\/2026\/01\/Verkiezingsprogramma-D66-Venlo-2026-2030-Het-kan-wel.pdf\" class=\"buttonV2  buttonV2__size--default buttonV2__size-width--default buttonV2__link  block-topic-hero__buttonV2\" id=\"\" target=\"\">\n\t<div class=\"buttonV2__top-wrapper buttonV2__arrow-align--right\">\n\t\t\t\t\t<span class=\"buttonV2__title\">\n\t\t\t\tDownload hier het volledige verkiezingsprogramma (PDF)\t\t\t<\/span>\n\t\t\n\t\t\t\t\t<div class=\"buttonV2__icon\">\n\t\t\t\t<svg xmlns='http:\/\/www.w3.org\/2000\/svg' viewBox='0 0 58.14 50.62'><path d='m32.82 50.62 25.32-25.31L32.82 0l-4.35 4.35 17.92 17.86H0v6.21h46.39L28.47 46.33l4.35 4.29z' fill='currentColor' \/><\/svg>\t\t\t<\/div>\n\t\t\t<\/div>\n\n\t<\/a><a href=\"https:\/\/d66.nl\/venlo\/mensen\" class=\"buttonV2  buttonV2__size--default buttonV2__size-width--default buttonV2__link  block-topic-hero__buttonV2\" id=\"\" target=\"\">\n\t<div class=\"buttonV2__top-wrapper buttonV2__arrow-align--right\">\n\t\t\t\t\t<span class=\"buttonV2__title\">\n\t\t\t\tBekijk onze kandidaten\t\t\t<\/span>\n\t\t\n\t\t\t\t\t<div class=\"buttonV2__icon\">\n\t\t\t\t<svg xmlns='http:\/\/www.w3.org\/2000\/svg' viewBox='0 0 58.14 50.62'><path d='m32.82 50.62 25.32-25.31L32.82 0l-4.35 4.35 17.92 17.86H0v6.21h46.39L28.47 46.33l4.35 4.29z' fill='currentColor' \/><\/svg>\t\t\t<\/div>\n\t\t\t<\/div>\n\n\t<\/a>\t\t<\/div>\n\t<\/div>\n\n\t<div class=\"block-topic-hero__slider\">\n\t\t<div class=\"carousel-slider js-carousel-slider carousel-slider__for--cards block-topic-hero__carousel-slider\" data-is-slider-initialized=\"0\">\n\t<div class=\"carousel-slider__wrapper js-carousel-wrapper\">\n\t\t<div class=\"swiper\">\n\t\t\t<div class=\"swiper-wrapper\">\n\t\t\t\t\t\t\t\t\t\t\t\t\t\t<div class=\"swiper-slide\">\n\t\t\t\t\t\t<article class=\"article-card article-card__color--olive\" data-gtm-event=\"click\" data-gtm-group=\"updates\" data-gtm-target=\"Een zorgende, veilige en kansrijke gemeente\">\n\t\t<a class=\"article-card__link\" href=\"https:\/\/d66.nl\/venlo\/verkiezingsprogramma\/een-zorgende-veilige-en-kansrijke-gemeente\/\" aria-label=\"Link naar artikel\">\n\t\t<header class=\"article-card__header\">\n\n\t\t\t\t\t\t\t\t\t\t\t<\/header>\n\n\t\t<div class=\"article-card__body\">\n\t\t\t\t\t\t\t<h3 class=\"heading   heading__size--large heading__font--sans heading__weight--bold\" id=\"nav-een-zorgende--veilige-en-kansrijke-gemeente3280\">\n\tEen zorgende, veilige en kansrijke gemeente<\/h3>\t\t\t\t\t\t\n\t\t\t<button class=\"buttonV2 buttonV2__color--transparent buttonV2__size--default buttonV2__size-width--default   article-card__buttonV2\" id=\"\">\n\t<div class=\"buttonV2__top-wrapper buttonV2__arrow-align--right\">\n\t\t\t\t\t<span class=\"buttonV2__title\">\n\t\t\t\tLees verder\t\t\t<\/span>\n\t\t\n\t\t\t\t\t<div class=\"buttonV2__icon\">\n\t\t\t\t<svg xmlns='http:\/\/www.w3.org\/2000\/svg' viewBox='0 0 58.14 50.62'><path d='m32.82 50.62 25.32-25.31L32.82 0l-4.35 4.35 17.92 17.86H0v6.21h46.39L28.47 46.33l4.35 4.29z' fill='currentColor' \/><\/svg>\t\t\t<\/div>\n\t\t\t<\/div>\n\n\t<\/button>\t\t<\/div>\n\t<\/a>\n<\/article>\t\t\t\t\t<\/div>\n\t\t\t\t\t\t\t\t\t\t\t\t\t\t<div class=\"swiper-slide\">\n\t\t\t\t\t\t<article class=\"article-card article-card__color--skyBlue\" data-gtm-event=\"click\" data-gtm-group=\"updates\" data-gtm-target=\"Een groene en gezonde gemeente\">\n\t\t<a class=\"article-card__link\" href=\"https:\/\/d66.nl\/venlo\/verkiezingsprogramma\/een-groene-en-gezonde-gemeente\/\" aria-label=\"Link naar artikel\">\n\t\t<header class=\"article-card__header\">\n\n\t\t\t\t\t\t\t\t\t\t\t<\/header>\n\n\t\t<div class=\"article-card__body\">\n\t\t\t\t\t\t\t<h3 class=\"heading   heading__size--large heading__font--sans heading__weight--bold\" id=\"nav-een-groene-en-gezonde-gemeente2560\">\n\tEen groene en gezonde gemeente<\/h3>\t\t\t\t\t\t\n\t\t\t<button class=\"buttonV2 buttonV2__color--transparent buttonV2__size--default buttonV2__size-width--default   article-card__buttonV2\" id=\"\">\n\t<div class=\"buttonV2__top-wrapper buttonV2__arrow-align--right\">\n\t\t\t\t\t<span class=\"buttonV2__title\">\n\t\t\t\tLees verder\t\t\t<\/span>\n\t\t\n\t\t\t\t\t<div class=\"buttonV2__icon\">\n\t\t\t\t<svg xmlns='http:\/\/www.w3.org\/2000\/svg' viewBox='0 0 58.14 50.62'><path d='m32.82 50.62 25.32-25.31L32.82 0l-4.35 4.35 17.92 17.86H0v6.21h46.39L28.47 46.33l4.35 4.29z' fill='currentColor' \/><\/svg>\t\t\t<\/div>\n\t\t\t<\/div>\n\n\t<\/button>\t\t<\/div>\n\t<\/a>\n<\/article>\t\t\t\t\t<\/div>\n\t\t\t\t\t\t\t\t\t\t\t\t\t\t<div class=\"swiper-slide\">\n\t\t\t\t\t\t<article class=\"article-card article-card__color--olive\" data-gtm-event=\"click\" data-gtm-group=\"updates\" data-gtm-target=\"Een groeiende en bruisende gemeente\">\n\t\t<a class=\"article-card__link\" href=\"https:\/\/d66.nl\/venlo\/verkiezingsprogramma\/een-groeiende-en-bruisende-gemeente\/\" aria-label=\"Link naar artikel\">\n\t\t<header class=\"article-card__header\">\n\n\t\t\t\t\t\t\t\t\t\t\t<\/header>\n\n\t\t<div class=\"article-card__body\">\n\t\t\t\t\t\t\t<h3 class=\"heading   heading__size--large heading__font--sans heading__weight--bold\" id=\"nav-een-groeiende-en-bruisende-gemeente2727\">\n\tEen groeiende en bruisende gemeente<\/h3>\t\t\t\t\t\t\n\t\t\t<button class=\"buttonV2 buttonV2__color--transparent buttonV2__size--default buttonV2__size-width--default   article-card__buttonV2\" id=\"\">\n\t<div class=\"buttonV2__top-wrapper buttonV2__arrow-align--right\">\n\t\t\t\t\t<span class=\"buttonV2__title\">\n\t\t\t\tLees verder\t\t\t<\/span>\n\t\t\n\t\t\t\t\t<div class=\"buttonV2__icon\">\n\t\t\t\t<svg xmlns='http:\/\/www.w3.org\/2000\/svg' viewBox='0 0 58.14 50.62'><path d='m32.82 50.62 25.32-25.31L32.82 0l-4.35 4.35 17.92 17.86H0v6.21h46.39L28.47 46.33l4.35 4.29z' fill='currentColor' \/><\/svg>\t\t\t<\/div>\n\t\t\t<\/div>\n\n\t<\/button>\t\t<\/div>\n\t<\/a>\n<\/article>\t\t\t\t\t<\/div>\n\t\t\t\t\t\t\t\t\t\t\t\t\t\t<div class=\"swiper-slide\">\n\t\t\t\t\t\t<article class=\"article-card article-card__color--yellow\" data-gtm-event=\"click\" data-gtm-group=\"updates\" data-gtm-target=\"Een democratische gemeente met een solide bestuur\">\n\t\t<a class=\"article-card__link\" href=\"https:\/\/d66.nl\/venlo\/verkiezingsprogramma\/1-een-bruisende-gemeente\/\" aria-label=\"Link naar artikel\">\n\t\t<header class=\"article-card__header\">\n\n\t\t\t\t\t\t\t\t\t\t\t<\/header>\n\n\t\t<div class=\"article-card__body\">\n\t\t\t\t\t\t\t<h3 class=\"heading   heading__size--large heading__font--sans heading__weight--bold\" id=\"nav-een-democratische-gemeente-met-een-solide-bestuur9137\">\n\tEen democratische gemeente met een solide bestuur<\/h3>\t\t\t\t\t\t\n\t\t\t<button class=\"buttonV2 buttonV2__color--transparent buttonV2__size--default buttonV2__size-width--default   article-card__buttonV2\" id=\"\">\n\t<div class=\"buttonV2__top-wrapper buttonV2__arrow-align--right\">\n\t\t\t\t\t<span class=\"buttonV2__title\">\n\t\t\t\tLees verder\t\t\t<\/span>\n\t\t\n\t\t\t\t\t<div class=\"buttonV2__icon\">\n\t\t\t\t<svg xmlns='http:\/\/www.w3.org\/2000\/svg' viewBox='0 0 58.14 50.62'><path d='m32.82 50.62 25.32-25.31L32.82 0l-4.35 4.35 17.92 17.86H0v6.21h46.39L28.47 46.33l4.35 4.29z' fill='currentColor' \/><\/svg>\t\t\t<\/div>\n\t\t\t<\/div>\n\n\t<\/button>\t\t<\/div>\n\t<\/a>\n<\/article>\t\t\t\t\t<\/div>\n\t\t\t\t\t\t\t<\/div>\n\t\t<\/div>\n\t<\/div>\n\n\t\t\t<div class=\"carousel-slider-navigation js-carousel-slider-navigation carousel-slider-navigation__offset--always\">\n\t<div class=\"carousel-slider-navigation__fraction-pagination-wrapper\">\n\t\t<span class=\"custom-swiper-pagination-current\">1<\/span> \/ <span class=\"custom-swiper-pagination-total\">X<\/span>\n\t<\/div>\n\t<div class=\"carousel-slider-navigation__pagination-wrapper\">\n\t\t<div class=\"carousel-slider-navigation__pagination js-swiper-progressbar\"><\/div>\n\t<\/div>\n\t<div class=\"carousel-slider-navigation__navigation\">\n\t\t<button class=\"carousel-slider-navigation__nav-button carousel-slider-navigation__nav-button--prev js-swiper-prev\" aria-label=\"Previous slide\"><\/button>\n\t\t<button class=\"carousel-slider-navigation__nav-button carousel-slider-navigation__nav-button--next js-swiper-next\" aria-label=\"Next slide\"><\/button>\n\t<\/div>\n<\/div>\t\n<\/div>\t<\/div>\n\n<\/section>\n\t  <\/div>\n\t<\/div>\n  <\/div>\n\n\n<div\n  id=\"\"\n  class=\"wrapper wrapper__spacing-top-large--50 wrapper__spacing-bottom-large--50 wrapper__spacing-bottom-desktop--70 wrapper__spacing-bottom-mobile--50  wrapper__gutter--none\"\n  >\n  \t<div class=\"wrapper__container wrapper__container-width-large--default\">\n\t  <div class=\"wrapper__inner wrapper__width-large--18 wrapper__width-desktop--22 wrapper__width-mobile--24 wrapper__offset-large--6 wrapper__offset-desktop--2 wrapper__offset-mobile--0\">\n\t\t<section class=\"block-post-content\">\n\t<div class=\"block-post-content__title\">\n\t\t<h3 class=\"heading  heading__color--black heading__size--medium heading__font--sans heading__weight--bold  block-post-content__heading\" id=\"nav-voorwoord-door-de-lijsttrekker-remy-maessen-3249\" data-nav-heading-mobile=\"Voorwoord door de lijsttrekker Remy Maessen\">\n\tVoorwoord door de lijsttrekker Remy Maessen <\/h3>\t<\/div>\n\t<div class=\"block-post-content__content\">\n\t\t\n<div\n  id=\"\"\n  class=\"wrapper  wrapper__spacing-bottom-large--30 wrapper__spacing-bottom-desktop--20  wrapper__gutter--none\"\n  >\n  \t<div class=\"wrapper__container wrapper__container-width-large--default\">\n\t  <div class=\"wrapper__inner wrapper__width-large--24 wrapper__width-mobile--24\">\n\t\t<p\n\t\tclass=\"paragraph paragraph__align--left paragraph__color--black paragraph__size--default   block-paragraph__paragraph\"\n\t\t\t>\n\t\tVenlo wil vooruit.<br>Maar te vaak voelt het alsof we worden afgeremd.<br><br>Goede idee\u00ebn blijven hangen. Plannen verzanden in procedures. Ambitie botst op terughoudendheid. Dat schuurt. Want onze stad, onze dorpen en onze mensen barsten van het potentieel.<br><br>Dit programma is geschreven vanuit \u00e9\u00e9n duidelijke overtuiging: <strong>wij nemen geen genoegen met stilstand<\/strong>.<br><br>Venlo heeft alles in huis om te succesvol te zijn.<br>De ligging. De mensen. Het ondernemerschap. De energie.<br><br>Maar kansen benutten zich niet vanzelf. Daarvoor is lef nodig. En regie.<br><br>Daarom kiest D66 Venlo vol overtuiging voor groei. Niet als doel op zich, maar als motor voor kansen. Groei betekent meer woningen, meer banen, sterkere voorzieningen en meer ruimte voor talent. Groei maakt investeren mogelijk. Groei maakt ambitie waar.<br><br>D66 Venlo durft die keuze te maken.<br>Omdat we weten: <strong>het kan w\u00e9l<\/strong>.<br><br>Wij wachten niet af.<br>Wij laten kansen niet voorbijgaan.<br>Wij pakken de regie.<br><br>Venlo ligt op een unieke plek, midden tussen <strong>Nijmegen, Eindhoven en D\u00fcsseldorf<\/strong>. Wij willen Venlo laten uitgroeien tot een stad die bruist van talent en borrelt van ambitie. Een stad die jongeren aantrekt, ondernemers ruimte geeft en professionals verleidt om hier te wonen, te werken en te blijven.<br><br>Dit programma kiest daarom voluit voor bouwen, voor ondernemen en voor ruimte geven aan initiatief. Minder blokkades, meer tempo. Minder afwachten, meer d\u00f3en. Een gemeente die niet uitlegt waarom iets niet kan, maar die elke dag laat zien: <strong>het kan w\u00e9l<\/strong>.<br><br>Tegelijk blijven we trouw aan wat onze gemeente \u00e9cht sterk maakt: mensen.<br>Een stad groeit pas echt als <strong>ieder talent de ruimte krijgt<\/strong>. Op school, op het werk en in het leven. Als kinderen kunnen leren en dromen, ongeacht waar ze opgroeien. Als jongeren perspectief zien. En als niemand het gevoel heeft dat besluiten over hen worden genomen zonder hen.<br><br>Daarom bouwen we aan een Venlo dat vooruitgaat <strong>m\u00e9t mensen,<\/strong> niet langs hen heen. Waar ruimte is voor initiatief, voor meedenken en voor betrokkenheid. Geen logge inspraakcircussen, maar echte invloed waar het ertoe doet.<br><br>Dit programma is het resultaat van scherp debat, overtuiging en samenwerking. Ik wil daarom met trots de mensen bedanken die hieraan hebben gebouwd:<br><br><strong>Marc Vervuurt, Monique Billekens, Stef van der Velden, Puck G\u00f6bbels, Machteld Beukema, Anne Bezuijen, Bart Verheijen, Mitch van der Stegen, Jan Hermkes, Karin K\u00f6rber en  Melanie van Norden<\/strong>. <br><br>Jullie inzet, idee\u00ebn en ambitie maken dit programma tot wat het is: vooruit, energiek en onmiskenbaar Venloos.<br><br>Wat hier ligt is geen voorzichtig compromis, maar een duidelijke koers.<br>Een programma dat zegt: de toekomst? <strong>Kom maar op!<\/strong><br><br>Venlo kan groeien.<br>Venlo m\u00e1g groeien.<br>En Venlo g\u00e1\u00e1t groeien.<br><br>Want als we durven kiezen, durven doen en durven vertrouwen, dan geldt maar \u00e9\u00e9n conclusie:<br><br><strong>Het kan w\u00e9l.<\/strong><br><br><strong>Remy Maessen<\/strong><br>Fractievoorzitter D66 Venlo<br><br><br>Inhoud<br>1 Een democratische gemeente met een solide bestuur <br>1.1 Financi\u00ebn <br>1.2 Dienstverlening en bedrijfsvoering <br>1.3 Democratie <br>1.4 Privacy <br>1.5 Grensoverstijgende samenwerking <br><br>2 Een groeiende en bruisende gemeente <br>2.1 Schaalsprong en stedelijke ontwikkeling <br>2.2 Wonen <br>2.3 Economie <br>2.4 Cultuur, erfgoed en evenementen <br>2.5 Mobiliteit <br><br>3 Een groene en gezonde gemeente <br>3.1 Duurzaamheid <br>3.2 Openbare ruimte <br>3.3 Gezondheid <br>3.4 Sport <br><br>4 Een zorgende, veilige en kansrijke gemeente <br>4.1 Onderwijs en jeugd <br>4.2 Zorg en welzijn en maatschappelijke opvang <br>4.3 Veiligheid <br><br>\t<\/p>\t  <\/div>\n\t<\/div>\n  <\/div>\n\n\t<\/div>\n\n\t<div class=\"block-post-content__sidebar\">\n\t\t\n\t\t\n\t\t\t<\/div>\n<\/section>\n\t  <\/div>\n\t<\/div>\n  <\/div>\n","protected":false},"excerpt":{"rendered":"","protected":false},"author":6,"featured_media":985,"parent":0,"menu_order":0,"comment_status":"closed","ping_status":"closed","template":"full-width.php","meta":{"_acf_changed":false,"footnotes":""},"search-tags":[],"labels":[],"themes-or-point-of-view":[],"class_list":["post-218","page","type-page","status-publish","has-post-thumbnail","hentry"],"acf":[],"yoast_head":"<!-- This site is optimized with the Yoast SEO plugin v27.3 - https:\/\/yoast.com\/product\/yoast-seo-wordpress\/ -->\n<title>D66 Venlo &#8212; Verkiezingsprogramma<\/title>\n<meta name=\"robots\" content=\"index, follow, max-snippet:-1, max-image-preview:large, max-video-preview:-1\" \/>\n<link rel=\"canonical\" href=\"https:\/\/d66.nl\/venlo\/verkiezingsprogramma\/\" \/>\n<meta property=\"og:locale\" content=\"nl_NL\" \/>\n<meta property=\"og:type\" content=\"article\" \/>\n<meta property=\"og:title\" content=\"D66 Venlo &#8212; Verkiezingsprogramma\" \/>\n<meta property=\"og:url\" content=\"https:\/\/d66.nl\/venlo\/verkiezingsprogramma\/\" \/>\n<meta property=\"og:site_name\" content=\"D66 Venlo\" \/>\n<meta property=\"article:modified_time\" content=\"2026-02-23T08:30:05+00:00\" \/>\n<meta property=\"og:image\" content=\"https:\/\/media.d66.nl\/uploads\/sites\/45\/2026\/02\/IMG_3194-2.jpg\" \/>\n\t<meta property=\"og:image:width\" content=\"2048\" \/>\n\t<meta property=\"og:image:height\" content=\"1536\" \/>\n\t<meta property=\"og:image:type\" content=\"image\/jpeg\" \/>\n<meta name=\"twitter:card\" content=\"summary_large_image\" \/>\n<meta name=\"twitter:label1\" content=\"Geschatte leestijd\" \/>\n\t<meta name=\"twitter:data1\" content=\"1 minuut\" \/>\n<script type=\"application\/ld+json\" class=\"yoast-schema-graph\">{\"@context\":\"https:\\\/\\\/schema.org\",\"@graph\":[{\"@type\":\"WebPage\",\"@id\":\"https:\\\/\\\/d66.nl\\\/venlo\\\/verkiezingsprogramma\\\/\",\"url\":\"https:\\\/\\\/d66.nl\\\/venlo\\\/verkiezingsprogramma\\\/\",\"name\":\"D66 Venlo &#8212; Verkiezingsprogramma\",\"isPartOf\":{\"@id\":\"https:\\\/\\\/d66.nl\\\/venlo\\\/#website\"},\"primaryImageOfPage\":{\"@id\":\"https:\\\/\\\/d66.nl\\\/venlo\\\/verkiezingsprogramma\\\/#primaryimage\"},\"image\":{\"@id\":\"https:\\\/\\\/d66.nl\\\/venlo\\\/verkiezingsprogramma\\\/#primaryimage\"},\"thumbnailUrl\":\"https:\\\/\\\/media.d66.nl\\\/uploads\\\/sites\\\/45\\\/2026\\\/02\\\/IMG_3194-2.jpg\",\"datePublished\":\"2021-10-26T14:21:04+00:00\",\"dateModified\":\"2026-02-23T08:30:05+00:00\",\"breadcrumb\":{\"@id\":\"https:\\\/\\\/d66.nl\\\/venlo\\\/verkiezingsprogramma\\\/#breadcrumb\"},\"inLanguage\":\"nl-NL\",\"potentialAction\":[{\"@type\":\"ReadAction\",\"target\":[\"https:\\\/\\\/d66.nl\\\/venlo\\\/verkiezingsprogramma\\\/\"]}]},{\"@type\":\"ImageObject\",\"inLanguage\":\"nl-NL\",\"@id\":\"https:\\\/\\\/d66.nl\\\/venlo\\\/verkiezingsprogramma\\\/#primaryimage\",\"url\":\"https:\\\/\\\/media.d66.nl\\\/uploads\\\/sites\\\/45\\\/2026\\\/02\\\/IMG_3194-2.jpg\",\"contentUrl\":\"https:\\\/\\\/media.d66.nl\\\/uploads\\\/sites\\\/45\\\/2026\\\/02\\\/IMG_3194-2.jpg\",\"width\":2048,\"height\":1536},{\"@type\":\"BreadcrumbList\",\"@id\":\"https:\\\/\\\/d66.nl\\\/venlo\\\/verkiezingsprogramma\\\/#breadcrumb\",\"itemListElement\":[{\"@type\":\"ListItem\",\"position\":1,\"name\":\"Home\",\"item\":\"https:\\\/\\\/d66.nl\\\/venlo\\\/\"},{\"@type\":\"ListItem\",\"position\":2,\"name\":\"Verkiezingsprogramma\"}]},{\"@type\":\"WebSite\",\"@id\":\"https:\\\/\\\/d66.nl\\\/venlo\\\/#website\",\"url\":\"https:\\\/\\\/d66.nl\\\/venlo\\\/\",\"name\":\"D66 Venlo\",\"description\":\"Just another D66 Sites site\",\"publisher\":{\"@id\":\"https:\\\/\\\/d66.nl\\\/venlo\\\/#organization\"},\"potentialAction\":[{\"@type\":\"SearchAction\",\"target\":{\"@type\":\"EntryPoint\",\"urlTemplate\":\"https:\\\/\\\/d66.nl\\\/venlo\\\/?s={search_term_string}\"},\"query-input\":{\"@type\":\"PropertyValueSpecification\",\"valueRequired\":true,\"valueName\":\"search_term_string\"}}],\"inLanguage\":\"nl-NL\"},{\"@type\":\"Organization\",\"@id\":\"https:\\\/\\\/d66.nl\\\/venlo\\\/#organization\",\"name\":\"D66\",\"url\":\"https:\\\/\\\/d66.nl\\\/venlo\\\/\",\"logo\":{\"@type\":\"ImageObject\",\"inLanguage\":\"nl-NL\",\"@id\":\"https:\\\/\\\/d66.nl\\\/venlo\\\/#\\\/schema\\\/logo\\\/image\\\/\",\"url\":\"https:\\\/\\\/d66.nl\\\/venlo\\\/wp-content\\\/uploads\\\/sites\\\/2\\\/2021\\\/10\\\/d66-themas-algemeen-og.png\",\"contentUrl\":\"https:\\\/\\\/d66.nl\\\/venlo\\\/wp-content\\\/uploads\\\/sites\\\/2\\\/2021\\\/10\\\/d66-themas-algemeen-og.png\",\"width\":1200,\"height\":628,\"caption\":\"D66\"},\"image\":{\"@id\":\"https:\\\/\\\/d66.nl\\\/venlo\\\/#\\\/schema\\\/logo\\\/image\\\/\"}}]}<\/script>\n<!-- \/ Yoast SEO plugin. -->","yoast_head_json":{"title":"D66 Venlo &#8212; Verkiezingsprogramma","robots":{"index":"index","follow":"follow","max-snippet":"max-snippet:-1","max-image-preview":"max-image-preview:large","max-video-preview":"max-video-preview:-1"},"canonical":"https:\/\/d66.nl\/venlo\/verkiezingsprogramma\/","og_locale":"nl_NL","og_type":"article","og_title":"D66 Venlo &#8212; Verkiezingsprogramma","og_url":"https:\/\/d66.nl\/venlo\/verkiezingsprogramma\/","og_site_name":"D66 Venlo","article_modified_time":"2026-02-23T08:30:05+00:00","og_image":[{"width":2048,"height":1536,"url":"https:\/\/media.d66.nl\/uploads\/sites\/45\/2026\/02\/IMG_3194-2.jpg","type":"image\/jpeg"}],"twitter_card":"summary_large_image","twitter_misc":{"Geschatte leestijd":"1 minuut"},"schema":{"@context":"https:\/\/schema.org","@graph":[{"@type":"WebPage","@id":"https:\/\/d66.nl\/venlo\/verkiezingsprogramma\/","url":"https:\/\/d66.nl\/venlo\/verkiezingsprogramma\/","name":"D66 Venlo &#8212; Verkiezingsprogramma","isPartOf":{"@id":"https:\/\/d66.nl\/venlo\/#website"},"primaryImageOfPage":{"@id":"https:\/\/d66.nl\/venlo\/verkiezingsprogramma\/#primaryimage"},"image":{"@id":"https:\/\/d66.nl\/venlo\/verkiezingsprogramma\/#primaryimage"},"thumbnailUrl":"https:\/\/media.d66.nl\/uploads\/sites\/45\/2026\/02\/IMG_3194-2.jpg","datePublished":"2021-10-26T14:21:04+00:00","dateModified":"2026-02-23T08:30:05+00:00","breadcrumb":{"@id":"https:\/\/d66.nl\/venlo\/verkiezingsprogramma\/#breadcrumb"},"inLanguage":"nl-NL","potentialAction":[{"@type":"ReadAction","target":["https:\/\/d66.nl\/venlo\/verkiezingsprogramma\/"]}]},{"@type":"ImageObject","inLanguage":"nl-NL","@id":"https:\/\/d66.nl\/venlo\/verkiezingsprogramma\/#primaryimage","url":"https:\/\/media.d66.nl\/uploads\/sites\/45\/2026\/02\/IMG_3194-2.jpg","contentUrl":"https:\/\/media.d66.nl\/uploads\/sites\/45\/2026\/02\/IMG_3194-2.jpg","width":2048,"height":1536},{"@type":"BreadcrumbList","@id":"https:\/\/d66.nl\/venlo\/verkiezingsprogramma\/#breadcrumb","itemListElement":[{"@type":"ListItem","position":1,"name":"Home","item":"https:\/\/d66.nl\/venlo\/"},{"@type":"ListItem","position":2,"name":"Verkiezingsprogramma"}]},{"@type":"WebSite","@id":"https:\/\/d66.nl\/venlo\/#website","url":"https:\/\/d66.nl\/venlo\/","name":"D66 Venlo","description":"Just another D66 Sites site","publisher":{"@id":"https:\/\/d66.nl\/venlo\/#organization"},"potentialAction":[{"@type":"SearchAction","target":{"@type":"EntryPoint","urlTemplate":"https:\/\/d66.nl\/venlo\/?s={search_term_string}"},"query-input":{"@type":"PropertyValueSpecification","valueRequired":true,"valueName":"search_term_string"}}],"inLanguage":"nl-NL"},{"@type":"Organization","@id":"https:\/\/d66.nl\/venlo\/#organization","name":"D66","url":"https:\/\/d66.nl\/venlo\/","logo":{"@type":"ImageObject","inLanguage":"nl-NL","@id":"https:\/\/d66.nl\/venlo\/#\/schema\/logo\/image\/","url":"https:\/\/d66.nl\/venlo\/wp-content\/uploads\/sites\/2\/2021\/10\/d66-themas-algemeen-og.png","contentUrl":"https:\/\/d66.nl\/venlo\/wp-content\/uploads\/sites\/2\/2021\/10\/d66-themas-algemeen-og.png","width":1200,"height":628,"caption":"D66"},"image":{"@id":"https:\/\/d66.nl\/venlo\/#\/schema\/logo\/image\/"}}]}},"_links":{"self":[{"href":"https:\/\/d66.nl\/venlo\/wp-json\/wp\/v2\/pages\/218","targetHints":{"allow":["GET"]}}],"collection":[{"href":"https:\/\/d66.nl\/venlo\/wp-json\/wp\/v2\/pages"}],"about":[{"href":"https:\/\/d66.nl\/venlo\/wp-json\/wp\/v2\/types\/page"}],"author":[{"embeddable":true,"href":"https:\/\/d66.nl\/venlo\/wp-json\/wp\/v2\/users\/6"}],"replies":[{"embeddable":true,"href":"https:\/\/d66.nl\/venlo\/wp-json\/wp\/v2\/comments?post=218"}],"version-history":[{"count":10,"href":"https:\/\/d66.nl\/venlo\/wp-json\/wp\/v2\/pages\/218\/revisions"}],"predecessor-version":[{"id":989,"href":"https:\/\/d66.nl\/venlo\/wp-json\/wp\/v2\/pages\/218\/revisions\/989"}],"wp:featuredmedia":[{"embeddable":true,"href":"https:\/\/d66.nl\/venlo\/wp-json\/wp\/v2\/media\/985"}],"wp:attachment":[{"href":"https:\/\/d66.nl\/venlo\/wp-json\/wp\/v2\/media?parent=218"}],"wp:term":[{"taxonomy":"search-tags","embeddable":true,"href":"https:\/\/d66.nl\/venlo\/wp-json\/wp\/v2\/search-tags?post=218"},{"taxonomy":"labels","embeddable":true,"href":"https:\/\/d66.nl\/venlo\/wp-json\/wp\/v2\/labels?post=218"},{"taxonomy":"themes-or-point-of-view","embeddable":true,"href":"https:\/\/d66.nl\/venlo\/wp-json\/wp\/v2\/themes-or-point-of-view?post=218"}],"curies":[{"name":"wp","href":"https:\/\/api.w.org\/{rel}","templated":true}]}}