{"id":24820,"date":"2022-07-04T17:27:22","date_gmt":"2022-07-04T15:27:22","guid":{"rendered":"https:\/\/d66.nl\/vanmierlostichting\/?page_id=24820"},"modified":"2022-07-05T13:37:55","modified_gmt":"2022-07-05T11:37:55","slug":"woord-vooraf-europese-veerkracht-door-afke-groen","status":"publish","type":"page","link":"https:\/\/d66.nl\/vanmierlostichting\/woord-vooraf-europese-veerkracht-door-afke-groen\/","title":{"rendered":"Woord vooraf: Europese veerkracht door Afke Groen"},"content":{"rendered":"<div\n  id=\"\"\n  class=\"wrapper  wrapper__spacing-bottom-large--50 wrapper__spacing-bottom-desktop--66 wrapper__spacing-bottom-mobile--76  wrapper__gutter--none\"\n  >\n  \t<div class=\"wrapper__container wrapper__container-width-large--default\">\n\t  <div class=\"wrapper__inner wrapper__width-large--14 wrapper__width-desktop--20 wrapper__width-mobile--24 wrapper__offset-large--6 wrapper__offset-desktop--4 wrapper__offset-mobile--0\">\n\t\t<h1 class=\"heading   heading__size--giant heading__font--serif heading__weight--regular  block-heading__heading\" id=\"nav-woord-vooraf--br-europese-veerkracht7680\"  data-nav-heading-mobile=\"Woord vooraf:Europese veerkracht\" >\n\tWoord vooraf:<br>Europese veerkracht<\/h1>\t  <\/div>\n\t<\/div>\n  <\/div>\n\n\n<div\n  id=\"\"\n  class=\"wrapper  wrapper__spacing-bottom-large--50 wrapper__spacing-bottom-mobile--40  wrapper__gutter--none\"\n  >\n  \t<div class=\"wrapper__container wrapper__container-width-large--default\">\n\t  <div class=\"wrapper__inner wrapper__width-large--13 wrapper__width-desktop--22 wrapper__width-mobile--24 wrapper__offset-large--6 wrapper__offset-desktop--2 wrapper__offset-mobile--0\">\n\t\t<p\n\t\tclass=\"paragraph   paragraph__size--big   block-paragraph__paragraph\"\n\t\t\t>\n\t\tDoor Afke Groen\t<\/p>\t  <\/div>\n\t<\/div>\n  <\/div>\n\n\n<div\n  id=\"\"\n  class=\"wrapper  wrapper__spacing-bottom-large--50 wrapper__spacing-bottom-desktop--70 wrapper__spacing-bottom-mobile--50  wrapper__gutter--none\"\n  >\n  \t<div class=\"wrapper__container wrapper__container-width-large--default\">\n\t  <div class=\"wrapper__inner wrapper__width-large--18 wrapper__width-desktop--22 wrapper__width-mobile--24 wrapper__offset-large--6 wrapper__offset-desktop--2 wrapper__offset-mobile--0\">\n\t\t<section class=\"block-post-content\">\n\t<div class=\"block-post-content__title\">\n\t\t<h3 class=\"heading  heading__color--black heading__size--medium heading__font--sans heading__weight--bold  block-post-content__heading\" id=\"nav-1841\" data-nav-heading-mobile=\"\">\n\t<\/h3>\t<\/div>\n\t<div class=\"block-post-content__content\">\n\t\t\n<div\n  id=\"\"\n  class=\"wrapper  wrapper__spacing-bottom-large--30 wrapper__spacing-bottom-desktop--20  wrapper__gutter--none\"\n  >\n  \t<div class=\"wrapper__container wrapper__container-width-large--default\">\n\t  <div class=\"wrapper__inner wrapper__width-large--24 wrapper__width-mobile--24\">\n\t\t<p\n\t\tclass=\"paragraph paragraph__align--left paragraph__color--black paragraph__size--default   block-paragraph__paragraph\"\n\t\t\t>\n\t\t<strong>Het \u20181938-moment\u2019 van onze generatie.<\/strong><br>Een gevecht tussen democratie en autocratie, zoals een andere generatie dat meemaakte vlak voor het uitbreken van de Tweede Wereldoorlog. Zo noemde de Litouwse premier Ingrida \u0160imonyt\u0117 tijdens een democratie- conferentie in Kopenhagen de brute Russische militaire invasie van Oekra\u00efne. Voor sommigen komt het misschien overdreven over, maar voor velen \u2013 zeker in de Baltische Staten \u2013 drukte zij een heel re\u00eble angst uit. De democratische wereld wordt op de proef gesteld, stelde \u0160imonyt\u0117, en dat vraagt \u2018<em>resilience<\/em>\u2019 van Europa: veerkracht.<br><br>Hoe ziet Europese veerkracht eruit? De oorlog vraagt allereerst van de Europese Unie om haar geopolitieke overtuigingen te herzien en om haar verdediging te versterken. Maar de opdracht is groter. De Europese Unie moet haar rolopvatting in de wereld \u00e9n tegenover de eigen burgers opnieuw onder de loep nemen. Oog in oog met deze oorlog \u2013 niet de enige crisis van dit moment, noch van de afgelopen jaren \u2013 wordt de laksheid van de Europese Unie duidelijk. Als we historicus Hubert Smeets in deze editie van <em>Idee <\/em>vragen waarom Europa zich zo heeft laten overrompelen door de oorlog, stelt hij dat de Europese Unie haar missie sinds de val van de Muur te veel als \u2018technisch, economisch\u2019 heeft beschouwd \u2013 als een \u2018project van tariefafspraken en harmonisatie\u2019. Ook naar Rusland keek de Europese Unie alleen door een economische bril, waardoor ze \u2018slechts een gemeenschappelijke markt\u2019 zag. Het resultaat? Een \u2018ideologische blinde vlek\u2019. Want die rationele, economische kijk houdt in een door en door politieke wereld geen stand.<br><br>Met welke blik moet de Europese Unie dan kijken? Verschillende auteurs doen een voorzet. Marijn Hoijtink en Hanna Muehlenhoff pleiten voor een Unie die internationaal recht doet aan haar mensgerichte identiteit. Die \u2018civiele\u2019 Unie zet voor de langere termijn in op \u2018ontwapening, conflictpreventie en diplomatieke betrekkingen\u2019. Giselle Bosse wijst erop dat de Unie slechts stabiliteit in haar oostelijke regio kan bevorderen als ze haar technocratische benadering inwisselt voor een focus op geopolitieke machtsverhoudingen. Anna Herranz-Surrall\u00e9s en Jeroen Candel wijzen op de noodzaak van internationale samenwerking waar het aankomt op respectievelijk de energietransitie en voedselzekerheid. \u2018Het motto \u2018niemand achterlaten\u2019 moet ook extern worden toegepast.\u2019 Dat vergt investeringen in de landbouw en groene technologie\u00ebn in het mondiale Zuiden.<br><br>Tot slot, Europese veerkracht kan slechts bestaan als de Unie de smeulende resten van vorige crises het hoofd biedt. Onderlinge solidariteit staat steeds verder onder druk. De impact van de oorlog is ongelijk verdeeld en de economische gevolgen van de sancties en stijgende energieprijzen raken sommige lidstaten harder dan andere. Het herinnert aan de ongelijke impact van de pandemie en de Eurocrisis. Toen toonde de Nederlandse regering \u2013 op z\u2019n zachtst gezegd \u2013 weinig empathie voor de hardst getroffen lidstaten, waaronder Griekenland en Itali\u00eb. De waarschuwing van historicus Kiran Klaus Patel in deze <em>Idee <\/em>lijkt dan ook in het bijzonder gericht aan Nederland. Ten eerste noemt hij het gebrek aan historisch besef in de Europese politiek soms ronduit bedreigend.<br>\u2018Ik denk dat we van de geschiedenis kunnen leren. Welke fouten kunnen we vermijden?\u2019 Ten tweede observeert hij dat beleidsmakers te veel aan navelstaren doen op de eigen instituties en besluitvorming. Daarbij veronachtzamen ze waar het uiteindelijk om moet gaan: wat betekent Europees beleid voor mensen?\t<\/p>\t  <\/div>\n\t<\/div>\n  <\/div>\n\n\t<\/div>\n\n\t<div class=\"block-post-content__sidebar\">\n\t\t\n\t\t\n\t\t\t<\/div>\n<\/section>\n\t  <\/div>\n\t<\/div>\n  <\/div>\n","protected":false},"excerpt":{"rendered":"","protected":false},"author":33,"featured_media":24813,"parent":0,"menu_order":0,"comment_status":"closed","ping_status":"closed","template":"","meta":{"_acf_changed":false,"footnotes":""},"search-tags":[],"labels":[],"themes-or-point-of-view":[],"class_list":["post-24820","page","type-page","status-publish","has-post-thumbnail","hentry"],"acf":[],"yoast_head":"<!-- This site is optimized with the Yoast SEO plugin v27.3 - https:\/\/yoast.com\/product\/yoast-seo-wordpress\/ -->\n<title>Mr. Hans van Mierlo stichting &#8211; Woord vooraf: Europese veerkracht door Afke Groen<\/title>\n<meta name=\"robots\" content=\"index, follow, max-snippet:-1, max-image-preview:large, max-video-preview:-1\" \/>\n<link rel=\"canonical\" href=\"https:\/\/d66.nl\/vanmierlostichting\/woord-vooraf-europese-veerkracht-door-afke-groen\/\" \/>\n<meta property=\"og:locale\" content=\"nl_NL\" \/>\n<meta property=\"og:type\" content=\"article\" \/>\n<meta property=\"og:title\" content=\"Mr. Hans van Mierlo stichting &#8211; Woord vooraf: Europese veerkracht door Afke Groen\" \/>\n<meta property=\"og:url\" content=\"https:\/\/d66.nl\/vanmierlostichting\/woord-vooraf-europese-veerkracht-door-afke-groen\/\" \/>\n<meta property=\"og:site_name\" content=\"Mr. Hans van Mierlo stichting\" \/>\n<meta property=\"article:publisher\" content=\"https:\/\/www.facebook.com\/vanmierlostichting\/\" \/>\n<meta property=\"article:modified_time\" content=\"2022-07-05T11:37:55+00:00\" \/>\n<meta property=\"og:image\" content=\"https:\/\/d66.nl\/vanmierlostichting\/wp-content\/uploads\/sites\/4\/2022\/07\/Schermafbeelding-2022-07-04-om-13.18.18.png\" \/>\n\t<meta property=\"og:image:width\" content=\"732\" \/>\n\t<meta property=\"og:image:height\" content=\"1030\" \/>\n\t<meta property=\"og:image:type\" content=\"image\/png\" \/>\n<meta name=\"twitter:card\" content=\"summary_large_image\" \/>\n<meta name=\"twitter:site\" content=\"@vmstichting\" \/>\n<script type=\"application\/ld+json\" class=\"yoast-schema-graph\">{\"@context\":\"https:\\\/\\\/schema.org\",\"@graph\":[{\"@type\":\"WebPage\",\"@id\":\"https:\\\/\\\/d66.nl\\\/vanmierlostichting\\\/woord-vooraf-europese-veerkracht-door-afke-groen\\\/\",\"url\":\"https:\\\/\\\/d66.nl\\\/vanmierlostichting\\\/woord-vooraf-europese-veerkracht-door-afke-groen\\\/\",\"name\":\"Mr. Hans van Mierlo stichting &#8211; Woord vooraf: Europese veerkracht door Afke Groen\",\"isPartOf\":{\"@id\":\"https:\\\/\\\/d66.nl\\\/vanmierlostichting\\\/#website\"},\"primaryImageOfPage\":{\"@id\":\"https:\\\/\\\/d66.nl\\\/vanmierlostichting\\\/woord-vooraf-europese-veerkracht-door-afke-groen\\\/#primaryimage\"},\"image\":{\"@id\":\"https:\\\/\\\/d66.nl\\\/vanmierlostichting\\\/woord-vooraf-europese-veerkracht-door-afke-groen\\\/#primaryimage\"},\"thumbnailUrl\":\"https:\\\/\\\/d66.nl\\\/vanmierlostichting\\\/wp-content\\\/uploads\\\/sites\\\/4\\\/2022\\\/07\\\/Schermafbeelding-2022-07-04-om-13.18.18.png\",\"datePublished\":\"2022-07-04T15:27:22+00:00\",\"dateModified\":\"2022-07-05T11:37:55+00:00\",\"breadcrumb\":{\"@id\":\"https:\\\/\\\/d66.nl\\\/vanmierlostichting\\\/woord-vooraf-europese-veerkracht-door-afke-groen\\\/#breadcrumb\"},\"inLanguage\":\"nl-NL\",\"potentialAction\":[{\"@type\":\"ReadAction\",\"target\":[\"https:\\\/\\\/d66.nl\\\/vanmierlostichting\\\/woord-vooraf-europese-veerkracht-door-afke-groen\\\/\"]}]},{\"@type\":\"ImageObject\",\"inLanguage\":\"nl-NL\",\"@id\":\"https:\\\/\\\/d66.nl\\\/vanmierlostichting\\\/woord-vooraf-europese-veerkracht-door-afke-groen\\\/#primaryimage\",\"url\":\"https:\\\/\\\/d66.nl\\\/vanmierlostichting\\\/wp-content\\\/uploads\\\/sites\\\/4\\\/2022\\\/07\\\/Schermafbeelding-2022-07-04-om-13.18.18.png\",\"contentUrl\":\"https:\\\/\\\/d66.nl\\\/vanmierlostichting\\\/wp-content\\\/uploads\\\/sites\\\/4\\\/2022\\\/07\\\/Schermafbeelding-2022-07-04-om-13.18.18.png\",\"width\":732,\"height\":1030},{\"@type\":\"BreadcrumbList\",\"@id\":\"https:\\\/\\\/d66.nl\\\/vanmierlostichting\\\/woord-vooraf-europese-veerkracht-door-afke-groen\\\/#breadcrumb\",\"itemListElement\":[{\"@type\":\"ListItem\",\"position\":1,\"name\":\"Home\",\"item\":\"https:\\\/\\\/d66.nl\\\/vanmierlostichting\\\/\"},{\"@type\":\"ListItem\",\"position\":2,\"name\":\"Woord vooraf: Europese veerkracht door Afke Groen\"}]},{\"@type\":\"WebSite\",\"@id\":\"https:\\\/\\\/d66.nl\\\/vanmierlostichting\\\/#website\",\"url\":\"https:\\\/\\\/d66.nl\\\/vanmierlostichting\\\/\",\"name\":\"Mr. Hans van Mierlo stichting\",\"description\":\"Just another WordPress site\",\"publisher\":{\"@id\":\"https:\\\/\\\/d66.nl\\\/vanmierlostichting\\\/#organization\"},\"potentialAction\":[{\"@type\":\"SearchAction\",\"target\":{\"@type\":\"EntryPoint\",\"urlTemplate\":\"https:\\\/\\\/d66.nl\\\/vanmierlostichting\\\/?s={search_term_string}\"},\"query-input\":{\"@type\":\"PropertyValueSpecification\",\"valueRequired\":true,\"valueName\":\"search_term_string\"}}],\"inLanguage\":\"nl-NL\"},{\"@type\":\"Organization\",\"@id\":\"https:\\\/\\\/d66.nl\\\/vanmierlostichting\\\/#organization\",\"name\":\"Mr. Hans van Mierlo Stichting\",\"url\":\"https:\\\/\\\/d66.nl\\\/vanmierlostichting\\\/\",\"logo\":{\"@type\":\"ImageObject\",\"inLanguage\":\"nl-NL\",\"@id\":\"https:\\\/\\\/d66.nl\\\/vanmierlostichting\\\/#\\\/schema\\\/logo\\\/image\\\/\",\"url\":\"https:\\\/\\\/d66.nl\\\/vanmierlostichting\\\/wp-content\\\/uploads\\\/sites\\\/4\\\/2021\\\/05\\\/Mr-Hans-van-Mierlo-stichting-logo.png\",\"contentUrl\":\"https:\\\/\\\/d66.nl\\\/vanmierlostichting\\\/wp-content\\\/uploads\\\/sites\\\/4\\\/2021\\\/05\\\/Mr-Hans-van-Mierlo-stichting-logo.png\",\"width\":1920,\"height\":1080,\"caption\":\"Mr. Hans van Mierlo Stichting\"},\"image\":{\"@id\":\"https:\\\/\\\/d66.nl\\\/vanmierlostichting\\\/#\\\/schema\\\/logo\\\/image\\\/\"},\"sameAs\":[\"https:\\\/\\\/www.facebook.com\\\/vanmierlostichting\\\/\",\"https:\\\/\\\/x.com\\\/vmstichting\",\"https:\\\/\\\/www.instagram.com\\\/mr.hansvanmierlostichting\\\/\"]}]}<\/script>\n<!-- \/ Yoast SEO plugin. -->","yoast_head_json":{"title":"Mr. Hans van Mierlo stichting &#8211; Woord vooraf: Europese veerkracht door Afke Groen","robots":{"index":"index","follow":"follow","max-snippet":"max-snippet:-1","max-image-preview":"max-image-preview:large","max-video-preview":"max-video-preview:-1"},"canonical":"https:\/\/d66.nl\/vanmierlostichting\/woord-vooraf-europese-veerkracht-door-afke-groen\/","og_locale":"nl_NL","og_type":"article","og_title":"Mr. Hans van Mierlo stichting &#8211; Woord vooraf: Europese veerkracht door Afke Groen","og_url":"https:\/\/d66.nl\/vanmierlostichting\/woord-vooraf-europese-veerkracht-door-afke-groen\/","og_site_name":"Mr. Hans van Mierlo stichting","article_publisher":"https:\/\/www.facebook.com\/vanmierlostichting\/","article_modified_time":"2022-07-05T11:37:55+00:00","og_image":[{"width":732,"height":1030,"url":"https:\/\/d66.nl\/vanmierlostichting\/wp-content\/uploads\/sites\/4\/2022\/07\/Schermafbeelding-2022-07-04-om-13.18.18.png","type":"image\/png"}],"twitter_card":"summary_large_image","twitter_site":"@vmstichting","schema":{"@context":"https:\/\/schema.org","@graph":[{"@type":"WebPage","@id":"https:\/\/d66.nl\/vanmierlostichting\/woord-vooraf-europese-veerkracht-door-afke-groen\/","url":"https:\/\/d66.nl\/vanmierlostichting\/woord-vooraf-europese-veerkracht-door-afke-groen\/","name":"Mr. Hans van Mierlo stichting &#8211; Woord vooraf: Europese veerkracht door Afke Groen","isPartOf":{"@id":"https:\/\/d66.nl\/vanmierlostichting\/#website"},"primaryImageOfPage":{"@id":"https:\/\/d66.nl\/vanmierlostichting\/woord-vooraf-europese-veerkracht-door-afke-groen\/#primaryimage"},"image":{"@id":"https:\/\/d66.nl\/vanmierlostichting\/woord-vooraf-europese-veerkracht-door-afke-groen\/#primaryimage"},"thumbnailUrl":"https:\/\/d66.nl\/vanmierlostichting\/wp-content\/uploads\/sites\/4\/2022\/07\/Schermafbeelding-2022-07-04-om-13.18.18.png","datePublished":"2022-07-04T15:27:22+00:00","dateModified":"2022-07-05T11:37:55+00:00","breadcrumb":{"@id":"https:\/\/d66.nl\/vanmierlostichting\/woord-vooraf-europese-veerkracht-door-afke-groen\/#breadcrumb"},"inLanguage":"nl-NL","potentialAction":[{"@type":"ReadAction","target":["https:\/\/d66.nl\/vanmierlostichting\/woord-vooraf-europese-veerkracht-door-afke-groen\/"]}]},{"@type":"ImageObject","inLanguage":"nl-NL","@id":"https:\/\/d66.nl\/vanmierlostichting\/woord-vooraf-europese-veerkracht-door-afke-groen\/#primaryimage","url":"https:\/\/d66.nl\/vanmierlostichting\/wp-content\/uploads\/sites\/4\/2022\/07\/Schermafbeelding-2022-07-04-om-13.18.18.png","contentUrl":"https:\/\/d66.nl\/vanmierlostichting\/wp-content\/uploads\/sites\/4\/2022\/07\/Schermafbeelding-2022-07-04-om-13.18.18.png","width":732,"height":1030},{"@type":"BreadcrumbList","@id":"https:\/\/d66.nl\/vanmierlostichting\/woord-vooraf-europese-veerkracht-door-afke-groen\/#breadcrumb","itemListElement":[{"@type":"ListItem","position":1,"name":"Home","item":"https:\/\/d66.nl\/vanmierlostichting\/"},{"@type":"ListItem","position":2,"name":"Woord vooraf: Europese veerkracht door Afke Groen"}]},{"@type":"WebSite","@id":"https:\/\/d66.nl\/vanmierlostichting\/#website","url":"https:\/\/d66.nl\/vanmierlostichting\/","name":"Mr. Hans van Mierlo stichting","description":"Just another WordPress site","publisher":{"@id":"https:\/\/d66.nl\/vanmierlostichting\/#organization"},"potentialAction":[{"@type":"SearchAction","target":{"@type":"EntryPoint","urlTemplate":"https:\/\/d66.nl\/vanmierlostichting\/?s={search_term_string}"},"query-input":{"@type":"PropertyValueSpecification","valueRequired":true,"valueName":"search_term_string"}}],"inLanguage":"nl-NL"},{"@type":"Organization","@id":"https:\/\/d66.nl\/vanmierlostichting\/#organization","name":"Mr. Hans van Mierlo Stichting","url":"https:\/\/d66.nl\/vanmierlostichting\/","logo":{"@type":"ImageObject","inLanguage":"nl-NL","@id":"https:\/\/d66.nl\/vanmierlostichting\/#\/schema\/logo\/image\/","url":"https:\/\/d66.nl\/vanmierlostichting\/wp-content\/uploads\/sites\/4\/2021\/05\/Mr-Hans-van-Mierlo-stichting-logo.png","contentUrl":"https:\/\/d66.nl\/vanmierlostichting\/wp-content\/uploads\/sites\/4\/2021\/05\/Mr-Hans-van-Mierlo-stichting-logo.png","width":1920,"height":1080,"caption":"Mr. Hans van Mierlo Stichting"},"image":{"@id":"https:\/\/d66.nl\/vanmierlostichting\/#\/schema\/logo\/image\/"},"sameAs":["https:\/\/www.facebook.com\/vanmierlostichting\/","https:\/\/x.com\/vmstichting","https:\/\/www.instagram.com\/mr.hansvanmierlostichting\/"]}]}},"_links":{"self":[{"href":"https:\/\/d66.nl\/vanmierlostichting\/wp-json\/wp\/v2\/pages\/24820","targetHints":{"allow":["GET"]}}],"collection":[{"href":"https:\/\/d66.nl\/vanmierlostichting\/wp-json\/wp\/v2\/pages"}],"about":[{"href":"https:\/\/d66.nl\/vanmierlostichting\/wp-json\/wp\/v2\/types\/page"}],"author":[{"embeddable":true,"href":"https:\/\/d66.nl\/vanmierlostichting\/wp-json\/wp\/v2\/users\/33"}],"replies":[{"embeddable":true,"href":"https:\/\/d66.nl\/vanmierlostichting\/wp-json\/wp\/v2\/comments?post=24820"}],"version-history":[{"count":10,"href":"https:\/\/d66.nl\/vanmierlostichting\/wp-json\/wp\/v2\/pages\/24820\/revisions"}],"predecessor-version":[{"id":24911,"href":"https:\/\/d66.nl\/vanmierlostichting\/wp-json\/wp\/v2\/pages\/24820\/revisions\/24911"}],"wp:featuredmedia":[{"embeddable":true,"href":"https:\/\/d66.nl\/vanmierlostichting\/wp-json\/wp\/v2\/media\/24813"}],"wp:attachment":[{"href":"https:\/\/d66.nl\/vanmierlostichting\/wp-json\/wp\/v2\/media?parent=24820"}],"wp:term":[{"taxonomy":"search-tags","embeddable":true,"href":"https:\/\/d66.nl\/vanmierlostichting\/wp-json\/wp\/v2\/search-tags?post=24820"},{"taxonomy":"labels","embeddable":true,"href":"https:\/\/d66.nl\/vanmierlostichting\/wp-json\/wp\/v2\/labels?post=24820"},{"taxonomy":"themes-or-point-of-view","embeddable":true,"href":"https:\/\/d66.nl\/vanmierlostichting\/wp-json\/wp\/v2\/themes-or-point-of-view?post=24820"}],"curies":[{"name":"wp","href":"https:\/\/api.w.org\/{rel}","templated":true}]}}