{"id":14422,"date":"2021-01-07T14:22:53","date_gmt":"2021-01-07T12:22:53","guid":{"rendered":"https:\/\/d66.nl\/vanmierlostichting-2\/?page_id=14422"},"modified":"2026-04-23T18:39:57","modified_gmt":"2026-04-23T16:39:57","slug":"over-ons","status":"publish","type":"page","link":"https:\/\/d66.nl\/vanmierlostichting\/over-ons\/","title":{"rendered":"Over de Mr. Hans van Mierlo Stichting"},"content":{"rendered":"<div\n  id=\"\"\n  class=\"wrapper  wrapper__spacing-bottom-large--50 wrapper__spacing-bottom-desktop--66 wrapper__spacing-bottom-mobile--76  wrapper__gutter--none\"\n  >\n  \t<div class=\"wrapper__container wrapper__container-width-large--default\">\n\t  <div class=\"wrapper__inner wrapper__width-large--14 wrapper__width-desktop--20 wrapper__width-mobile--24 wrapper__offset-large--6 wrapper__offset-desktop--4\">\n\t\t<h1 class=\"heading heading__align--left heading__color--black heading__size--giant heading__font--serif heading__weight--regular  block-heading__heading\" id=\"nav-over-de-mr--hans-van-mierlo-stichting4665\"  data-nav-heading-mobile=\"Over de Mr. Hans van Mierlo Stichting\" >\n\tOver de Mr. Hans van Mierlo Stichting<\/h1>\t  <\/div>\n\t<\/div>\n  <\/div>\n\n\n<div\n  id=\"\"\n  class=\"wrapper  wrapper__spacing-bottom-large--50 wrapper__spacing-bottom-desktop--70 wrapper__spacing-bottom-mobile--50  wrapper__gutter--none\"\n  >\n  \t<div class=\"wrapper__container wrapper__container-width-large--default\">\n\t  <div class=\"wrapper__inner wrapper__width-large--18 wrapper__width-desktop--22 wrapper__width-mobile--24 wrapper__offset-large--6 wrapper__offset-desktop--2 wrapper__offset-mobile--0\">\n\t\t<section class=\"block-text-title\">\n\t<div class=\"block-text-title__title\">\n\t\t<h3 class=\"heading  heading__color--black heading__size--medium heading__font--sans heading__weight--semiBold  block-text-title__heading\" id=\"nav-de-mr--hans-van-mierlo-stichting6132\" data-nav-heading-mobile=\"De Mr. Hans van Mierlo Stichting\">\n\tDe Mr. Hans van Mierlo Stichting<\/h3>\t<\/div>\n\t<div class=\"block-text-title__content\">\n\t\t<p class=\"paragraph paragraph__align--left paragraph__color--black paragraph__size--default\">\n\t\tDe Mr. Hans van Mierlo Stichting is het onafhankelijk wetenschappelijk bureau van D66. De Van Mierlo Stichting heeft tot doel om het\u00a0sociaal-liberale gedachtegoed\u00a0verder te ontwikkelen en te verspreiden binnen en buiten D66. Dit doet zij door het ontplooien van allerlei soorten\u00a0activiteiten:\u00a0het\u00a0uitvoeren van toegepast onderzoek naar maatschappelijke vraagstukken, het organiseren van lezingen en symposia, het geven van trainingen en workshops, het publiceren van het\u00a0tijdschrift\u00a0<em><a href=\"https:\/\/d66.nl\/vanmierlostichting\/tijdschrift-idee\/\" id=\"https:\/\/d66.nl\/vanmierlostichting\/tijdschrift-idee\/\">Idee<\/a><\/em>. De Mr. Hans van Mierlo Stichting heeft ook haar eigen podcast: <a href=\"https:\/\/d66.nl\/vanmierlostichting\/vanmierlostichting\/podcast-appel\/\" id=\"https:\/\/d66.nl\/vanmierlostichting\/vanmierlostichting\/podcast-appel\/\">App\u00e8l<\/a>. \t<\/p>\t<\/div>\n\n\t<div class=\"block-text-title__sidebar\">\n\t\t\n\t\t\n\t\t\t<\/div>\n<\/section>\n\t  <\/div>\n\t<\/div>\n  <\/div>\n\n\n<div\n  id=\"\"\n  class=\"wrapper wrapper__spacing-top-large--40 wrapper__spacing-bottom-large--20  wrapper__gutter--none\"\n  >\n  \t<div class=\"wrapper__container wrapper__container-width-large--default\">\n\t  <div class=\"wrapper__inner\">\n\t\t<article\n  class=\"block-big-cards block-big-cards__color--yellow\"\n  style=\"background-image: url('')\"\n>\n  <div class=\"block-big-cards__wrapper\">\n\t<div class=\"block-big-cards__heading\">\n\t  <h2 class=\"heading heading__align--left heading__color--black heading__size--largest heading__font--sans heading__weight--bold\" id=\"nav-onze-mensen1026\" data-nav-heading-mobile=\"Onze mensen\">\n\tOnze mensen<\/h2>\t<\/div>\n\t<div class=\"block-big-cards__excerpt\">\n\t  <p class=\"paragraph paragraph__align--left paragraph__color--black paragraph__size--default\">\n\t\tDe Mr. Hans van Mierlo Stichting staat onder leiding van een directeur en heeft medewerkers en stagiairs in dienst die zich bezig houden met onderzoek naar verschillende thema&#8217;s binnen het sociaal-liberale gedachtengoed.\t<\/p>\t<\/div>\n\n\t\n\t<div class=\"block-big-cards__button\">\n\t  <a href=\"https:\/\/d66.nl\/vanmierlostichting\/onze-mensen\/\" class=\"btn btn__color--black btn__size--default btn__size-width--default\" id=\"\" title=\"Onze mensen\" data-last-site-id=\"1\">\n\t<div class=\"btn__top-wrapper\">\n\t\t\n\t\t<span class=\"btn__title\">\n\t\t\tOnze mensen\t\t<\/span>\n\n\t\t\t<\/div>\n\n\t<span class=\"btn__description\">\n\t\t\t<\/span>\n\n\t<span class=\"btn__spinner btn__spinner--black btn__spinner--default\" aria-hidden=\"true\"><\/span>\n<\/a>\t<\/div>\n\n\t\t<div class=\"block-big-cards__image block-big-cards__image--square\">\n\t\t<img loading=\"lazy\" decoding=\"async\" width=\"1024\" height=\"576\" src=\"https:\/\/d66.nl\/vanmierlostichting\/wp-content\/uploads\/sites\/4\/2020\/06\/d66-het-landelijk-bureau-van-d66-1024x576.jpg\" class=\"image block-big-cards__img\" alt=\"\" \/>\t<\/div>\n\t  <\/div>\n<\/article>\n\t  <\/div>\n\t<\/div>\n  <\/div>\n\n\n<div\n  id=\"\"\n  class=\"wrapper  wrapper__spacing-bottom-large--50 wrapper__spacing-bottom-desktop--70 wrapper__spacing-bottom-mobile--50  wrapper__gutter--none\"\n  >\n  \t<div class=\"wrapper__container wrapper__container-width-large--default\">\n\t  <div class=\"wrapper__inner wrapper__width-large--18 wrapper__width-desktop--22 wrapper__width-mobile--24 wrapper__offset-large--6 wrapper__offset-desktop--2 wrapper__offset-mobile--0\">\n\t\t<section class=\"block-text-title\">\n\t<div class=\"block-text-title__title\">\n\t\t<h3 class=\"heading  heading__color--black heading__size--medium heading__font--sans heading__weight--semiBold  block-text-title__heading\" id=\"nav-479\" data-nav-heading-mobile=\"\">\n\t<\/h3>\t<\/div>\n\t<div class=\"block-text-title__content\">\n\t\t<p class=\"paragraph paragraph__align--left paragraph__color--black paragraph__size--default\">\n\t\t\t<\/p>\t<\/div>\n\n\t<div class=\"block-text-title__sidebar\">\n\t\t\n\t\t\n\t\t\t<\/div>\n<\/section>\n\t  <\/div>\n\t<\/div>\n  <\/div>\n\n\n<div\n  id=\"\"\n  class=\"wrapper  wrapper__spacing-bottom-large--50 wrapper__spacing-bottom-desktop--70 wrapper__spacing-bottom-mobile--50  wrapper__gutter--none\"\n  >\n  \t<div class=\"wrapper__container wrapper__container-width-large--default\">\n\t  <div class=\"wrapper__inner wrapper__width-large--18 wrapper__width-desktop--22 wrapper__width-mobile--24 wrapper__offset-large--6 wrapper__offset-desktop--2 wrapper__offset-mobile--0\">\n\t\t<section class=\"block-text-title\">\n\t<div class=\"block-text-title__title\">\n\t\t<h3 class=\"heading  heading__color--black heading__size--medium heading__font--sans heading__weight--semiBold  block-text-title__heading\" id=\"nav-bestuur8931\" data-nav-heading-mobile=\"Bestuur\">\n\tBestuur<\/h3>\t<\/div>\n\t<div class=\"block-text-title__content\">\n\t\t<p class=\"paragraph paragraph__align--left paragraph__color--black paragraph__size--default\">\n\t\tHet bestuur van de Mr. Hans van Mierlo Stichting is verantwoordelijkheid voor het vaststellen van het jaarprogramma van de Stichting, de wijze van werving van gelden, en het beheer van het vermogen van de Stichting en de besteding daarvan.<br><br>Het bestuur bestaat uit:<br>Robbert Dijkgraaf<br>Serhat \u00d6za\u015f\u0131k<br>Joost R\u00f6selaers \t<\/p>\t<\/div>\n\n\t<div class=\"block-text-title__sidebar\">\n\t\t\n\t\t\n\t\t\t<\/div>\n<\/section>\n\t  <\/div>\n\t<\/div>\n  <\/div>\n\n\n<div\n  id=\"\"\n  class=\"wrapper  wrapper__spacing-bottom-large--50 wrapper__spacing-bottom-desktop--70 wrapper__spacing-bottom-mobile--50  wrapper__gutter--none\"\n  >\n  \t<div class=\"wrapper__container wrapper__container-width-large--default\">\n\t  <div class=\"wrapper__inner wrapper__width-large--18 wrapper__width-desktop--22 wrapper__width-mobile--24 wrapper__offset-large--6 wrapper__offset-desktop--2 wrapper__offset-mobile--0\">\n\t\t<section class=\"block-text-title\">\n\t<div class=\"block-text-title__title\">\n\t\t<h3 class=\"heading  heading__color--black heading__size--medium heading__font--sans heading__weight--semiBold  block-text-title__heading\" id=\"nav-contact5121\" data-nav-heading-mobile=\"Contact\">\n\tContact<\/h3>\t<\/div>\n\t<div class=\"block-text-title__content\">\n\t\t<p class=\"paragraph paragraph__align--left paragraph__color--black paragraph__size--default\">\n\t\tLange Houtstraat 11<br>2511 CV Den Haag<br>T: 070-356 60 66<br>E:\u00a0<a href=\"mailto:vanmierlostichting@d66.nl\">vanmierlostichting@d66.nl<\/a><br>Twitter:\u00a0<a href=\"https:\/\/twitter.com\/VMStichting\">@VMStichting<\/a><br><br>De Mr. Hans van Mierlo Stichting is een\u00a0<a href=\"https:\/\/d66.nl\/vanmierlostichting-2\/vanmierlostichting\/doneren\/\">Algemeen Nut Beogende Instelling<\/a>.\t<\/p>\t<\/div>\n\n\t<div class=\"block-text-title__sidebar\">\n\t\t\n\t\t\n\t\t\t<\/div>\n<\/section>\n\t  <\/div>\n\t<\/div>\n  <\/div>\n\n\n<div\n  id=\"\"\n  class=\"wrapper  wrapper__spacing-bottom-large--50 wrapper__spacing-bottom-desktop--40 wrapper__spacing-bottom-mobile--40  wrapper__gutter--none\"\n  >\n  \t<div class=\"wrapper__container wrapper__container-width-large--default\">\n\t  <div class=\"wrapper__inner wrapper__width-large--13 wrapper__width-mobile--24 wrapper__offset-large--6 wrapper__offset-mobile--0\">\n\t\t<a\thref=\"https:\/\/d66.nl\/vanmierlostichting\/vanmierlostichting\/doneren\/\"\n\tclass=\"btn btn__color--black btn__size--default btn__size-width--default    block-button__btn\"\n\tid=\"\"\n\ttitle=\"Doneren aan de Mr. Hans van Mierlo Stichting\"\n\t\t\t\n\t\n\t\n\t\n\t\n\tdata-last-site-id=\"1\"\n\t>\n\t<div class=\"btn__top-wrapper\">\n\t\t\n\t\t<span class=\"btn__title\">\n\t\t\tDoneren aan de Mr. Hans van Mierlo Stichting\t\t<\/span>\n\n\t\t\t<\/div>\n\n\t<span class=\"btn__description\">\n\t\t\t<\/span>\n\n\t<span class=\"btn__spinner btn__spinner--black btn__spinner--default\" aria-hidden=\"true\"><\/span>\n<\/a>\t  <\/div>\n\t<\/div>\n  <\/div>\n\n\n<div\n  id=\"\"\n  class=\"wrapper  wrapper__spacing-bottom-large--50 wrapper__spacing-bottom-desktop--70 wrapper__spacing-bottom-mobile--50  wrapper__gutter--none\"\n  >\n  \t<div class=\"wrapper__container wrapper__container-width-large--default\">\n\t  <div class=\"wrapper__inner wrapper__width-large--18 wrapper__width-desktop--22 wrapper__width-mobile--24 wrapper__offset-large--6 wrapper__offset-desktop--2 wrapper__offset-mobile--0\">\n\t\t<section class=\"block-text-title\">\n\t<div class=\"block-text-title__title\">\n\t\t<h3 class=\"heading  heading__color--black heading__size--medium heading__font--sans heading__weight--semiBold  block-text-title__heading\" id=\"nav-jaarplannen-en--verslagen9889\" data-nav-heading-mobile=\"Jaarplannen en -verslagen\">\n\tJaarplannen en -verslagen<\/h3>\t<\/div>\n\t<div class=\"block-text-title__content\">\n\t\t<p class=\"paragraph paragraph__align--left paragraph__color--black paragraph__size--default\">\n\t\t<a href=\"https:\/\/d66.nl\/wp-content\/uploads\/2025\/06\/ANBI-VMS-2024.pdf\" target=\"_blank\" rel=\"noreferrer noopener\">Verantwoording ANBI-status Van Mierlo Stichting<\/a><br><br><a href=\"https:\/\/media.d66.nl\/uploads\/sites\/4\/2026\/03\/VMS-jaarplan-2025.pdf\">Jaarplan 2025<\/a><br><a href=\"https:\/\/media.d66.nl\/uploads\/sites\/4\/2026\/03\/Jaarplan-VMS-2024_final.pdf\">Jaarplan 2024<br><\/a><a href=\"https:\/\/media.d66.nl\/uploads\/sites\/4\/2026\/03\/Jaarplan-2023-VMS_final.pdf\" target=\"_blank\" rel=\"noreferrer noopener\">Jaarplan 2023<br><\/a><a href=\"https:\/\/media.d66.nl\/uploads\/sites\/4\/2026\/03\/2.-Jaarplan-2022.pdf\">Jaarplan 2022<\/a><br><a href=\"https:\/\/d66.nl\/vanmierlostichting-2\/wp-content\/uploads\/sites\/4\/2021\/05\/Jaarplan-VMS-2021.pdf\" target=\"_blank\" rel=\"noreferrer noopener\">Jaarplan 2021<\/a><br><a href=\"https:\/\/d66.nl\/vanmierlostichting-2\/wp-content\/uploads\/sites\/4\/2021\/05\/Jaarplan-2020.pdf\" target=\"_blank\" rel=\"noreferrer noopener\">Jaarplan 2020<br><\/a><br><a href=\"https:\/\/d66.nl\/wp-content\/uploads\/2025\/06\/Jaarrekening-VMS-versie-24062025.pdf\"><strong>Financieel Jaarverslag VMS 202<\/strong>4<br><\/a><a href=\"https:\/\/media.d66.nl\/uploads\/sites\/4\/2024\/06\/VMS-jaarrekening-2023.pdf\"><strong>Financieel J<\/strong><\/a><strong><a href=\"https:\/\/media.d66.nl\/uploads\/sites\/4\/2026\/03\/Jaarverslag-2023-Mr-Hans-van-Mierlo-Stichting.pdf\">aarverslag VMS 2023<\/a><\/strong><a href=\"https:\/\/media.d66.nl\/uploads\/sites\/4\/2024\/06\/VMS-jaarrekening-2023.pdf\"><br><\/a><a href=\"https:\/\/media.d66.nl\/uploads\/sites\/4\/2023\/07\/Jaarverslag-2022-Mr.-Hans-van-Mierlo-Stichting.pdf\">Financieel Jaarverslag VMS <\/a><a href=\"https:\/\/media.d66.nl\/uploads\/sites\/4\/2026\/03\/Jaarverslag-2022-Mr.-Hans-van-Mierlo-Stichting.pdf\">2022<\/a><br><a href=\"https:\/\/media.d66.nl\/uploads\/sites\/4\/2022\/07\/Jaarverslag-VMS-2021.pdf\">Financieel Jaarverslag VMS <\/a><a href=\"https:\/\/media.d66.nl\/uploads\/sites\/4\/2026\/03\/Jaarverslag-2021-VMS.pdf\">2021<\/a><br><a href=\"https:\/\/d66.nl\/vanmierlostichting-2\/wp-content\/uploads\/sites\/4\/2021\/06\/Jaarverslag-VMS-wg.pdf\" target=\"_blank\" rel=\"noreferrer noopener\">Financieel Jaarverslag VMS 2020<\/a><br><a href=\"https:\/\/media.d66.nl\/uploads\/sites\/4\/2026\/03\/Jaarrekening-2019-VMS.pdf\" target=\"_blank\" rel=\"noreferrer noopener\">Financieel Jaarverslag VMS 2019<\/a><br><a href=\"https:\/\/d66.nl\/vanmierlostichting-2\/wp-content\/uploads\/sites\/4\/2021\/05\/VMS-jaarrekening-2018-dd-4-juli-2019-wg.pdf\" target=\"_blank\" rel=\"noreferrer noopener\">Financieel jaarverslag VMS 2018<\/a><br><a href=\"https:\/\/d66.nl\/vanmierlostichting-2\/wp-content\/uploads\/sites\/4\/2021\/05\/Jaarrekening-2017-VMS-was-getekend.pdf\" target=\"_blank\" rel=\"noreferrer noopener\">Financieel jaarverslag VMS 2017<\/a><br><a href=\"https:\/\/d66.nl\/vanmierlostichting-2\/wp-content\/uploads\/sites\/4\/2021\/05\/Jaarrekening-VMS-2016.pdf\" target=\"_blank\" rel=\"noreferrer noopener\">Financieel jaarverslag VMS 2016<\/a><br><a href=\"https:\/\/d66.nl\/vanmierlostichting-2\/wp-content\/uploads\/sites\/4\/2021\/05\/Jaarrekening-VMS-2015.pdf\" target=\"_blank\" rel=\"noreferrer noopener\">Financieel jaarverslag VMS 2015<\/a><br><a href=\"https:\/\/d66.nl\/vanmierlostichting-2\/wp-content\/uploads\/sites\/4\/2021\/05\/Financieel-jaarverslag-2014.pdf\" target=\"_blank\" rel=\"noreferrer noopener\">Financieel jaarverslag VMS 2014<\/a><br><a href=\"https:\/\/d66.nl\/vanmierlostichting-2\/wp-content\/uploads\/sites\/4\/2021\/05\/Verzonden-Jaarrek.-incl.-controleverkl.-2013-Hans-van-Mierlo-Stichting.pdf\" target=\"_blank\" rel=\"noreferrer noopener\">Financieel jaarverslag VMS 2013<\/a><br><a href=\"https:\/\/d66.nl\/vanmierlostichting-2\/wp-content\/uploads\/sites\/4\/2021\/05\/Verzonden-Jaarrek.-incl.-controleverkl.-2012-HvM-Stichting.pdf\" target=\"_blank\" rel=\"noreferrer noopener\">Financieel jaarverslag VMS 2012<br><\/a>\t<\/p>\t<\/div>\n\n\t<div class=\"block-text-title__sidebar\">\n\t\t\n\t\t\n\t\t\t<\/div>\n<\/section>\n\t  <\/div>\n\t<\/div>\n  <\/div>\n","protected":false},"excerpt":{"rendered":"","protected":false},"author":22,"featured_media":20101,"parent":0,"menu_order":0,"comment_status":"closed","ping_status":"closed","template":"","meta":{"_acf_changed":false,"footnotes":""},"search-tags":[],"labels":[],"themes-or-point-of-view":[],"class_list":["post-14422","page","type-page","status-publish","has-post-thumbnail","hentry"],"acf":[],"yoast_head":"<!-- This site is optimized with the Yoast SEO plugin v27.3 - https:\/\/yoast.com\/product\/yoast-seo-wordpress\/ -->\n<title>Over de Mr. Hans van Mierlo Stichting<\/title>\n<meta name=\"robots\" content=\"index, follow, max-snippet:-1, max-image-preview:large, max-video-preview:-1\" \/>\n<link rel=\"canonical\" href=\"https:\/\/d66.nl\/vanmierlostichting\/over-ons\/\" \/>\n<meta property=\"og:locale\" content=\"nl_NL\" \/>\n<meta property=\"og:type\" content=\"article\" \/>\n<meta property=\"og:title\" content=\"Over de Mr. Hans van Mierlo Stichting\" \/>\n<meta property=\"og:url\" content=\"https:\/\/d66.nl\/vanmierlostichting\/over-ons\/\" \/>\n<meta property=\"og:site_name\" content=\"Mr. Hans van Mierlo stichting\" \/>\n<meta property=\"article:publisher\" content=\"https:\/\/www.facebook.com\/vanmierlostichting\/\" \/>\n<meta property=\"article:modified_time\" content=\"2026-04-23T16:39:57+00:00\" \/>\n<meta property=\"og:image\" content=\"https:\/\/d66.nl\/vanmierlostichting\/wp-content\/uploads\/sites\/4\/2021\/05\/Mr-Hans-van-Mierlo-stichting-logo.png\" \/>\n\t<meta property=\"og:image:width\" content=\"1920\" \/>\n\t<meta property=\"og:image:height\" content=\"1080\" \/>\n\t<meta property=\"og:image:type\" content=\"image\/png\" \/>\n<meta name=\"twitter:card\" content=\"summary_large_image\" \/>\n<meta name=\"twitter:site\" content=\"@vmstichting\" \/>\n<meta name=\"twitter:label1\" content=\"Geschatte leestijd\" \/>\n\t<meta name=\"twitter:data1\" content=\"1 minuut\" \/>\n<script type=\"application\/ld+json\" class=\"yoast-schema-graph\">{\"@context\":\"https:\\\/\\\/schema.org\",\"@graph\":[{\"@type\":\"WebPage\",\"@id\":\"https:\\\/\\\/d66.nl\\\/vanmierlostichting\\\/over-ons\\\/\",\"url\":\"https:\\\/\\\/d66.nl\\\/vanmierlostichting\\\/over-ons\\\/\",\"name\":\"Over de Mr. Hans van Mierlo Stichting\",\"isPartOf\":{\"@id\":\"https:\\\/\\\/d66.nl\\\/vanmierlostichting\\\/#website\"},\"primaryImageOfPage\":{\"@id\":\"https:\\\/\\\/d66.nl\\\/vanmierlostichting\\\/over-ons\\\/#primaryimage\"},\"image\":{\"@id\":\"https:\\\/\\\/d66.nl\\\/vanmierlostichting\\\/over-ons\\\/#primaryimage\"},\"thumbnailUrl\":\"https:\\\/\\\/d66.nl\\\/vanmierlostichting\\\/wp-content\\\/uploads\\\/sites\\\/4\\\/2021\\\/05\\\/Mr-Hans-van-Mierlo-stichting-logo.png\",\"datePublished\":\"2021-01-07T12:22:53+00:00\",\"dateModified\":\"2026-04-23T16:39:57+00:00\",\"breadcrumb\":{\"@id\":\"https:\\\/\\\/d66.nl\\\/vanmierlostichting\\\/over-ons\\\/#breadcrumb\"},\"inLanguage\":\"nl-NL\",\"potentialAction\":[{\"@type\":\"ReadAction\",\"target\":[\"https:\\\/\\\/d66.nl\\\/vanmierlostichting\\\/over-ons\\\/\"]}]},{\"@type\":\"ImageObject\",\"inLanguage\":\"nl-NL\",\"@id\":\"https:\\\/\\\/d66.nl\\\/vanmierlostichting\\\/over-ons\\\/#primaryimage\",\"url\":\"https:\\\/\\\/d66.nl\\\/vanmierlostichting\\\/wp-content\\\/uploads\\\/sites\\\/4\\\/2021\\\/05\\\/Mr-Hans-van-Mierlo-stichting-logo.png\",\"contentUrl\":\"https:\\\/\\\/d66.nl\\\/vanmierlostichting\\\/wp-content\\\/uploads\\\/sites\\\/4\\\/2021\\\/05\\\/Mr-Hans-van-Mierlo-stichting-logo.png\",\"width\":1920,\"height\":1080},{\"@type\":\"BreadcrumbList\",\"@id\":\"https:\\\/\\\/d66.nl\\\/vanmierlostichting\\\/over-ons\\\/#breadcrumb\",\"itemListElement\":[{\"@type\":\"ListItem\",\"position\":1,\"name\":\"Home\",\"item\":\"https:\\\/\\\/d66.nl\\\/vanmierlostichting\\\/\"},{\"@type\":\"ListItem\",\"position\":2,\"name\":\"Over de Mr. Hans van Mierlo Stichting\"}]},{\"@type\":\"WebSite\",\"@id\":\"https:\\\/\\\/d66.nl\\\/vanmierlostichting\\\/#website\",\"url\":\"https:\\\/\\\/d66.nl\\\/vanmierlostichting\\\/\",\"name\":\"Mr. Hans van Mierlo stichting\",\"description\":\"Just another WordPress site\",\"publisher\":{\"@id\":\"https:\\\/\\\/d66.nl\\\/vanmierlostichting\\\/#organization\"},\"potentialAction\":[{\"@type\":\"SearchAction\",\"target\":{\"@type\":\"EntryPoint\",\"urlTemplate\":\"https:\\\/\\\/d66.nl\\\/vanmierlostichting\\\/?s={search_term_string}\"},\"query-input\":{\"@type\":\"PropertyValueSpecification\",\"valueRequired\":true,\"valueName\":\"search_term_string\"}}],\"inLanguage\":\"nl-NL\"},{\"@type\":\"Organization\",\"@id\":\"https:\\\/\\\/d66.nl\\\/vanmierlostichting\\\/#organization\",\"name\":\"Mr. Hans van Mierlo Stichting\",\"url\":\"https:\\\/\\\/d66.nl\\\/vanmierlostichting\\\/\",\"logo\":{\"@type\":\"ImageObject\",\"inLanguage\":\"nl-NL\",\"@id\":\"https:\\\/\\\/d66.nl\\\/vanmierlostichting\\\/#\\\/schema\\\/logo\\\/image\\\/\",\"url\":\"https:\\\/\\\/d66.nl\\\/vanmierlostichting\\\/wp-content\\\/uploads\\\/sites\\\/4\\\/2021\\\/05\\\/Mr-Hans-van-Mierlo-stichting-logo.png\",\"contentUrl\":\"https:\\\/\\\/d66.nl\\\/vanmierlostichting\\\/wp-content\\\/uploads\\\/sites\\\/4\\\/2021\\\/05\\\/Mr-Hans-van-Mierlo-stichting-logo.png\",\"width\":1920,\"height\":1080,\"caption\":\"Mr. Hans van Mierlo Stichting\"},\"image\":{\"@id\":\"https:\\\/\\\/d66.nl\\\/vanmierlostichting\\\/#\\\/schema\\\/logo\\\/image\\\/\"},\"sameAs\":[\"https:\\\/\\\/www.facebook.com\\\/vanmierlostichting\\\/\",\"https:\\\/\\\/x.com\\\/vmstichting\",\"https:\\\/\\\/www.instagram.com\\\/mr.hansvanmierlostichting\\\/\"]}]}<\/script>\n<!-- \/ Yoast SEO plugin. -->","yoast_head_json":{"title":"Over de Mr. Hans van Mierlo Stichting","robots":{"index":"index","follow":"follow","max-snippet":"max-snippet:-1","max-image-preview":"max-image-preview:large","max-video-preview":"max-video-preview:-1"},"canonical":"https:\/\/d66.nl\/vanmierlostichting\/over-ons\/","og_locale":"nl_NL","og_type":"article","og_title":"Over de Mr. Hans van Mierlo Stichting","og_url":"https:\/\/d66.nl\/vanmierlostichting\/over-ons\/","og_site_name":"Mr. Hans van Mierlo stichting","article_publisher":"https:\/\/www.facebook.com\/vanmierlostichting\/","article_modified_time":"2026-04-23T16:39:57+00:00","og_image":[{"width":1920,"height":1080,"url":"https:\/\/d66.nl\/vanmierlostichting\/wp-content\/uploads\/sites\/4\/2021\/05\/Mr-Hans-van-Mierlo-stichting-logo.png","type":"image\/png"}],"twitter_card":"summary_large_image","twitter_site":"@vmstichting","twitter_misc":{"Geschatte leestijd":"1 minuut"},"schema":{"@context":"https:\/\/schema.org","@graph":[{"@type":"WebPage","@id":"https:\/\/d66.nl\/vanmierlostichting\/over-ons\/","url":"https:\/\/d66.nl\/vanmierlostichting\/over-ons\/","name":"Over de Mr. Hans van Mierlo Stichting","isPartOf":{"@id":"https:\/\/d66.nl\/vanmierlostichting\/#website"},"primaryImageOfPage":{"@id":"https:\/\/d66.nl\/vanmierlostichting\/over-ons\/#primaryimage"},"image":{"@id":"https:\/\/d66.nl\/vanmierlostichting\/over-ons\/#primaryimage"},"thumbnailUrl":"https:\/\/d66.nl\/vanmierlostichting\/wp-content\/uploads\/sites\/4\/2021\/05\/Mr-Hans-van-Mierlo-stichting-logo.png","datePublished":"2021-01-07T12:22:53+00:00","dateModified":"2026-04-23T16:39:57+00:00","breadcrumb":{"@id":"https:\/\/d66.nl\/vanmierlostichting\/over-ons\/#breadcrumb"},"inLanguage":"nl-NL","potentialAction":[{"@type":"ReadAction","target":["https:\/\/d66.nl\/vanmierlostichting\/over-ons\/"]}]},{"@type":"ImageObject","inLanguage":"nl-NL","@id":"https:\/\/d66.nl\/vanmierlostichting\/over-ons\/#primaryimage","url":"https:\/\/d66.nl\/vanmierlostichting\/wp-content\/uploads\/sites\/4\/2021\/05\/Mr-Hans-van-Mierlo-stichting-logo.png","contentUrl":"https:\/\/d66.nl\/vanmierlostichting\/wp-content\/uploads\/sites\/4\/2021\/05\/Mr-Hans-van-Mierlo-stichting-logo.png","width":1920,"height":1080},{"@type":"BreadcrumbList","@id":"https:\/\/d66.nl\/vanmierlostichting\/over-ons\/#breadcrumb","itemListElement":[{"@type":"ListItem","position":1,"name":"Home","item":"https:\/\/d66.nl\/vanmierlostichting\/"},{"@type":"ListItem","position":2,"name":"Over de Mr. Hans van Mierlo Stichting"}]},{"@type":"WebSite","@id":"https:\/\/d66.nl\/vanmierlostichting\/#website","url":"https:\/\/d66.nl\/vanmierlostichting\/","name":"Mr. Hans van Mierlo stichting","description":"Just another WordPress site","publisher":{"@id":"https:\/\/d66.nl\/vanmierlostichting\/#organization"},"potentialAction":[{"@type":"SearchAction","target":{"@type":"EntryPoint","urlTemplate":"https:\/\/d66.nl\/vanmierlostichting\/?s={search_term_string}"},"query-input":{"@type":"PropertyValueSpecification","valueRequired":true,"valueName":"search_term_string"}}],"inLanguage":"nl-NL"},{"@type":"Organization","@id":"https:\/\/d66.nl\/vanmierlostichting\/#organization","name":"Mr. Hans van Mierlo Stichting","url":"https:\/\/d66.nl\/vanmierlostichting\/","logo":{"@type":"ImageObject","inLanguage":"nl-NL","@id":"https:\/\/d66.nl\/vanmierlostichting\/#\/schema\/logo\/image\/","url":"https:\/\/d66.nl\/vanmierlostichting\/wp-content\/uploads\/sites\/4\/2021\/05\/Mr-Hans-van-Mierlo-stichting-logo.png","contentUrl":"https:\/\/d66.nl\/vanmierlostichting\/wp-content\/uploads\/sites\/4\/2021\/05\/Mr-Hans-van-Mierlo-stichting-logo.png","width":1920,"height":1080,"caption":"Mr. Hans van Mierlo Stichting"},"image":{"@id":"https:\/\/d66.nl\/vanmierlostichting\/#\/schema\/logo\/image\/"},"sameAs":["https:\/\/www.facebook.com\/vanmierlostichting\/","https:\/\/x.com\/vmstichting","https:\/\/www.instagram.com\/mr.hansvanmierlostichting\/"]}]}},"_links":{"self":[{"href":"https:\/\/d66.nl\/vanmierlostichting\/wp-json\/wp\/v2\/pages\/14422","targetHints":{"allow":["GET"]}}],"collection":[{"href":"https:\/\/d66.nl\/vanmierlostichting\/wp-json\/wp\/v2\/pages"}],"about":[{"href":"https:\/\/d66.nl\/vanmierlostichting\/wp-json\/wp\/v2\/types\/page"}],"author":[{"embeddable":true,"href":"https:\/\/d66.nl\/vanmierlostichting\/wp-json\/wp\/v2\/users\/22"}],"replies":[{"embeddable":true,"href":"https:\/\/d66.nl\/vanmierlostichting\/wp-json\/wp\/v2\/comments?post=14422"}],"version-history":[{"count":10,"href":"https:\/\/d66.nl\/vanmierlostichting\/wp-json\/wp\/v2\/pages\/14422\/revisions"}],"predecessor-version":[{"id":33340,"href":"https:\/\/d66.nl\/vanmierlostichting\/wp-json\/wp\/v2\/pages\/14422\/revisions\/33340"}],"wp:featuredmedia":[{"embeddable":true,"href":"https:\/\/d66.nl\/vanmierlostichting\/wp-json\/wp\/v2\/media\/20101"}],"wp:attachment":[{"href":"https:\/\/d66.nl\/vanmierlostichting\/wp-json\/wp\/v2\/media?parent=14422"}],"wp:term":[{"taxonomy":"search-tags","embeddable":true,"href":"https:\/\/d66.nl\/vanmierlostichting\/wp-json\/wp\/v2\/search-tags?post=14422"},{"taxonomy":"labels","embeddable":true,"href":"https:\/\/d66.nl\/vanmierlostichting\/wp-json\/wp\/v2\/labels?post=14422"},{"taxonomy":"themes-or-point-of-view","embeddable":true,"href":"https:\/\/d66.nl\/vanmierlostichting\/wp-json\/wp\/v2\/themes-or-point-of-view?post=14422"}],"curies":[{"name":"wp","href":"https:\/\/api.w.org\/{rel}","templated":true}]}}