{"id":218,"date":"2021-10-26T14:21:04","date_gmt":"2021-10-26T14:21:04","guid":{"rendered":"https:\/\/d66.nl\/nijmegen\/?page_id=218"},"modified":"2022-09-19T11:35:57","modified_gmt":"2022-09-19T11:35:57","slug":"coalitieakkoord","status":"publish","type":"page","link":"https:\/\/d66.nl\/nijmegen\/coalitieakkoord\/","title":{"rendered":"Coalitieakkoord 2022-2026"},"content":{"rendered":"<div\n  id=\"\"\n  class=\"wrapper  wrapper__spacing-bottom-large--50 wrapper__spacing-bottom-desktop--66 wrapper__spacing-bottom-mobile--76  wrapper__gutter--none\"\n  >\n  \t<div class=\"wrapper__container wrapper__container-width-large--default\">\n\t  <div class=\"wrapper__inner wrapper__width-large--14 wrapper__width-desktop--20 wrapper__width-mobile--24 wrapper__offset-large--6 wrapper__offset-desktop--4 wrapper__offset-mobile--0\">\n\t\t<h1 class=\"heading   heading__size--giant heading__font--serif heading__weight--regular  block-heading__heading\" id=\"nav-ons-nijmegen--stad-van-iedereen--3936\"  data-nav-heading-mobile=\"Ons Nijmegen. Stad van iedereen.\" >\n\tOns Nijmegen. Stad van iedereen. <\/h1>\t  <\/div>\n\t<\/div>\n  <\/div>\n\n\n<div\n  id=\"\"\n  class=\"wrapper  wrapper__spacing-bottom-large--110 wrapper__spacing-bottom-desktop--60 wrapper__spacing-bottom-mobile--50  wrapper__gutter--none\"\n  >\n  \t<div class=\"wrapper__container wrapper__container-width-large--default\">\n\t  <div class=\"wrapper__inner wrapper__width-large--24 wrapper__width-mobile--24\">\n\t\t<section class=\"block-video\">\n\t<div\n\t\tclass=\"block-video__video-wrapper\"\n\t\tstyle=\"background-image: url('https:\/\/d66.nl\/nijmegen\/wp-content\/uploads\/sites\/104\/2022\/09\/FUzPueqWAAEGUjv-coalitieakkoord-1.jpg')\"\n\t>\n\t\t\t<\/div>\n\n\t\t\t<div class=\"block-video__caption-wrapper\">\n\t\t\t<div class=\"block-video__caption\">\n\t\t\t\t<p class=\"paragraph paragraph__align--left paragraph__color--black paragraph__size--small paragraph__weight--medium\">\n\t\t<b>Marijke Synhaeve<\/b> <i>&#045;<\/i> Beeld: Marijke Synhaeve\t<\/p>\t\t\t<\/div>\n\t\t<\/div>\n\t\n<\/section>\n\n\t  <\/div>\n\t<\/div>\n  <\/div>\n\n\n<div\n  id=\"\"\n  class=\"wrapper  wrapper__spacing-bottom-large--50 wrapper__spacing-bottom-mobile--40  wrapper__gutter--none\"\n  >\n  \t<div class=\"wrapper__container wrapper__container-width-large--default\">\n\t  <div class=\"wrapper__inner wrapper__width-large--13 wrapper__width-desktop--22 wrapper__width-mobile--24 wrapper__offset-large--6 wrapper__offset-desktop--2 wrapper__offset-mobile--0\">\n\t\t<p\n\t\tclass=\"paragraph   paragraph__size--big   block-paragraph__paragraph\"\n\t\t\t>\n\t\t<strong>Dit is ons Nijmegen. Stad van iedereen<\/strong>\t<\/p>\t  <\/div>\n\t<\/div>\n  <\/div>\n\n\n<div\n  id=\"\"\n  class=\"wrapper  wrapper__spacing-bottom-large--30 wrapper__spacing-bottom-desktop--20  wrapper__gutter--none\"\n  >\n  \t<div class=\"wrapper__container wrapper__container-width-large--default\">\n\t  <div class=\"wrapper__inner wrapper__width-large--10 wrapper__width-desktop--22 wrapper__width-mobile--24 wrapper__offset-large--6 wrapper__offset-desktop--2 wrapper__offset-mobile--0\">\n\t\t<p\n\t\tclass=\"paragraph paragraph__align--left paragraph__color--black paragraph__size--default   block-paragraph__paragraph\"\n\t\t\t>\n\t\tIn dit coalitieakkoord voor de periode 2022 \u2013 2026 hebben wij de<br>ambities van onze drie partijen bij elkaar weten te brengen \u00e9n aan<br>te vullen met idee\u00ebn van Nijmeegse organisaties en het belangrijkst:<br>zoveel mogelijk Nijmegenaren.<br><br>Het resultaat: een ambitieus en breed gedragen verhaal van een<br>trotse en gastvrije stad die barst van het groen en van de cultuur en<br>die vooral van iedereen is. Daarom blijven we praten en samenwerken met al die Nijmegenaren die samen met ons de stad n\u00f3g mooier,<br>n\u00f3g groener en n\u00f3g eerlijker willen maken. Want onze geweldige<br>stad is nooit \u2018af\u2019.<br>In dit akkoord beschrijven we alle nieuwe plannen die we hebben<br>voor Nijmegen, bovenop de afspraken en het beleid dat er al ligt.<br>Want we willen het leven in Nijmegen nog beter maken.<br>Lees zelf maar.\t<\/p>\t  <\/div>\n\t<\/div>\n  <\/div>\n\n\n<div\n  id=\"\"\n  class=\"wrapper  wrapper__spacing-bottom-large--20  wrapper__gutter--none\"\n  >\n  \t<div class=\"wrapper__container wrapper__container-width-large--default\">\n\t  <div class=\"wrapper__inner wrapper__width-large--11 wrapper__width-mobile--24 wrapper__offset-large--6\">\n\t\t\t<div class=\"block-lists  block-lists__color--black\">\n\t\t<p class=\"paragraph  paragraph__color--black paragraph__size--default\">\n\t\t\t<\/p><ul class=\"block-lists lists__lists lists__weight--medium lists__color--black lists__type--leading-zero\">\n\t<li><strong>In gesprek met de stad<\/strong> (p. 4).<\/li><li><strong>Klimaat en biodiversiteit<\/strong> (p. 8). <\/li><li><strong>Energie en warmtetransitie<\/strong> (p. 12).<\/li><li><strong>Goed wonen en leven voor iedereen <\/strong>(p. 18).<\/li><li><strong>Mobiliteit en bereikbaarheid<\/strong> (p. 26).<\/li><li><strong>Binnenstad<\/strong> (p. 30).<\/li><li><strong>Cultuur en erfgoed <\/strong> (p. 32).<\/li><li><strong>Eerlijke kansen voor iedereen <\/strong>(p. 36).<\/li><li><strong>Zorg en welzijn <\/strong>(p. 40).<\/li><li><strong>Ondernemerschap en mismatch arbeidsmarkt <\/strong>(p. 44).<\/li><li><strong>Financi\u00ebn <\/strong>(p. 48).<\/li><li><strong>Portefeuilleverdeling <\/strong>(p. 58).<\/li><\/ul>\t<\/div>\n\t\t  <\/div>\n\t<\/div>\n  <\/div>\n\n\n<div\n  id=\"\"\n  class=\"wrapper  wrapper__spacing-bottom-large--30 wrapper__spacing-bottom-desktop--20  wrapper__gutter--none\"\n  >\n  \t<div class=\"wrapper__container wrapper__container-width-large--default\">\n\t  <div class=\"wrapper__inner wrapper__width-large--10 wrapper__width-desktop--22 wrapper__width-mobile--24 wrapper__offset-large--6 wrapper__offset-desktop--2 wrapper__offset-mobile--0\">\n\t\t<p\n\t\tclass=\"paragraph paragraph__align--left paragraph__color--black paragraph__size--default   block-paragraph__paragraph\"\n\t\t\t>\n\t\t\t<\/p>\t  <\/div>\n\t<\/div>\n  <\/div>\n\n\n<div\n  id=\"\"\n  class=\"wrapper  wrapper__spacing-bottom-large--50 wrapper__spacing-bottom-desktop--40 wrapper__spacing-bottom-mobile--40  wrapper__gutter--none\"\n  >\n  \t<div class=\"wrapper__container wrapper__container-width-large--default\">\n\t  <div class=\"wrapper__inner wrapper__width-large--10 wrapper__width-desktop--22 wrapper__width-mobile--24 wrapper__offset-large--6 wrapper__offset-desktop--2 wrapper__offset-mobile--0\">\n\t\t<a\thref=\"https:\/\/d66.nl\/nijmegen\/wp-content\/uploads\/sites\/104\/2022\/09\/Coalitie-akkoord-Nijmegen-220609.pdf\"\n\tclass=\"btn btn__color--macaroni btn__size--default btn__size-width--default    block-button__btn\"\n\tid=\"\"\n\ttitle=\"\"\n\t\t\t\n\t\n\t\n\t\n\t\n\tdata-last-site-id=\"1\"\n\t>\n\t<div class=\"btn__top-wrapper\">\n\t\t\n\t\t<span class=\"btn__title\">\n\t\t\t\t\t<\/span>\n\n\t\t\t<\/div>\n\n\t<span class=\"btn__description\">\n\t\tLees hier het coalitieakkoord in \u00e9\u00e9n document. \t<\/span>\n\n\t<span class=\"btn__spinner btn__spinner--macaroni btn__spinner--default\" aria-hidden=\"true\"><\/span>\n<\/a>\t  <\/div>\n\t<\/div>\n  <\/div>\n","protected":false},"excerpt":{"rendered":"","protected":false},"author":6,"featured_media":0,"parent":0,"menu_order":0,"comment_status":"closed","ping_status":"closed","template":"","meta":{"_acf_changed":false,"footnotes":""},"search-tags":[],"labels":[],"themes-or-point-of-view":[],"class_list":["post-218","page","type-page","status-publish","hentry"],"acf":[],"yoast_head":"<!-- This site is optimized with the Yoast SEO plugin v27.3 - https:\/\/yoast.com\/product\/yoast-seo-wordpress\/ -->\n<title>D66 Nijmegen &#8212; Coalitieakkoord 2022-2026<\/title>\n<meta name=\"robots\" content=\"index, follow, max-snippet:-1, max-image-preview:large, max-video-preview:-1\" \/>\n<link rel=\"canonical\" href=\"https:\/\/d66.nl\/nijmegen\/coalitieakkoord\/\" \/>\n<meta property=\"og:locale\" content=\"nl_NL\" \/>\n<meta property=\"og:type\" content=\"article\" \/>\n<meta property=\"og:title\" content=\"D66 Nijmegen &#8212; Coalitieakkoord 2022-2026\" \/>\n<meta property=\"og:url\" content=\"https:\/\/d66.nl\/nijmegen\/coalitieakkoord\/\" \/>\n<meta property=\"og:site_name\" content=\"D66 Nijmegen\" \/>\n<meta property=\"article:modified_time\" content=\"2022-09-19T11:35:57+00:00\" \/>\n<meta name=\"twitter:card\" content=\"summary_large_image\" \/>\n<script type=\"application\/ld+json\" class=\"yoast-schema-graph\">{\"@context\":\"https:\\\/\\\/schema.org\",\"@graph\":[{\"@type\":\"WebPage\",\"@id\":\"https:\\\/\\\/d66.nl\\\/nijmegen\\\/coalitieakkoord\\\/\",\"url\":\"https:\\\/\\\/d66.nl\\\/nijmegen\\\/coalitieakkoord\\\/\",\"name\":\"D66 Nijmegen &#8212; Coalitieakkoord 2022-2026\",\"isPartOf\":{\"@id\":\"https:\\\/\\\/d66.nl\\\/nijmegen\\\/#website\"},\"datePublished\":\"2021-10-26T14:21:04+00:00\",\"dateModified\":\"2022-09-19T11:35:57+00:00\",\"breadcrumb\":{\"@id\":\"https:\\\/\\\/d66.nl\\\/nijmegen\\\/coalitieakkoord\\\/#breadcrumb\"},\"inLanguage\":\"nl-NL\",\"potentialAction\":[{\"@type\":\"ReadAction\",\"target\":[\"https:\\\/\\\/d66.nl\\\/nijmegen\\\/coalitieakkoord\\\/\"]}]},{\"@type\":\"BreadcrumbList\",\"@id\":\"https:\\\/\\\/d66.nl\\\/nijmegen\\\/coalitieakkoord\\\/#breadcrumb\",\"itemListElement\":[{\"@type\":\"ListItem\",\"position\":1,\"name\":\"Home\",\"item\":\"https:\\\/\\\/d66.nl\\\/nijmegen\\\/\"},{\"@type\":\"ListItem\",\"position\":2,\"name\":\"Coalitieakkoord 2022-2026\"}]},{\"@type\":\"WebSite\",\"@id\":\"https:\\\/\\\/d66.nl\\\/nijmegen\\\/#website\",\"url\":\"https:\\\/\\\/d66.nl\\\/nijmegen\\\/\",\"name\":\"D66 Nijmegen\",\"description\":\"Just another D66 Sites site\",\"publisher\":{\"@id\":\"https:\\\/\\\/d66.nl\\\/nijmegen\\\/#organization\"},\"potentialAction\":[{\"@type\":\"SearchAction\",\"target\":{\"@type\":\"EntryPoint\",\"urlTemplate\":\"https:\\\/\\\/d66.nl\\\/nijmegen\\\/?s={search_term_string}\"},\"query-input\":{\"@type\":\"PropertyValueSpecification\",\"valueRequired\":true,\"valueName\":\"search_term_string\"}}],\"inLanguage\":\"nl-NL\"},{\"@type\":\"Organization\",\"@id\":\"https:\\\/\\\/d66.nl\\\/nijmegen\\\/#organization\",\"name\":\"D66\",\"url\":\"https:\\\/\\\/d66.nl\\\/nijmegen\\\/\",\"logo\":{\"@type\":\"ImageObject\",\"inLanguage\":\"nl-NL\",\"@id\":\"https:\\\/\\\/d66.nl\\\/nijmegen\\\/#\\\/schema\\\/logo\\\/image\\\/\",\"url\":\"https:\\\/\\\/d66.nl\\\/nijmegen\\\/wp-content\\\/uploads\\\/sites\\\/2\\\/2021\\\/10\\\/d66-themas-algemeen-og.png\",\"contentUrl\":\"https:\\\/\\\/d66.nl\\\/nijmegen\\\/wp-content\\\/uploads\\\/sites\\\/2\\\/2021\\\/10\\\/d66-themas-algemeen-og.png\",\"width\":1200,\"height\":628,\"caption\":\"D66\"},\"image\":{\"@id\":\"https:\\\/\\\/d66.nl\\\/nijmegen\\\/#\\\/schema\\\/logo\\\/image\\\/\"}}]}<\/script>\n<!-- \/ Yoast SEO plugin. -->","yoast_head_json":{"title":"D66 Nijmegen &#8212; Coalitieakkoord 2022-2026","robots":{"index":"index","follow":"follow","max-snippet":"max-snippet:-1","max-image-preview":"max-image-preview:large","max-video-preview":"max-video-preview:-1"},"canonical":"https:\/\/d66.nl\/nijmegen\/coalitieakkoord\/","og_locale":"nl_NL","og_type":"article","og_title":"D66 Nijmegen &#8212; Coalitieakkoord 2022-2026","og_url":"https:\/\/d66.nl\/nijmegen\/coalitieakkoord\/","og_site_name":"D66 Nijmegen","article_modified_time":"2022-09-19T11:35:57+00:00","twitter_card":"summary_large_image","schema":{"@context":"https:\/\/schema.org","@graph":[{"@type":"WebPage","@id":"https:\/\/d66.nl\/nijmegen\/coalitieakkoord\/","url":"https:\/\/d66.nl\/nijmegen\/coalitieakkoord\/","name":"D66 Nijmegen &#8212; Coalitieakkoord 2022-2026","isPartOf":{"@id":"https:\/\/d66.nl\/nijmegen\/#website"},"datePublished":"2021-10-26T14:21:04+00:00","dateModified":"2022-09-19T11:35:57+00:00","breadcrumb":{"@id":"https:\/\/d66.nl\/nijmegen\/coalitieakkoord\/#breadcrumb"},"inLanguage":"nl-NL","potentialAction":[{"@type":"ReadAction","target":["https:\/\/d66.nl\/nijmegen\/coalitieakkoord\/"]}]},{"@type":"BreadcrumbList","@id":"https:\/\/d66.nl\/nijmegen\/coalitieakkoord\/#breadcrumb","itemListElement":[{"@type":"ListItem","position":1,"name":"Home","item":"https:\/\/d66.nl\/nijmegen\/"},{"@type":"ListItem","position":2,"name":"Coalitieakkoord 2022-2026"}]},{"@type":"WebSite","@id":"https:\/\/d66.nl\/nijmegen\/#website","url":"https:\/\/d66.nl\/nijmegen\/","name":"D66 Nijmegen","description":"Just another D66 Sites site","publisher":{"@id":"https:\/\/d66.nl\/nijmegen\/#organization"},"potentialAction":[{"@type":"SearchAction","target":{"@type":"EntryPoint","urlTemplate":"https:\/\/d66.nl\/nijmegen\/?s={search_term_string}"},"query-input":{"@type":"PropertyValueSpecification","valueRequired":true,"valueName":"search_term_string"}}],"inLanguage":"nl-NL"},{"@type":"Organization","@id":"https:\/\/d66.nl\/nijmegen\/#organization","name":"D66","url":"https:\/\/d66.nl\/nijmegen\/","logo":{"@type":"ImageObject","inLanguage":"nl-NL","@id":"https:\/\/d66.nl\/nijmegen\/#\/schema\/logo\/image\/","url":"https:\/\/d66.nl\/nijmegen\/wp-content\/uploads\/sites\/2\/2021\/10\/d66-themas-algemeen-og.png","contentUrl":"https:\/\/d66.nl\/nijmegen\/wp-content\/uploads\/sites\/2\/2021\/10\/d66-themas-algemeen-og.png","width":1200,"height":628,"caption":"D66"},"image":{"@id":"https:\/\/d66.nl\/nijmegen\/#\/schema\/logo\/image\/"}}]}},"_links":{"self":[{"href":"https:\/\/d66.nl\/nijmegen\/wp-json\/wp\/v2\/pages\/218","targetHints":{"allow":["GET"]}}],"collection":[{"href":"https:\/\/d66.nl\/nijmegen\/wp-json\/wp\/v2\/pages"}],"about":[{"href":"https:\/\/d66.nl\/nijmegen\/wp-json\/wp\/v2\/types\/page"}],"author":[{"embeddable":true,"href":"https:\/\/d66.nl\/nijmegen\/wp-json\/wp\/v2\/users\/6"}],"replies":[{"embeddable":true,"href":"https:\/\/d66.nl\/nijmegen\/wp-json\/wp\/v2\/comments?post=218"}],"version-history":[{"count":10,"href":"https:\/\/d66.nl\/nijmegen\/wp-json\/wp\/v2\/pages\/218\/revisions"}],"predecessor-version":[{"id":828,"href":"https:\/\/d66.nl\/nijmegen\/wp-json\/wp\/v2\/pages\/218\/revisions\/828"}],"wp:attachment":[{"href":"https:\/\/d66.nl\/nijmegen\/wp-json\/wp\/v2\/media?parent=218"}],"wp:term":[{"taxonomy":"search-tags","embeddable":true,"href":"https:\/\/d66.nl\/nijmegen\/wp-json\/wp\/v2\/search-tags?post=218"},{"taxonomy":"labels","embeddable":true,"href":"https:\/\/d66.nl\/nijmegen\/wp-json\/wp\/v2\/labels?post=218"},{"taxonomy":"themes-or-point-of-view","embeddable":true,"href":"https:\/\/d66.nl\/nijmegen\/wp-json\/wp\/v2\/themes-or-point-of-view?post=218"}],"curies":[{"name":"wp","href":"https:\/\/api.w.org\/{rel}","templated":true}]}}