{"id":2065,"date":"2026-03-01T10:31:10","date_gmt":"2026-03-01T10:31:10","guid":{"rendered":"https:\/\/d66.nl\/maastricht\/?page_id=2065"},"modified":"2026-03-01T10:31:47","modified_gmt":"2026-03-01T10:31:47","slug":"faq-ondernemen","status":"publish","type":"page","link":"https:\/\/d66.nl\/maastricht\/faq\/faq-ondernemen\/","title":{"rendered":"FAQ &#8211; Ondernemen"},"content":{"rendered":"<div\n  id=\"\"\n  class=\"wrapper  wrapper__spacing-bottom-large--50 wrapper__spacing-bottom-desktop--66 wrapper__spacing-bottom-mobile--76  wrapper__gutter--none\"\n  >\n  \t<div class=\"wrapper__container wrapper__container-width-large--default\">\n\t  <div class=\"wrapper__inner wrapper__width-large--14 wrapper__width-desktop--20 wrapper__width-mobile--24 wrapper__offset-large--6 wrapper__offset-desktop--4 wrapper__offset-mobile--0\">\n\t\t<h1 class=\"heading   heading__size--giant heading__font--serif heading__weight--regular  block-heading__heading\" id=\"nav-faq---ondernemen8389\"  data-nav-heading-mobile=\"FAQ - Ondernemen\" >\n\tFAQ &#8211; Ondernemen<\/h1>\t  <\/div>\n\t<\/div>\n  <\/div>\n\n\n<div\n  id=\"\"\n  class=\"wrapper  wrapper__spacing-bottom-large--50 wrapper__spacing-bottom-mobile--40  wrapper__gutter--none\"\n  >\n  \t<div class=\"wrapper__container wrapper__container-width-large--default\">\n\t  <div class=\"wrapper__inner wrapper__width-large--13 wrapper__width-desktop--22 wrapper__width-mobile--24 wrapper__offset-large--6 wrapper__offset-desktop--2 wrapper__offset-mobile--0\">\n\t\t<p\n\t\tclass=\"paragraph   paragraph__size--big   block-paragraph__paragraph\"\n\t\t\t>\n\t\t\t<\/p>\t  <\/div>\n\t<\/div>\n  <\/div>\n\n\n<div\n  id=\"\"\n  class=\"wrapper  wrapper__spacing-bottom-large--50 wrapper__spacing-bottom-desktop--70 wrapper__spacing-bottom-mobile--50  wrapper__gutter--none\"\n  >\n  \t<div class=\"wrapper__container wrapper__container-width-large--default\">\n\t  <div class=\"wrapper__inner wrapper__width-large--18 wrapper__width-desktop--22 wrapper__width-mobile--24 wrapper__offset-large--6 wrapper__offset-desktop--2 wrapper__offset-mobile--0\">\n\t\t<section class=\"block-text-title\">\n\t<div class=\"block-text-title__title\">\n\t\t<h3 class=\"heading  heading__color--black heading__size--medium heading__font--sans heading__weight--bold  block-text-title__heading\" id=\"nav-7662\" data-nav-heading-mobile=\"\">\n\t<\/h3>\t<\/div>\n\t<div class=\"block-text-title__content\">\n\t\t<p class=\"paragraph paragraph__align--left paragraph__color--black paragraph__size--default\">\n\t\tOndernemen moet in Maastricht mogelijk zijn. D66 kiest voor een gemeente die vertrouwen geeft in plaats van wantrouwen organiseert. De overheid stelt duidelijke kaders, maar staat niet in de weg. Dat betekent minder formulieren, snellere procedures en echte regelluwe zones.<br><br>30. Te vaak verdwalen ondernemers in een wirwar van afdelingen en loketten. D66 wil \u00e9\u00e9n helder en persoonlijk aanspreekpunt voor ondernemers, waar vergunningen, subsidies, signalen en idee\u00ebn samenkomen. Ondernemers krijgen \u00e9\u00e9n contactpersoon en \u00e9\u00e9n duidelijk digitaal portaal. De gemeente staat naast ondernemers, niet erboven.<br><br>31. D66 wil onnodige beperkingen voor terrassen en winkeltijden afschaffen. Dat betekent dat ondernemers, in overleg met hun omgeving, met goed onderbouwde en liefst zo breed mogelijk gedragen, voorstellen mogen komen, die worden voorgelegd aan een onafhankelijke commissie van experts. <br><br>32. Het midden- en kleinbedrijf vormt het fundament van de Maastrichtse economie. D66 wil dat het MKB ook bij de gemeente op \u00e9\u00e9n staat. We maken gemeentelijke aanbestedingen toegankelijker voor kleinere bedrijven en schrappen eisen die alleen grote partijen aankunnen. Lokale ondernemers krijgen een eerlijke kans om mee te doen, mits kwaliteit en prijs in balans zijn. Daarnaast maken we groei mogelijk met meer kleine bedrijfsunits, flexibele huurconstructies en ondersteuning bij financiering via gemeentelijke kredietgaranties.<br><br>33. Ondernemers zijn meer dan economische spelers; zij zijn mede-stadmakers. Zij zorgen voor werk, levendigheid, ontmoetingsplekken en betrokkenheid in buurten en wijken. D66 ziet ondernemers als partners in het bouwen aan de stad. Dat vraagt om een gemeente die luistert, meedenkt en ruimte geeft aan initiatief, juist waar ondernemerschap bijdraagt aan leefbaarheid, sociale samenhang en trots op de stad.<br><br>34. Een sterke binnenstad is daarbij onmisbaar. D66 wil een binnenstad die leeft, vernieuwt en uitnodigt. Ondernemers bepalen hun eigen openingstijden, terrassen krijgen ruimte en bureaucratie wordt beperkt. We versterken het centrummanagement en investeren in citymarketing, zodat horeca, retail en cultuur elkaar versterken. Functies mogen zich mengen: winkels, werkplekken en ontmoetingsplekken naast en door elkaar. Een binnenstad die ook \u2019s avonds leeft, is aantrekkelijker, veiliger en economisch sterker.\t<\/p>\t<\/div>\n\n\t<div class=\"block-text-title__sidebar\">\n\t\t\n\t\t\n\t\t\t<\/div>\n<\/section>\n\t  <\/div>\n\t<\/div>\n  <\/div>\n","protected":false},"excerpt":{"rendered":"","protected":false},"author":697,"featured_media":0,"parent":2005,"menu_order":0,"comment_status":"closed","ping_status":"closed","template":"","meta":{"_acf_changed":false,"footnotes":""},"themes-or-point-of-view":[],"labels":[],"search-tags":[],"class_list":["post-2065","page","type-page","status-publish","hentry"],"acf":[],"yoast_head":"<!-- This site is optimized with the Yoast SEO plugin v27.3 - https:\/\/yoast.com\/product\/yoast-seo-wordpress\/ -->\n<title>D66 Maastricht &#8212; FAQ - Ondernemen<\/title>\n<meta name=\"robots\" content=\"index, follow, max-snippet:-1, max-image-preview:large, max-video-preview:-1\" \/>\n<link rel=\"canonical\" href=\"https:\/\/d66.nl\/maastricht\/faq\/faq-ondernemen\/\" \/>\n<meta property=\"og:locale\" content=\"nl_NL\" \/>\n<meta property=\"og:type\" content=\"article\" \/>\n<meta property=\"og:title\" content=\"D66 Maastricht &#8212; FAQ - Ondernemen\" \/>\n<meta property=\"og:url\" content=\"https:\/\/d66.nl\/maastricht\/faq\/faq-ondernemen\/\" \/>\n<meta property=\"og:site_name\" content=\"D66 Maastricht\" \/>\n<meta property=\"article:modified_time\" content=\"2026-03-01T10:31:47+00:00\" \/>\n<meta name=\"twitter:card\" content=\"summary_large_image\" \/>\n<script type=\"application\/ld+json\" class=\"yoast-schema-graph\">{\"@context\":\"https:\\\/\\\/schema.org\",\"@graph\":[{\"@type\":\"WebPage\",\"@id\":\"https:\\\/\\\/d66.nl\\\/maastricht\\\/faq\\\/faq-ondernemen\\\/\",\"url\":\"https:\\\/\\\/d66.nl\\\/maastricht\\\/faq\\\/faq-ondernemen\\\/\",\"name\":\"D66 Maastricht &#8212; FAQ - Ondernemen\",\"isPartOf\":{\"@id\":\"https:\\\/\\\/d66.nl\\\/maastricht\\\/#website\"},\"datePublished\":\"2026-03-01T10:31:10+00:00\",\"dateModified\":\"2026-03-01T10:31:47+00:00\",\"breadcrumb\":{\"@id\":\"https:\\\/\\\/d66.nl\\\/maastricht\\\/faq\\\/faq-ondernemen\\\/#breadcrumb\"},\"inLanguage\":\"nl-NL\",\"potentialAction\":[{\"@type\":\"ReadAction\",\"target\":[\"https:\\\/\\\/d66.nl\\\/maastricht\\\/faq\\\/faq-ondernemen\\\/\"]}]},{\"@type\":\"BreadcrumbList\",\"@id\":\"https:\\\/\\\/d66.nl\\\/maastricht\\\/faq\\\/faq-ondernemen\\\/#breadcrumb\",\"itemListElement\":[{\"@type\":\"ListItem\",\"position\":1,\"name\":\"Home\",\"item\":\"https:\\\/\\\/d66.nl\\\/maastricht\\\/\"},{\"@type\":\"ListItem\",\"position\":2,\"name\":\"FAQ\",\"item\":\"https:\\\/\\\/d66.nl\\\/maastricht\\\/faq\\\/\"},{\"@type\":\"ListItem\",\"position\":3,\"name\":\"FAQ &#8211; Ondernemen\"}]},{\"@type\":\"WebSite\",\"@id\":\"https:\\\/\\\/d66.nl\\\/maastricht\\\/#website\",\"url\":\"https:\\\/\\\/d66.nl\\\/maastricht\\\/\",\"name\":\"D66 Maastricht\",\"description\":\"Laat iedereen vrij, maar niemand vallen.\",\"publisher\":{\"@id\":\"https:\\\/\\\/d66.nl\\\/maastricht\\\/#organization\"},\"potentialAction\":[{\"@type\":\"SearchAction\",\"target\":{\"@type\":\"EntryPoint\",\"urlTemplate\":\"https:\\\/\\\/d66.nl\\\/maastricht\\\/?s={search_term_string}\"},\"query-input\":{\"@type\":\"PropertyValueSpecification\",\"valueRequired\":true,\"valueName\":\"search_term_string\"}}],\"inLanguage\":\"nl-NL\"},{\"@type\":\"Organization\",\"@id\":\"https:\\\/\\\/d66.nl\\\/maastricht\\\/#organization\",\"name\":\"D66\",\"url\":\"https:\\\/\\\/d66.nl\\\/maastricht\\\/\",\"logo\":{\"@type\":\"ImageObject\",\"inLanguage\":\"nl-NL\",\"@id\":\"https:\\\/\\\/d66.nl\\\/maastricht\\\/#\\\/schema\\\/logo\\\/image\\\/\",\"url\":\"https:\\\/\\\/d66.nl\\\/maastricht\\\/wp-content\\\/uploads\\\/sites\\\/2\\\/2021\\\/10\\\/d66-themas-algemeen-og.png\",\"contentUrl\":\"https:\\\/\\\/d66.nl\\\/maastricht\\\/wp-content\\\/uploads\\\/sites\\\/2\\\/2021\\\/10\\\/d66-themas-algemeen-og.png\",\"width\":1200,\"height\":628,\"caption\":\"D66\"},\"image\":{\"@id\":\"https:\\\/\\\/d66.nl\\\/maastricht\\\/#\\\/schema\\\/logo\\\/image\\\/\"}}]}<\/script>\n<!-- \/ Yoast SEO plugin. -->","yoast_head_json":{"title":"D66 Maastricht &#8212; FAQ - Ondernemen","robots":{"index":"index","follow":"follow","max-snippet":"max-snippet:-1","max-image-preview":"max-image-preview:large","max-video-preview":"max-video-preview:-1"},"canonical":"https:\/\/d66.nl\/maastricht\/faq\/faq-ondernemen\/","og_locale":"nl_NL","og_type":"article","og_title":"D66 Maastricht &#8212; FAQ - Ondernemen","og_url":"https:\/\/d66.nl\/maastricht\/faq\/faq-ondernemen\/","og_site_name":"D66 Maastricht","article_modified_time":"2026-03-01T10:31:47+00:00","twitter_card":"summary_large_image","schema":{"@context":"https:\/\/schema.org","@graph":[{"@type":"WebPage","@id":"https:\/\/d66.nl\/maastricht\/faq\/faq-ondernemen\/","url":"https:\/\/d66.nl\/maastricht\/faq\/faq-ondernemen\/","name":"D66 Maastricht &#8212; FAQ - Ondernemen","isPartOf":{"@id":"https:\/\/d66.nl\/maastricht\/#website"},"datePublished":"2026-03-01T10:31:10+00:00","dateModified":"2026-03-01T10:31:47+00:00","breadcrumb":{"@id":"https:\/\/d66.nl\/maastricht\/faq\/faq-ondernemen\/#breadcrumb"},"inLanguage":"nl-NL","potentialAction":[{"@type":"ReadAction","target":["https:\/\/d66.nl\/maastricht\/faq\/faq-ondernemen\/"]}]},{"@type":"BreadcrumbList","@id":"https:\/\/d66.nl\/maastricht\/faq\/faq-ondernemen\/#breadcrumb","itemListElement":[{"@type":"ListItem","position":1,"name":"Home","item":"https:\/\/d66.nl\/maastricht\/"},{"@type":"ListItem","position":2,"name":"FAQ","item":"https:\/\/d66.nl\/maastricht\/faq\/"},{"@type":"ListItem","position":3,"name":"FAQ &#8211; Ondernemen"}]},{"@type":"WebSite","@id":"https:\/\/d66.nl\/maastricht\/#website","url":"https:\/\/d66.nl\/maastricht\/","name":"D66 Maastricht","description":"Laat iedereen vrij, maar niemand vallen.","publisher":{"@id":"https:\/\/d66.nl\/maastricht\/#organization"},"potentialAction":[{"@type":"SearchAction","target":{"@type":"EntryPoint","urlTemplate":"https:\/\/d66.nl\/maastricht\/?s={search_term_string}"},"query-input":{"@type":"PropertyValueSpecification","valueRequired":true,"valueName":"search_term_string"}}],"inLanguage":"nl-NL"},{"@type":"Organization","@id":"https:\/\/d66.nl\/maastricht\/#organization","name":"D66","url":"https:\/\/d66.nl\/maastricht\/","logo":{"@type":"ImageObject","inLanguage":"nl-NL","@id":"https:\/\/d66.nl\/maastricht\/#\/schema\/logo\/image\/","url":"https:\/\/d66.nl\/maastricht\/wp-content\/uploads\/sites\/2\/2021\/10\/d66-themas-algemeen-og.png","contentUrl":"https:\/\/d66.nl\/maastricht\/wp-content\/uploads\/sites\/2\/2021\/10\/d66-themas-algemeen-og.png","width":1200,"height":628,"caption":"D66"},"image":{"@id":"https:\/\/d66.nl\/maastricht\/#\/schema\/logo\/image\/"}}]}},"_links":{"self":[{"href":"https:\/\/d66.nl\/maastricht\/wp-json\/wp\/v2\/pages\/2065","targetHints":{"allow":["GET"]}}],"collection":[{"href":"https:\/\/d66.nl\/maastricht\/wp-json\/wp\/v2\/pages"}],"about":[{"href":"https:\/\/d66.nl\/maastricht\/wp-json\/wp\/v2\/types\/page"}],"author":[{"embeddable":true,"href":"https:\/\/d66.nl\/maastricht\/wp-json\/wp\/v2\/users\/697"}],"replies":[{"embeddable":true,"href":"https:\/\/d66.nl\/maastricht\/wp-json\/wp\/v2\/comments?post=2065"}],"version-history":[{"count":1,"href":"https:\/\/d66.nl\/maastricht\/wp-json\/wp\/v2\/pages\/2065\/revisions"}],"predecessor-version":[{"id":2066,"href":"https:\/\/d66.nl\/maastricht\/wp-json\/wp\/v2\/pages\/2065\/revisions\/2066"}],"up":[{"embeddable":true,"href":"https:\/\/d66.nl\/maastricht\/wp-json\/wp\/v2\/pages\/2005"}],"wp:attachment":[{"href":"https:\/\/d66.nl\/maastricht\/wp-json\/wp\/v2\/media?parent=2065"}],"wp:term":[{"taxonomy":"themes-or-point-of-view","embeddable":true,"href":"https:\/\/d66.nl\/maastricht\/wp-json\/wp\/v2\/themes-or-point-of-view?post=2065"},{"taxonomy":"labels","embeddable":true,"href":"https:\/\/d66.nl\/maastricht\/wp-json\/wp\/v2\/labels?post=2065"},{"taxonomy":"search-tags","embeddable":true,"href":"https:\/\/d66.nl\/maastricht\/wp-json\/wp\/v2\/search-tags?post=2065"}],"curies":[{"name":"wp","href":"https:\/\/api.w.org\/{rel}","templated":true}]}}