{"id":552,"date":"2022-06-27T09:35:55","date_gmt":"2022-06-27T09:35:55","guid":{"rendered":"https:\/\/d66.nl\/internationaal\/?page_id=552"},"modified":"2022-06-27T09:35:55","modified_gmt":"2022-06-27T09:35:55","slug":"partners-2","status":"publish","type":"page","link":"https:\/\/d66.nl\/internationaal\/partners-2\/","title":{"rendered":"Partners"},"content":{"rendered":"<div\n  id=\"\"\n  class=\"wrapper  wrapper__spacing-bottom-large--50 wrapper__spacing-bottom-desktop--66 wrapper__spacing-bottom-mobile--76  wrapper__gutter--none\"\n  >\n  \t<div class=\"wrapper__container wrapper__container-width-large--default\">\n\t  <div class=\"wrapper__inner wrapper__width-large--14 wrapper__width-desktop--20 wrapper__width-mobile--24 wrapper__offset-large--6 wrapper__offset-desktop--4 wrapper__offset-mobile--0\">\n\t\t<h1 class=\"heading   heading__size--giant heading__font--serif heading__weight--regular  block-heading__heading\" id=\"nav-bilaterale-netwerken-5129\"  data-nav-heading-mobile=\"Bilaterale netwerken\" >\n\tBilaterale netwerken <\/h1>\t  <\/div>\n\t<\/div>\n  <\/div>\n\n\n<div\n  id=\"\"\n  class=\"wrapper  wrapper__spacing-bottom-large--50 wrapper__spacing-bottom-mobile--40  wrapper__gutter--none\"\n  >\n  \t<div class=\"wrapper__container wrapper__container-width-large--default\">\n\t  <div class=\"wrapper__inner wrapper__width-large--13 wrapper__width-desktop--22 wrapper__width-mobile--24 wrapper__offset-large--6 wrapper__offset-desktop--2 wrapper__offset-mobile--0\">\n\t\t<p\n\t\tclass=\"paragraph   paragraph__size--big   block-paragraph__paragraph\"\n\t\t\t>\n\t\tD66 Internationaal werkt samen met liberale partijen en organisaties in Oost Europa en de Arabische Regio. Hierin wordt D66 ondersteunt door het Shiraka en Matra programma van het Ministerie van Buitenlandse zaken. Deze programma\u2019s ondersteunen de ontwikkeling van de rechtsstaat en de democratie.\u00a0<br>\u00a0<br>De projecten waar D66 aan bijdraagt zijn gericht op capaciteitsopbouw. Hiermee draagt D66 bij aan opleiding en groei van politici en partijen. Succesvolle projecten zijn onder meer uitgevoerd in Albani\u00eb, Bosni\u00eb en Herzegovina, Turkije, Oekra\u00efne en Belarus. Irak, Jordani\u00eb, Libanon, Marokko en Tunesi\u00eb.\u00a0<br>\u00a0<br>Partnerorganisaties waar wij mee werken zijn bijvoorbeeld: Pait, Boris Divkovic Foundation,\u00a0\u00a0het Grote Midden Oosten Platform, European Youth of Ukraine, Chavchavadze Centre en de Analytical Centre on Globalization and Regional Cooperation.\u00a0\t<\/p>\t  <\/div>\n\t<\/div>\n  <\/div>\n","protected":false},"excerpt":{"rendered":"","protected":false},"author":35,"featured_media":0,"parent":0,"menu_order":0,"comment_status":"closed","ping_status":"closed","template":"","meta":{"_acf_changed":false,"footnotes":""},"search-tags":[],"labels":[],"themes-or-point-of-view":[],"class_list":["post-552","page","type-page","status-publish","hentry"],"acf":[],"yoast_head":"<!-- This site is optimized with the Yoast SEO plugin v27.3 - https:\/\/yoast.com\/product\/yoast-seo-wordpress\/ -->\n<title>D66 Internationaal &#8212; Partners<\/title>\n<meta name=\"robots\" content=\"index, follow, max-snippet:-1, max-image-preview:large, max-video-preview:-1\" \/>\n<link rel=\"canonical\" href=\"https:\/\/d66.nl\/internationaal\/partners-2\/\" \/>\n<meta property=\"og:locale\" content=\"nl_NL\" \/>\n<meta property=\"og:type\" content=\"article\" \/>\n<meta property=\"og:title\" content=\"D66 Internationaal &#8212; Partners\" \/>\n<meta property=\"og:url\" content=\"https:\/\/d66.nl\/internationaal\/partners-2\/\" \/>\n<meta property=\"og:site_name\" content=\"D66 Internationaal\" \/>\n<meta name=\"twitter:card\" content=\"summary_large_image\" \/>\n<script type=\"application\/ld+json\" class=\"yoast-schema-graph\">{\"@context\":\"https:\\\/\\\/schema.org\",\"@graph\":[{\"@type\":\"WebPage\",\"@id\":\"https:\\\/\\\/d66.nl\\\/internationaal\\\/partners-2\\\/\",\"url\":\"https:\\\/\\\/d66.nl\\\/internationaal\\\/partners-2\\\/\",\"name\":\"D66 Internationaal &#8212; Partners\",\"isPartOf\":{\"@id\":\"https:\\\/\\\/d66.nl\\\/internationaal\\\/#website\"},\"datePublished\":\"2022-06-27T09:35:55+00:00\",\"breadcrumb\":{\"@id\":\"https:\\\/\\\/d66.nl\\\/internationaal\\\/partners-2\\\/#breadcrumb\"},\"inLanguage\":\"nl-NL\",\"potentialAction\":[{\"@type\":\"ReadAction\",\"target\":[\"https:\\\/\\\/d66.nl\\\/internationaal\\\/partners-2\\\/\"]}]},{\"@type\":\"BreadcrumbList\",\"@id\":\"https:\\\/\\\/d66.nl\\\/internationaal\\\/partners-2\\\/#breadcrumb\",\"itemListElement\":[{\"@type\":\"ListItem\",\"position\":1,\"name\":\"Home\",\"item\":\"https:\\\/\\\/d66.nl\\\/internationaal\\\/\"},{\"@type\":\"ListItem\",\"position\":2,\"name\":\"Partners\"}]},{\"@type\":\"WebSite\",\"@id\":\"https:\\\/\\\/d66.nl\\\/internationaal\\\/#website\",\"url\":\"https:\\\/\\\/d66.nl\\\/internationaal\\\/\",\"name\":\"D66 Internationaal\",\"description\":\"\",\"publisher\":{\"@id\":\"https:\\\/\\\/d66.nl\\\/internationaal\\\/#organization\"},\"potentialAction\":[{\"@type\":\"SearchAction\",\"target\":{\"@type\":\"EntryPoint\",\"urlTemplate\":\"https:\\\/\\\/d66.nl\\\/internationaal\\\/?s={search_term_string}\"},\"query-input\":{\"@type\":\"PropertyValueSpecification\",\"valueRequired\":true,\"valueName\":\"search_term_string\"}}],\"inLanguage\":\"nl-NL\"},{\"@type\":\"Organization\",\"@id\":\"https:\\\/\\\/d66.nl\\\/internationaal\\\/#organization\",\"name\":\"D66\",\"url\":\"https:\\\/\\\/d66.nl\\\/internationaal\\\/\",\"logo\":{\"@type\":\"ImageObject\",\"inLanguage\":\"nl-NL\",\"@id\":\"https:\\\/\\\/d66.nl\\\/internationaal\\\/#\\\/schema\\\/logo\\\/image\\\/\",\"url\":\"https:\\\/\\\/d66.nl\\\/internationaal\\\/wp-content\\\/uploads\\\/sites\\\/2\\\/2021\\\/10\\\/d66-themas-algemeen-og.png\",\"contentUrl\":\"https:\\\/\\\/d66.nl\\\/internationaal\\\/wp-content\\\/uploads\\\/sites\\\/2\\\/2021\\\/10\\\/d66-themas-algemeen-og.png\",\"width\":1200,\"height\":628,\"caption\":\"D66\"},\"image\":{\"@id\":\"https:\\\/\\\/d66.nl\\\/internationaal\\\/#\\\/schema\\\/logo\\\/image\\\/\"}}]}<\/script>\n<!-- \/ Yoast SEO plugin. -->","yoast_head_json":{"title":"D66 Internationaal &#8212; Partners","robots":{"index":"index","follow":"follow","max-snippet":"max-snippet:-1","max-image-preview":"max-image-preview:large","max-video-preview":"max-video-preview:-1"},"canonical":"https:\/\/d66.nl\/internationaal\/partners-2\/","og_locale":"nl_NL","og_type":"article","og_title":"D66 Internationaal &#8212; Partners","og_url":"https:\/\/d66.nl\/internationaal\/partners-2\/","og_site_name":"D66 Internationaal","twitter_card":"summary_large_image","schema":{"@context":"https:\/\/schema.org","@graph":[{"@type":"WebPage","@id":"https:\/\/d66.nl\/internationaal\/partners-2\/","url":"https:\/\/d66.nl\/internationaal\/partners-2\/","name":"D66 Internationaal &#8212; Partners","isPartOf":{"@id":"https:\/\/d66.nl\/internationaal\/#website"},"datePublished":"2022-06-27T09:35:55+00:00","breadcrumb":{"@id":"https:\/\/d66.nl\/internationaal\/partners-2\/#breadcrumb"},"inLanguage":"nl-NL","potentialAction":[{"@type":"ReadAction","target":["https:\/\/d66.nl\/internationaal\/partners-2\/"]}]},{"@type":"BreadcrumbList","@id":"https:\/\/d66.nl\/internationaal\/partners-2\/#breadcrumb","itemListElement":[{"@type":"ListItem","position":1,"name":"Home","item":"https:\/\/d66.nl\/internationaal\/"},{"@type":"ListItem","position":2,"name":"Partners"}]},{"@type":"WebSite","@id":"https:\/\/d66.nl\/internationaal\/#website","url":"https:\/\/d66.nl\/internationaal\/","name":"D66 Internationaal","description":"","publisher":{"@id":"https:\/\/d66.nl\/internationaal\/#organization"},"potentialAction":[{"@type":"SearchAction","target":{"@type":"EntryPoint","urlTemplate":"https:\/\/d66.nl\/internationaal\/?s={search_term_string}"},"query-input":{"@type":"PropertyValueSpecification","valueRequired":true,"valueName":"search_term_string"}}],"inLanguage":"nl-NL"},{"@type":"Organization","@id":"https:\/\/d66.nl\/internationaal\/#organization","name":"D66","url":"https:\/\/d66.nl\/internationaal\/","logo":{"@type":"ImageObject","inLanguage":"nl-NL","@id":"https:\/\/d66.nl\/internationaal\/#\/schema\/logo\/image\/","url":"https:\/\/d66.nl\/internationaal\/wp-content\/uploads\/sites\/2\/2021\/10\/d66-themas-algemeen-og.png","contentUrl":"https:\/\/d66.nl\/internationaal\/wp-content\/uploads\/sites\/2\/2021\/10\/d66-themas-algemeen-og.png","width":1200,"height":628,"caption":"D66"},"image":{"@id":"https:\/\/d66.nl\/internationaal\/#\/schema\/logo\/image\/"}}]}},"_links":{"self":[{"href":"https:\/\/d66.nl\/internationaal\/wp-json\/wp\/v2\/pages\/552","targetHints":{"allow":["GET"]}}],"collection":[{"href":"https:\/\/d66.nl\/internationaal\/wp-json\/wp\/v2\/pages"}],"about":[{"href":"https:\/\/d66.nl\/internationaal\/wp-json\/wp\/v2\/types\/page"}],"author":[{"embeddable":true,"href":"https:\/\/d66.nl\/internationaal\/wp-json\/wp\/v2\/users\/35"}],"replies":[{"embeddable":true,"href":"https:\/\/d66.nl\/internationaal\/wp-json\/wp\/v2\/comments?post=552"}],"version-history":[{"count":1,"href":"https:\/\/d66.nl\/internationaal\/wp-json\/wp\/v2\/pages\/552\/revisions"}],"predecessor-version":[{"id":553,"href":"https:\/\/d66.nl\/internationaal\/wp-json\/wp\/v2\/pages\/552\/revisions\/553"}],"wp:attachment":[{"href":"https:\/\/d66.nl\/internationaal\/wp-json\/wp\/v2\/media?parent=552"}],"wp:term":[{"taxonomy":"search-tags","embeddable":true,"href":"https:\/\/d66.nl\/internationaal\/wp-json\/wp\/v2\/search-tags?post=552"},{"taxonomy":"labels","embeddable":true,"href":"https:\/\/d66.nl\/internationaal\/wp-json\/wp\/v2\/labels?post=552"},{"taxonomy":"themes-or-point-of-view","embeddable":true,"href":"https:\/\/d66.nl\/internationaal\/wp-json\/wp\/v2\/themes-or-point-of-view?post=552"}],"curies":[{"name":"wp","href":"https:\/\/api.w.org\/{rel}","templated":true}]}}