{"id":477,"date":"2022-03-01T12:08:36","date_gmt":"2022-03-01T12:08:36","guid":{"rendered":"https:\/\/d66.nl\/internationaal\/?page_id=477"},"modified":"2022-06-27T14:02:54","modified_gmt":"2022-06-27T14:02:54","slug":"doe-mee","status":"publish","type":"page","link":"https:\/\/d66.nl\/internationaal\/doe-mee\/","title":{"rendered":"Doe mee"},"content":{"rendered":"<div\n  id=\"\"\n  class=\"wrapper  wrapper__spacing-bottom-large--50 wrapper__spacing-bottom-desktop--66 wrapper__spacing-bottom-mobile--76  wrapper__gutter--none\"\n  >\n  \t<div class=\"wrapper__container wrapper__container-width-large--default\">\n\t  <div class=\"wrapper__inner wrapper__width-large--14 wrapper__width-desktop--20 wrapper__width-mobile--24 wrapper__offset-large--6 wrapper__offset-desktop--4 wrapper__offset-mobile--0\">\n\t\t<h1 class=\"heading   heading__size--giant heading__font--serif heading__weight--regular  block-heading__heading\" id=\"nav-doe-mee-met-d66-internationaal4397\"  data-nav-heading-mobile=\"Doe mee met D66 Internationaal\" >\n\tDoe mee met D66 Internationaal<\/h1>\t  <\/div>\n\t<\/div>\n  <\/div>\n\n\n<div\n  id=\"\"\n  class=\"wrapper  wrapper__spacing-bottom-large--50 wrapper__spacing-bottom-mobile--40  wrapper__gutter--none\"\n  >\n  \t<div class=\"wrapper__container wrapper__container-width-large--default\">\n\t  <div class=\"wrapper__inner wrapper__width-large--13 wrapper__width-desktop--22 wrapper__width-mobile--24 wrapper__offset-large--6 wrapper__offset-desktop--2 wrapper__offset-mobile--0\">\n\t\t<p\n\t\tclass=\"paragraph   paragraph__size--big   block-paragraph__paragraph\"\n\t\t\t>\n\t\tLees hier hoe je bij kunt dragen aan het werk van D66 Internationaal.\t<\/p>\t  <\/div>\n\t<\/div>\n  <\/div>\n\n\n<div\n  id=\"\"\n  class=\"wrapper  wrapper__spacing-bottom-large--50 wrapper__spacing-bottom-desktop--70 wrapper__spacing-bottom-mobile--50  wrapper__gutter--none\"\n  >\n  \t<div class=\"wrapper__container wrapper__container-width-large--default\">\n\t  <div class=\"wrapper__inner wrapper__width-large--18 wrapper__width-desktop--22 wrapper__width-mobile--24 wrapper__offset-large--6 wrapper__offset-desktop--2 wrapper__offset-mobile--0\">\n\t\t<section class=\"block-post-content\">\n\t<div class=\"block-post-content__title\">\n\t\t<h3 class=\"heading  heading__color--black heading__size--medium heading__font--sans heading__weight--semiBold  block-post-content__heading\" id=\"nav-word-internationaal-trainer4769\" data-nav-heading-mobile=\"Word internationaal trainer\">\n\tWord internationaal trainer<\/h3>\t<\/div>\n\t<div class=\"block-post-content__content\">\n\t\t\n<div\n  id=\"\"\n  class=\"wrapper  wrapper__spacing-bottom-large--30 wrapper__spacing-bottom-desktop--20  wrapper__gutter--none\"\n  >\n  \t<div class=\"wrapper__container wrapper__container-width-large--default\">\n\t  <div class=\"wrapper__inner wrapper__width-large--24 wrapper__width-mobile--24\">\n\t\t<p\n\t\tclass=\"paragraph paragraph__align--left paragraph__color--black paragraph__size--default   block-paragraph__paragraph\"\n\t\t\t>\n\t\tVia de internationale stichting gelieerd aan D66 \u2013 het Internationaal Democratisch Initiatief (IDI) \u2013 gaan regelmatig D66 trainers naar het buitenland om een training te geven aan gelijkgezinde zusterorganisaties. Voorbeelden hiervan zijn:\t<\/p>\t  <\/div>\n\t<\/div>\n  <\/div>\n\n\n<div\n  id=\"\"\n  class=\"wrapper  wrapper__spacing-bottom-large--20  wrapper__gutter--none\"\n  >\n  \t<div class=\"wrapper__container wrapper__container-width-large--default\">\n\t  <div class=\"wrapper__inner wrapper__width-large--24 wrapper__width-mobile--24\">\n\t\t\t<div class=\"block-lists  block-lists__color--black\">\n\t\t<p class=\"paragraph  paragraph__color--black paragraph__size--default\">\n\t\t\t<\/p><ul class=\"block-lists lists__lists lists__weight--medium lists__color--black lists__type--default\">\n\t<li>Training Europese integratie aan Oekra\u00efense jonge activisten;<\/li><li>Training (online) campagne voeren aan Tunesische liberale partij;<\/li><li>Ronde tafelgesprek over LHBT-rechten in o.a. Armeni\u00eb;<\/li><li>Training over sociaal ondernemerschap aan Koerdische jongeren. <\/li><\/ul>\t<\/div>\n\t\t  <\/div>\n\t<\/div>\n  <\/div>\n\n\n<div\n  id=\"\"\n  class=\"wrapper  wrapper__spacing-bottom-large--30 wrapper__spacing-bottom-desktop--20  wrapper__gutter--none\"\n  >\n  \t<div class=\"wrapper__container wrapper__container-width-large--default\">\n\t  <div class=\"wrapper__inner wrapper__width-large--24 wrapper__width-mobile--24\">\n\t\t<p\n\t\tclass=\"paragraph paragraph__align--left paragraph__color--black paragraph__size--default   block-paragraph__paragraph\"\n\t\t\t>\n\t\tLijkt het je leuk om voor D66 in het buitenland training te geven, stuur een bericht naar\u00a0<a href=\"mailto:internationaal@d66.nl\">internationaal@d66.nl<\/a>. Vermeld daarin op welke onderwerpen jouw expertise ligt en of je al ervaring hebt als trainer.<br>\t<\/p>\t  <\/div>\n\t<\/div>\n  <\/div>\n\n\n<div\n  id=\"\"\n  class=\"wrapper  wrapper__spacing-bottom-large--50 wrapper__spacing-bottom-desktop--40 wrapper__spacing-bottom-mobile--40  wrapper__gutter--none\"\n  >\n  \t<div class=\"wrapper__container wrapper__container-width-large--default\">\n\t  <div class=\"wrapper__inner wrapper__width-large--24 wrapper__width-mobile--24\">\n\t\t<a\thref=\"mailto:internationaal@d66.nl\"\n\tclass=\"btn btn__color--black btn__size--default btn__size-width--default    block-button__btn\"\n\tid=\"\"\n\ttitle=\"Stuur een e-mail\"\n\t\t\t\n\t\n\t\n\t\n\t\n\tdata-last-site-id=\"1\"\n\t>\n\t<div class=\"btn__top-wrapper\">\n\t\t\n\t\t<span class=\"btn__title\">\n\t\t\tStuur een e-mail\t\t<\/span>\n\n\t\t\t\t\t\t\t\t\t<div class=\"btn__media-icon\">\n\t\t\t\t\t<svg width='40' height='40' fill='none' xmlns='http:\/\/www.w3.org\/2000\/svg'><path d='M26.447 19.724a1 1 0 0 1 0 1.79l-4.764 2.38a1 1 0 0 1-1.447-.893v-4.765a1 1 0 0 1 1.447-.893l4.764 2.381Z' fill='#000'\/><path d='M22.236 20.619h-8' stroke='#000' stroke-width='2' stroke-linecap='round'\/><rect x='39' y='39' width='38' height='38' rx='19' transform='rotate(180 39 39)' stroke='#000' stroke-width='2'\/><\/svg>\t\t\t\t<\/div>\n\t\t\t\t\t\t<\/div>\n\n\t<span class=\"btn__description\">\n\t\t\t<\/span>\n\n\t<span class=\"btn__spinner btn__spinner--black btn__spinner--default\" aria-hidden=\"true\"><\/span>\n<\/a>\t  <\/div>\n\t<\/div>\n  <\/div>\n\n\t<\/div>\n\n\t<div class=\"block-post-content__sidebar\">\n\t\t\n\t\t\n\t\t\t<\/div>\n<\/section>\n\t  <\/div>\n\t<\/div>\n  <\/div>\n\n\n<div\n  id=\"\"\n  class=\"wrapper  wrapper__spacing-bottom-large--50 wrapper__spacing-bottom-desktop--70 wrapper__spacing-bottom-mobile--50  wrapper__gutter--none\"\n  >\n  \t<div class=\"wrapper__container wrapper__container-width-large--default\">\n\t  <div class=\"wrapper__inner wrapper__width-large--18 wrapper__width-desktop--22 wrapper__width-mobile--24 wrapper__offset-large--6 wrapper__offset-desktop--2 wrapper__offset-mobile--0\">\n\t\t<section class=\"block-post-content\">\n\t<div class=\"block-post-content__title\">\n\t\t<h3 class=\"heading  heading__color--black heading__size--medium heading__font--sans heading__weight--semiBold  block-post-content__heading\" id=\"nav-thema-afdelingen6892\" data-nav-heading-mobile=\"Thema-afdelingen\">\n\tThema-afdelingen<\/h3>\t<\/div>\n\t<div class=\"block-post-content__content\">\n\t\t\n<div\n  id=\"\"\n  class=\"wrapper  wrapper__spacing-bottom-large--30 wrapper__spacing-bottom-desktop--20  wrapper__gutter--none\"\n  >\n  \t<div class=\"wrapper__container wrapper__container-width-large--default\">\n\t  <div class=\"wrapper__inner wrapper__width-large--24 wrapper__width-mobile--24\">\n\t\t<p\n\t\tclass=\"paragraph paragraph__align--left paragraph__color--black paragraph__size--default   block-paragraph__paragraph\"\n\t\t\t>\n\t\tWord actief bij \u00e9\u00e9n van de internationaal geori\u00ebnteerde Thema-Afdelingen: Europa, Internationale Samenwerking of Internationale Veiligheid &amp; Defensie.\t<\/p>\t  <\/div>\n\t<\/div>\n  <\/div>\n\n\n<div\n  id=\"\"\n  class=\"wrapper  wrapper__spacing-bottom-large--50 wrapper__spacing-bottom-desktop--40 wrapper__spacing-bottom-mobile--40  wrapper__gutter--none\"\n  >\n  \t<div class=\"wrapper__container wrapper__container-width-large--default\">\n\t  <div class=\"wrapper__inner wrapper__width-large--24 wrapper__width-mobile--24\">\n\t\t<a\thref=\"https:\/\/d66.nl\/meedoen\/thema-afdelingen\/\"\n\tclass=\"btn btn__color--black btn__size--default btn__size-width--default    block-button__btn\"\n\tid=\"\"\n\ttitle=\"Meld je aan\"\n\t\t\t\n\t\n\t\n\t\n\t\n\tdata-last-site-id=\"1\"\n\t>\n\t<div class=\"btn__top-wrapper\">\n\t\t\n\t\t<span class=\"btn__title\">\n\t\t\tMeld je aan\t\t<\/span>\n\n\t\t\t\t\t\t\t\t\t<div class=\"btn__media-icon\">\n\t\t\t\t\t<svg width='40' height='40' fill='none' xmlns='http:\/\/www.w3.org\/2000\/svg'><path d='M26.447 19.724a1 1 0 0 1 0 1.79l-4.764 2.38a1 1 0 0 1-1.447-.893v-4.765a1 1 0 0 1 1.447-.893l4.764 2.381Z' fill='#000'\/><path d='M22.236 20.619h-8' stroke='#000' stroke-width='2' stroke-linecap='round'\/><rect x='39' y='39' width='38' height='38' rx='19' transform='rotate(180 39 39)' stroke='#000' stroke-width='2'\/><\/svg>\t\t\t\t<\/div>\n\t\t\t\t\t\t<\/div>\n\n\t<span class=\"btn__description\">\n\t\t\t<\/span>\n\n\t<span class=\"btn__spinner btn__spinner--black btn__spinner--default\" aria-hidden=\"true\"><\/span>\n<\/a>\t  <\/div>\n\t<\/div>\n  <\/div>\n\n\t<\/div>\n\n\t<div class=\"block-post-content__sidebar\">\n\t\t\n\t\t\n\t\t\t<\/div>\n<\/section>\n\t  <\/div>\n\t<\/div>\n  <\/div>\n\n\n<div\n  id=\"\"\n  class=\"wrapper  wrapper__spacing-bottom-large--50 wrapper__spacing-bottom-desktop--70 wrapper__spacing-bottom-mobile--50  wrapper__gutter--none\"\n  >\n  \t<div class=\"wrapper__container wrapper__container-width-large--default\">\n\t  <div class=\"wrapper__inner wrapper__width-large--18 wrapper__width-desktop--22 wrapper__width-mobile--24 wrapper__offset-large--6 wrapper__offset-desktop--2 wrapper__offset-mobile--0\">\n\t\t<section class=\"block-post-content\">\n\t<div class=\"block-post-content__title\">\n\t\t<h3 class=\"heading  heading__color--black heading__size--medium heading__font--sans heading__weight--semiBold  block-post-content__heading\" id=\"nav-d66-buitenland2634\" data-nav-heading-mobile=\"D66 Buitenland\">\n\tD66 Buitenland<\/h3>\t<\/div>\n\t<div class=\"block-post-content__content\">\n\t\t\n<div\n  id=\"\"\n  class=\"wrapper  wrapper__spacing-bottom-large--30 wrapper__spacing-bottom-desktop--20  wrapper__gutter--none\"\n  >\n  \t<div class=\"wrapper__container wrapper__container-width-large--default\">\n\t  <div class=\"wrapper__inner wrapper__width-large--24 wrapper__width-mobile--24\">\n\t\t<p\n\t\tclass=\"paragraph paragraph__align--left paragraph__color--black paragraph__size--default   block-paragraph__paragraph\"\n\t\t\t>\n\t\tVanuit het besef dat het aantal Nederlanders in het buitenland groeiende is \u2013 en via internet sneller en beter ge\u00efnformeerd bovendien \u2013 is het belang van een duidelijk D66-netwerk in het buitenland snel toegenomen. Naast de al bestaande afdelingen Berlijn, Brussel\/Luxemburg, Londen, New York en Parijs heeft de Regio Buitenland met name ten doel de Nederlanders die op andere plaatsen dan deze steden wonen, te ondersteunen, te verbinden en een stem te geven binnen de vereniging.<br><br>D66\u2019ers zijn te vinden in de volgende landen: Aruba, Australi\u00eb, Belgi\u00eb, Canada, China, Denemarken, Duitsland, Egypte, Frankrijk, Griekenland, Hongarije, Hong Kong, Ierland, India, Indonesi\u00eb,\u00a0Itali\u00eb, Japan, Luxemburg, Mexico, Mozambique, Noorwegen, Oostenrijk, Panama, Polen, Rusland, Singapore, Spanje, Slowakije, St. Maarten, Thailand, Tsjechi\u00eb, VK, VS, IJsland, Zweden en Zwitserland.<br>Vind D66 Buitenland ook op\u00a0<a href=\"https:\/\/twitter.com\/D66buitenland\">Twitter<\/a>\u00a0en\u00a0<a href=\"https:\/\/www.facebook.com\/groups\/1438555563045877\/%20\">Facebook<\/a>.<br><br>Heb je vragen? Neem contact op met de voorzitter via voorzitter@d66inhetbuitenland.nl.\t<\/p>\t  <\/div>\n\t<\/div>\n  <\/div>\n\n\n<div\n  id=\"\"\n  class=\"wrapper  wrapper__spacing-bottom-large--50 wrapper__spacing-bottom-desktop--40 wrapper__spacing-bottom-mobile--40  wrapper__gutter--none\"\n  >\n  \t<div class=\"wrapper__container wrapper__container-width-large--default\">\n\t  <div class=\"wrapper__inner wrapper__width-large--24 wrapper__width-mobile--24\">\n\t\t<a\thref=\"mailto:voorzitter@d66inhetbuitenland.nl\"\n\tclass=\"btn btn__color--black btn__size--default btn__size-width--default    block-button__btn\"\n\tid=\"\"\n\ttitle=\"Stuur een e-mail\"\n\t\t\t\n\t\n\t\n\t\n\t\n\tdata-last-site-id=\"1\"\n\t>\n\t<div class=\"btn__top-wrapper\">\n\t\t\n\t\t<span class=\"btn__title\">\n\t\t\tStuur een e-mail\t\t<\/span>\n\n\t\t\t\t\t\t\t\t\t<div class=\"btn__media-icon\">\n\t\t\t\t\t<svg width='40' height='40' fill='none' xmlns='http:\/\/www.w3.org\/2000\/svg'><path d='M26.447 19.724a1 1 0 0 1 0 1.79l-4.764 2.38a1 1 0 0 1-1.447-.893v-4.765a1 1 0 0 1 1.447-.893l4.764 2.381Z' fill='#000'\/><path d='M22.236 20.619h-8' stroke='#000' stroke-width='2' stroke-linecap='round'\/><rect x='39' y='39' width='38' height='38' rx='19' transform='rotate(180 39 39)' stroke='#000' stroke-width='2'\/><\/svg>\t\t\t\t<\/div>\n\t\t\t\t\t\t<\/div>\n\n\t<span class=\"btn__description\">\n\t\t\t<\/span>\n\n\t<span class=\"btn__spinner btn__spinner--black btn__spinner--default\" aria-hidden=\"true\"><\/span>\n<\/a>\t  <\/div>\n\t<\/div>\n  <\/div>\n\n\t<\/div>\n\n\t<div class=\"block-post-content__sidebar\">\n\t\t\n\t\t\n\t\t\t<\/div>\n<\/section>\n\t  <\/div>\n\t<\/div>\n  <\/div>\n","protected":false},"excerpt":{"rendered":"","protected":false},"author":22,"featured_media":300000185,"parent":0,"menu_order":0,"comment_status":"closed","ping_status":"closed","template":"","meta":{"_acf_changed":false,"footnotes":""},"search-tags":[],"labels":[],"themes-or-point-of-view":[],"class_list":["post-477","page","type-page","status-publish","has-post-thumbnail","hentry"],"acf":[],"yoast_head":"<!-- This site is optimized with the Yoast SEO plugin v27.3 - https:\/\/yoast.com\/product\/yoast-seo-wordpress\/ -->\n<title>D66 Internationaal &#8212; Doe mee<\/title>\n<meta name=\"robots\" content=\"index, follow, max-snippet:-1, max-image-preview:large, max-video-preview:-1\" \/>\n<link rel=\"canonical\" href=\"https:\/\/d66.nl\/internationaal\/doe-mee\/\" \/>\n<meta property=\"og:locale\" content=\"nl_NL\" \/>\n<meta property=\"og:type\" content=\"article\" \/>\n<meta property=\"og:title\" content=\"D66 Internationaal &#8212; Doe mee\" \/>\n<meta property=\"og:url\" content=\"https:\/\/d66.nl\/internationaal\/doe-mee\/\" \/>\n<meta property=\"og:site_name\" content=\"D66 Internationaal\" \/>\n<meta property=\"article:modified_time\" content=\"2022-06-27T14:02:54+00:00\" \/>\n<meta name=\"twitter:card\" content=\"summary_large_image\" \/>\n<script type=\"application\/ld+json\" class=\"yoast-schema-graph\">{\"@context\":\"https:\\\/\\\/schema.org\",\"@graph\":[{\"@type\":\"WebPage\",\"@id\":\"https:\\\/\\\/d66.nl\\\/internationaal\\\/doe-mee\\\/\",\"url\":\"https:\\\/\\\/d66.nl\\\/internationaal\\\/doe-mee\\\/\",\"name\":\"D66 Internationaal &#8212; Doe mee\",\"isPartOf\":{\"@id\":\"https:\\\/\\\/d66.nl\\\/internationaal\\\/#website\"},\"primaryImageOfPage\":{\"@id\":\"https:\\\/\\\/d66.nl\\\/internationaal\\\/doe-mee\\\/#primaryimage\"},\"image\":{\"@id\":\"https:\\\/\\\/d66.nl\\\/internationaal\\\/doe-mee\\\/#primaryimage\"},\"thumbnailUrl\":\"https:\\\/\\\/d66.nl\\\/internationaal\\\/wp-content\\\/uploads\\\/sites\\\/3\\\/2021\\\/10\\\/d66-campagne-190406-D66_OnderwijsSymposium2019-033.jpg\",\"datePublished\":\"2022-03-01T12:08:36+00:00\",\"dateModified\":\"2022-06-27T14:02:54+00:00\",\"breadcrumb\":{\"@id\":\"https:\\\/\\\/d66.nl\\\/internationaal\\\/doe-mee\\\/#breadcrumb\"},\"inLanguage\":\"nl-NL\",\"potentialAction\":[{\"@type\":\"ReadAction\",\"target\":[\"https:\\\/\\\/d66.nl\\\/internationaal\\\/doe-mee\\\/\"]}]},{\"@type\":\"ImageObject\",\"inLanguage\":\"nl-NL\",\"@id\":\"https:\\\/\\\/d66.nl\\\/internationaal\\\/doe-mee\\\/#primaryimage\",\"url\":\"https:\\\/\\\/d66.nl\\\/internationaal\\\/wp-content\\\/uploads\\\/sites\\\/3\\\/2021\\\/10\\\/d66-campagne-190406-D66_OnderwijsSymposium2019-033.jpg\",\"contentUrl\":\"https:\\\/\\\/d66.nl\\\/internationaal\\\/wp-content\\\/uploads\\\/sites\\\/3\\\/2021\\\/10\\\/d66-campagne-190406-D66_OnderwijsSymposium2019-033.jpg\"},{\"@type\":\"BreadcrumbList\",\"@id\":\"https:\\\/\\\/d66.nl\\\/internationaal\\\/doe-mee\\\/#breadcrumb\",\"itemListElement\":[{\"@type\":\"ListItem\",\"position\":1,\"name\":\"Home\",\"item\":\"https:\\\/\\\/d66.nl\\\/internationaal\\\/\"},{\"@type\":\"ListItem\",\"position\":2,\"name\":\"Doe mee\"}]},{\"@type\":\"WebSite\",\"@id\":\"https:\\\/\\\/d66.nl\\\/internationaal\\\/#website\",\"url\":\"https:\\\/\\\/d66.nl\\\/internationaal\\\/\",\"name\":\"D66 Internationaal\",\"description\":\"\",\"publisher\":{\"@id\":\"https:\\\/\\\/d66.nl\\\/internationaal\\\/#organization\"},\"potentialAction\":[{\"@type\":\"SearchAction\",\"target\":{\"@type\":\"EntryPoint\",\"urlTemplate\":\"https:\\\/\\\/d66.nl\\\/internationaal\\\/?s={search_term_string}\"},\"query-input\":{\"@type\":\"PropertyValueSpecification\",\"valueRequired\":true,\"valueName\":\"search_term_string\"}}],\"inLanguage\":\"nl-NL\"},{\"@type\":\"Organization\",\"@id\":\"https:\\\/\\\/d66.nl\\\/internationaal\\\/#organization\",\"name\":\"D66\",\"url\":\"https:\\\/\\\/d66.nl\\\/internationaal\\\/\",\"logo\":{\"@type\":\"ImageObject\",\"inLanguage\":\"nl-NL\",\"@id\":\"https:\\\/\\\/d66.nl\\\/internationaal\\\/#\\\/schema\\\/logo\\\/image\\\/\",\"url\":\"https:\\\/\\\/d66.nl\\\/internationaal\\\/wp-content\\\/uploads\\\/sites\\\/2\\\/2021\\\/10\\\/d66-themas-algemeen-og.png\",\"contentUrl\":\"https:\\\/\\\/d66.nl\\\/internationaal\\\/wp-content\\\/uploads\\\/sites\\\/2\\\/2021\\\/10\\\/d66-themas-algemeen-og.png\",\"width\":1200,\"height\":628,\"caption\":\"D66\"},\"image\":{\"@id\":\"https:\\\/\\\/d66.nl\\\/internationaal\\\/#\\\/schema\\\/logo\\\/image\\\/\"}}]}<\/script>\n<!-- \/ Yoast SEO plugin. -->","yoast_head_json":{"title":"D66 Internationaal &#8212; Doe mee","robots":{"index":"index","follow":"follow","max-snippet":"max-snippet:-1","max-image-preview":"max-image-preview:large","max-video-preview":"max-video-preview:-1"},"canonical":"https:\/\/d66.nl\/internationaal\/doe-mee\/","og_locale":"nl_NL","og_type":"article","og_title":"D66 Internationaal &#8212; Doe mee","og_url":"https:\/\/d66.nl\/internationaal\/doe-mee\/","og_site_name":"D66 Internationaal","article_modified_time":"2022-06-27T14:02:54+00:00","twitter_card":"summary_large_image","schema":{"@context":"https:\/\/schema.org","@graph":[{"@type":"WebPage","@id":"https:\/\/d66.nl\/internationaal\/doe-mee\/","url":"https:\/\/d66.nl\/internationaal\/doe-mee\/","name":"D66 Internationaal &#8212; Doe mee","isPartOf":{"@id":"https:\/\/d66.nl\/internationaal\/#website"},"primaryImageOfPage":{"@id":"https:\/\/d66.nl\/internationaal\/doe-mee\/#primaryimage"},"image":{"@id":"https:\/\/d66.nl\/internationaal\/doe-mee\/#primaryimage"},"thumbnailUrl":"https:\/\/d66.nl\/internationaal\/wp-content\/uploads\/sites\/3\/2021\/10\/d66-campagne-190406-D66_OnderwijsSymposium2019-033.jpg","datePublished":"2022-03-01T12:08:36+00:00","dateModified":"2022-06-27T14:02:54+00:00","breadcrumb":{"@id":"https:\/\/d66.nl\/internationaal\/doe-mee\/#breadcrumb"},"inLanguage":"nl-NL","potentialAction":[{"@type":"ReadAction","target":["https:\/\/d66.nl\/internationaal\/doe-mee\/"]}]},{"@type":"ImageObject","inLanguage":"nl-NL","@id":"https:\/\/d66.nl\/internationaal\/doe-mee\/#primaryimage","url":"https:\/\/d66.nl\/internationaal\/wp-content\/uploads\/sites\/3\/2021\/10\/d66-campagne-190406-D66_OnderwijsSymposium2019-033.jpg","contentUrl":"https:\/\/d66.nl\/internationaal\/wp-content\/uploads\/sites\/3\/2021\/10\/d66-campagne-190406-D66_OnderwijsSymposium2019-033.jpg"},{"@type":"BreadcrumbList","@id":"https:\/\/d66.nl\/internationaal\/doe-mee\/#breadcrumb","itemListElement":[{"@type":"ListItem","position":1,"name":"Home","item":"https:\/\/d66.nl\/internationaal\/"},{"@type":"ListItem","position":2,"name":"Doe mee"}]},{"@type":"WebSite","@id":"https:\/\/d66.nl\/internationaal\/#website","url":"https:\/\/d66.nl\/internationaal\/","name":"D66 Internationaal","description":"","publisher":{"@id":"https:\/\/d66.nl\/internationaal\/#organization"},"potentialAction":[{"@type":"SearchAction","target":{"@type":"EntryPoint","urlTemplate":"https:\/\/d66.nl\/internationaal\/?s={search_term_string}"},"query-input":{"@type":"PropertyValueSpecification","valueRequired":true,"valueName":"search_term_string"}}],"inLanguage":"nl-NL"},{"@type":"Organization","@id":"https:\/\/d66.nl\/internationaal\/#organization","name":"D66","url":"https:\/\/d66.nl\/internationaal\/","logo":{"@type":"ImageObject","inLanguage":"nl-NL","@id":"https:\/\/d66.nl\/internationaal\/#\/schema\/logo\/image\/","url":"https:\/\/d66.nl\/internationaal\/wp-content\/uploads\/sites\/2\/2021\/10\/d66-themas-algemeen-og.png","contentUrl":"https:\/\/d66.nl\/internationaal\/wp-content\/uploads\/sites\/2\/2021\/10\/d66-themas-algemeen-og.png","width":1200,"height":628,"caption":"D66"},"image":{"@id":"https:\/\/d66.nl\/internationaal\/#\/schema\/logo\/image\/"}}]}},"_links":{"self":[{"href":"https:\/\/d66.nl\/internationaal\/wp-json\/wp\/v2\/pages\/477","targetHints":{"allow":["GET"]}}],"collection":[{"href":"https:\/\/d66.nl\/internationaal\/wp-json\/wp\/v2\/pages"}],"about":[{"href":"https:\/\/d66.nl\/internationaal\/wp-json\/wp\/v2\/types\/page"}],"author":[{"embeddable":true,"href":"https:\/\/d66.nl\/internationaal\/wp-json\/wp\/v2\/users\/22"}],"replies":[{"embeddable":true,"href":"https:\/\/d66.nl\/internationaal\/wp-json\/wp\/v2\/comments?post=477"}],"version-history":[{"count":4,"href":"https:\/\/d66.nl\/internationaal\/wp-json\/wp\/v2\/pages\/477\/revisions"}],"predecessor-version":[{"id":568,"href":"https:\/\/d66.nl\/internationaal\/wp-json\/wp\/v2\/pages\/477\/revisions\/568"}],"wp:featuredmedia":[{"embeddable":true,"href":"https:\/\/d66.nl\/internationaal\/wp-json\/"}],"wp:attachment":[{"href":"https:\/\/d66.nl\/internationaal\/wp-json\/wp\/v2\/media?parent=477"}],"wp:term":[{"taxonomy":"search-tags","embeddable":true,"href":"https:\/\/d66.nl\/internationaal\/wp-json\/wp\/v2\/search-tags?post=477"},{"taxonomy":"labels","embeddable":true,"href":"https:\/\/d66.nl\/internationaal\/wp-json\/wp\/v2\/labels?post=477"},{"taxonomy":"themes-or-point-of-view","embeddable":true,"href":"https:\/\/d66.nl\/internationaal\/wp-json\/wp\/v2\/themes-or-point-of-view?post=477"}],"curies":[{"name":"wp","href":"https:\/\/api.w.org\/{rel}","templated":true}]}}