{"id":9,"date":"2021-10-20T19:00:23","date_gmt":"2021-10-20T19:00:23","guid":{"rendered":"https:\/\/d66.nl\/hellendoorn\/?page_id=9"},"modified":"2026-03-01T13:36:01","modified_gmt":"2026-03-01T13:36:01","slug":"homepage","status":"publish","type":"page","link":"https:\/\/d66.nl\/hellendoorn\/","title":{"rendered":"Homepage"},"content":{"rendered":"<section class=\"block-big-hero-new\" data-video-url=\"\" style=\"--block-background-color: var(--global-colors-maize, --global-colors-maize);\">\n\t<div class=\"block-big-hero-new__wrapper-width\">\n\t\t<div class=\"block-big-hero-new__wrapper block-big-hero-new__wrapper--left block-big-hero-new__wrapper--no-video\" style=\"background-image: url('https:\/\/media.d66.nl\/uploads\/sites\/314\/2026\/03\/Fietsroute-foto13-nieuw-scaled.jpg')\">\n\t\t\t<div class=\"block-big-hero-new__content-wrapper block-big-hero-new__content-wrapper--no-video\">\n\t\t\t\t\t\t\t\t\t<div class=\"block-big-hero-new__location block-big-hero-new__location--no-video\">\n\t\t\t\t\t\t<svg height='12px' width='12px' fill=\"#000000\" xmlns=\"http:\/\/www.w3.org\/2000\/svg\" xmlns:xlink=\"http:\/\/www.w3.org\/1999\/xlink\" version=\"1.1\" x=\"0px\" y=\"0px\" viewBox=\"0 0 55 55\" style=\"enable-background:new 0 0 55 55;\" xml:space=\"preserve\">\n\t\t\t\t\t\t\t<g>\n\t\t\t\t\t\t\t\t<g>\n\t\t\t\t\t\t\t\t\t<g>\n\t\t\t\t\t\t\t\t\t\t<path d=\"M27.5,3.5c-10.9299927,0-18,7.9100342-18,20.1600342c0,13.0200195,16.6599731,27.0200195,17.3699951,27.5998535     C27.0499878,51.4200439,27.2799683,51.5,27.5,51.5c0.2299805,0,0.460022-0.0799561,0.6400146-0.2401123     C28.8499756,50.6800537,45.5,36.6800537,45.5,23.6600342C45.5,11.4100342,38.4400024,3.5,27.5,3.5z M27.5,31.9200439     c-4.3499756,0-7.9000244-3.5500488-7.9000244-7.9101563c0-4.3498535,3.5500488-7.8999023,7.9000244-7.8999023     c4.3599854,0,7.9099731,3.5500488,7.9099731,7.8999023C35.4099731,28.3699951,31.8599854,31.9200439,27.5,31.9200439z\"><\/path>\n\t\t\t\t\t\t\t\t\t<\/g>\n\t\t\t\t\t\t\t\t<\/g>\n\t\t\t\t\t\t\t<\/g>\n\t\t\t\t\t\t<\/svg>\n\t\t\t\t\t\tHellendoorn\t\t\t\t\t<\/div>\n\t\t\t\t\t\t\t\t<div class=\"block-big-hero-new__heading block-big-hero-new__heading--no-video\">\n\t\t\t\t\t<h1 class=\"heading heading__align--left heading__color--white heading__size--big heading__font--sans heading__weight--bold\" id=\"nav-het-kan-w--l2195\" data-nav-heading-mobile=\"Het kan w\u00e9l\">\n\tHet kan w\u00e9l<\/h1>\t\t\t\t<\/div>\n\n\t\t\t\t\n\t\t\t\t\n\t\t\t\t\t\t\t<\/div>\n\t\t<\/div>\n\n\t\t<div class=\"block-big-hero-new__wrapper block-big-hero-new__wrapper--right block-big-hero-new__wrapper--no-video\">\n\t\t\t<div class=\"block-big-hero-new__sidebar-wrapper block-big-hero-new__sidebar-wrapper--no-video\">\n\t\t\t\t<div class=\"block-big-hero-new__mini-card\">\n<div class=\"mini-card  mini-card__style mini-card__style--default\" data-post-id=\"0\">\n\t\n\t\t\t\t<div class=\"mini-card__heading\">\n\t\t\t<a href=\"https:\/\/d66.nl\/hellendoorn\/onze-missie\/\" class=\"mini-card__link\">\n\t\t\t\t<h2 class=\"heading heading__align--left heading__color--black heading__size--larger heading__font--sans heading__weight--bold\" id=\"nav-vooruit-met-vertrouwen--br-hellendoorn-br-kan-meer-7178\">\n\tVooruit met vertrouwen.<br>Hellendoorn<br>kan meer.<\/h2>\t\t\t<\/a>\n\t\t<\/div>\n\t\t\t\t\n\t\t\t<div class=\"mini-card__paragraph\">\n\t\t\t<p class=\"paragraph paragraph__align--left paragraph__color--black paragraph__size--default paragraph__weight--medium\">\n\t\tWe geloven in vrijheid \u00e9n verantwoordelijkheid.<br>In solidariteit \u00e9n vernieuwing. <br>In keuzes die eerlijk zijn<br>voor de generaties van nu \u00e9n die van morgen.\t<\/p>\t\t<\/div>\n\t\n\t<a href=\"https:\/\/d66.nl\/hellendoorn\/onze-missie\/\" class=\"buttonV2 buttonV2__color--transparent buttonV2__size--default buttonV2__size-width--default buttonV2__link  mini-card__buttonV2\" id=\"\" target=\"\">\n\t<div class=\"buttonV2__top-wrapper buttonV2__arrow-align--right\">\n\t\t\t\t\t<span class=\"buttonV2__title\">\n\t\t\t\tOnze missie\t\t\t<\/span>\n\t\t\n\t\t\t\t\t<div class=\"buttonV2__icon\">\n\t\t\t\t<svg xmlns='http:\/\/www.w3.org\/2000\/svg' viewBox='0 0 58.14 50.62'><path d='m32.82 50.62 25.32-25.31L32.82 0l-4.35 4.35 17.92 17.86H0v6.21h46.39L28.47 46.33l4.35 4.29z' fill='currentColor' \/><\/svg>\t\t\t<\/div>\n\t\t\t<\/div>\n\n\t<\/a><\/div>\n<\/div>\n\t\t\t\t\t\t\t<\/div>\n\t\t<\/div>\n\t<\/div>\n<\/section>\n\n\n\n<div\n  id=\"\"\n  class=\"wrapper  wrapper__spacing-bottom-large--20  wrapper__gutter--none\"\n  >\n  \t<div class=\"wrapper__container wrapper__container-width-large--default\">\n\t  <div class=\"wrapper__inner wrapper__width-large--24 wrapper__width-mobile--24\">\n\t\t<h2 class=\"heading heading__align--left heading__color--black heading__size--huge heading__font--sans heading__weight--bold  block-heading__heading\" id=\"nav-6524\"  data-nav-heading-mobile=\"\" >\n\t<\/h2>\t  <\/div>\n\t<\/div>\n  <\/div>\n\n\n<div\n  id=\"\"\n  class=\"wrapper  wrapper__spacing-bottom-large--20  wrapper__gutter--none\"\n  >\n  \t<div class=\"wrapper__container wrapper__container-width-large--default\">\n\t  <div class=\"wrapper__inner wrapper__width-large--24 wrapper__width-mobile--24\">\n\t\t<img loading=\"lazy\" decoding=\"async\" width=\"1024\" height=\"658\" src=\"https:\/\/media.d66.nl\/uploads\/sites\/314\/2026\/03\/Kopie-van-Kandidaten-web_1024x658-1024x658.png\" class=\"image block-image__img\" alt=\"\" srcset=\"https:\/\/media.d66.nl\/uploads\/sites\/314\/2026\/03\/Kopie-van-Kandidaten-web_1024x658-1024x658.png 1024w, https:\/\/media.d66.nl\/uploads\/sites\/314\/2026\/03\/Kopie-van-Kandidaten-web_1024x658-300x193.png 300w, https:\/\/media.d66.nl\/uploads\/sites\/314\/2026\/03\/Kopie-van-Kandidaten-web_1024x658-768x494.png 768w, https:\/\/media.d66.nl\/uploads\/sites\/314\/2026\/03\/Kopie-van-Kandidaten-web_1024x658-1536x987.png 1536w, https:\/\/media.d66.nl\/uploads\/sites\/314\/2026\/03\/Kopie-van-Kandidaten-web_1024x658.png 2048w\" sizes=\"auto, (max-width: 1024px) 100vw, 1024px\" \/>\n\t\t\t<div class=\"image__caption-wrapper block-image__caption-wrapper\">\n\t\t\t<div class=\"image__caption block-image__caption\">\n\t\t\t\t<p class=\"paragraph paragraph__align--left paragraph__color--black paragraph__size--small paragraph__weight--medium\">\n\t\tBeeld: D66 Hellendoorn\t<\/p>\t\t\t<\/div>\n\t\t<\/div>\t  <\/div>\n\t<\/div>\n  <\/div>\n\n\n<div\n  id=\"\"\n  class=\"wrapper  wrapper__spacing-bottom-large--20  wrapper__gutter--none\"\n  >\n  \t<div class=\"wrapper__container wrapper__container-width-large--default\">\n\t  <div class=\"wrapper__inner wrapper__width-large--24 wrapper__width-mobile--24\">\n\t\t<a\n\thref=\"https:\/\/d66.nl\/hellendoorn\/onze-mensen\/\"\n\tclass=\"arrow-link arrow-link__size--big arrow-link__color--black block-arrow-link__arrow_link\"\n\tid=\"\"\n\ttitle=\"Klik hier voor al onze mensen\"\n\n\t\n\t>\n\t<span class=\"arrow-link__arrow\"><\/span>\n\t<span class=\"arrow-link__title\">Klik hier voor al onze mensen<\/span>\n<\/a>\t  <\/div>\n\t<\/div>\n  <\/div>\n","protected":false},"excerpt":{"rendered":"","protected":false},"author":342,"featured_media":832,"parent":0,"menu_order":0,"comment_status":"closed","ping_status":"closed","template":"full-width.php","meta":{"_acf_changed":false,"footnotes":""},"search-tags":[],"labels":[],"themes-or-point-of-view":[],"class_list":["post-9","page","type-page","status-publish","has-post-thumbnail","hentry"],"acf":[],"yoast_head":"<!-- This site is optimized with the Yoast SEO plugin v27.3 - https:\/\/yoast.com\/product\/yoast-seo-wordpress\/ -->\n<title>D66 Hellendoorn &#8212; Laat iedereen vrij, maar niemand vallen<\/title>\n<meta name=\"description\" content=\"Je bent pas vrij als iedereen dat is. D66 gelooft in gelijke kansen voor iedereen en hulp voor wie het nodig heeft.\" \/>\n<meta name=\"robots\" content=\"index, follow, max-snippet:-1, max-image-preview:large, max-video-preview:-1\" \/>\n<link rel=\"canonical\" href=\"https:\/\/d66.nl\/hellendoorn\/\" \/>\n<meta property=\"og:locale\" content=\"nl_NL\" \/>\n<meta property=\"og:type\" content=\"article\" \/>\n<meta property=\"og:title\" content=\"D66 Hellendoorn &#8212; Laat iedereen vrij, maar niemand vallen\" \/>\n<meta property=\"og:description\" content=\"Je bent pas vrij als iedereen dat is. D66 gelooft in gelijke kansen voor iedereen en hulp voor wie het nodig heeft.\" \/>\n<meta property=\"og:url\" content=\"https:\/\/d66.nl\/hellendoorn\/\" \/>\n<meta property=\"og:site_name\" content=\"D66 Hellendoorn\" \/>\n<meta property=\"article:modified_time\" content=\"2026-03-01T13:36:01+00:00\" \/>\n<meta property=\"og:image\" content=\"https:\/\/media.d66.nl\/uploads\/sites\/314\/2026\/03\/Fietsroute-foto13-nieuw-scaled.jpg\" \/>\n\t<meta property=\"og:image:width\" content=\"2560\" \/>\n\t<meta property=\"og:image:height\" content=\"1707\" \/>\n\t<meta property=\"og:image:type\" content=\"image\/jpeg\" \/>\n<meta name=\"twitter:card\" content=\"summary_large_image\" \/>\n<meta name=\"twitter:label1\" content=\"Geschatte leestijd\" \/>\n\t<meta name=\"twitter:data1\" content=\"1 minuut\" \/>\n<script type=\"application\/ld+json\" class=\"yoast-schema-graph\">{\"@context\":\"https:\\\/\\\/schema.org\",\"@graph\":[{\"@type\":\"WebPage\",\"@id\":\"https:\\\/\\\/d66.nl\\\/hellendoorn\\\/\",\"url\":\"https:\\\/\\\/d66.nl\\\/hellendoorn\\\/\",\"name\":\"D66 Hellendoorn &#8212; Laat iedereen vrij, maar niemand vallen\",\"isPartOf\":{\"@id\":\"https:\\\/\\\/d66.nl\\\/hellendoorn\\\/#website\"},\"primaryImageOfPage\":{\"@id\":\"https:\\\/\\\/d66.nl\\\/hellendoorn\\\/#primaryimage\"},\"image\":{\"@id\":\"https:\\\/\\\/d66.nl\\\/hellendoorn\\\/#primaryimage\"},\"thumbnailUrl\":\"https:\\\/\\\/media.d66.nl\\\/uploads\\\/sites\\\/314\\\/2026\\\/03\\\/Fietsroute-foto13-nieuw-scaled.jpg\",\"datePublished\":\"2021-10-20T19:00:23+00:00\",\"dateModified\":\"2026-03-01T13:36:01+00:00\",\"description\":\"Je bent pas vrij als iedereen dat is. D66 gelooft in gelijke kansen voor iedereen en hulp voor wie het nodig heeft.\",\"breadcrumb\":{\"@id\":\"https:\\\/\\\/d66.nl\\\/hellendoorn\\\/#breadcrumb\"},\"inLanguage\":\"nl-NL\",\"potentialAction\":[{\"@type\":\"ReadAction\",\"target\":[\"https:\\\/\\\/d66.nl\\\/hellendoorn\\\/\"]}]},{\"@type\":\"ImageObject\",\"inLanguage\":\"nl-NL\",\"@id\":\"https:\\\/\\\/d66.nl\\\/hellendoorn\\\/#primaryimage\",\"url\":\"https:\\\/\\\/media.d66.nl\\\/uploads\\\/sites\\\/314\\\/2026\\\/03\\\/Fietsroute-foto13-nieuw-scaled.jpg\",\"contentUrl\":\"https:\\\/\\\/media.d66.nl\\\/uploads\\\/sites\\\/314\\\/2026\\\/03\\\/Fietsroute-foto13-nieuw-scaled.jpg\",\"width\":2560,\"height\":1707},{\"@type\":\"BreadcrumbList\",\"@id\":\"https:\\\/\\\/d66.nl\\\/hellendoorn\\\/#breadcrumb\",\"itemListElement\":[{\"@type\":\"ListItem\",\"position\":1,\"name\":\"Home\",\"item\":\"https:\\\/\\\/d66.nl\\\/hellendoorn\\\/\"},{\"@type\":\"ListItem\",\"position\":2,\"name\":\"Home\"}]},{\"@type\":\"WebSite\",\"@id\":\"https:\\\/\\\/d66.nl\\\/hellendoorn\\\/#website\",\"url\":\"https:\\\/\\\/d66.nl\\\/hellendoorn\\\/\",\"name\":\"D66 Hellendoorn\",\"description\":\"Just another D66 Sites site\",\"publisher\":{\"@id\":\"https:\\\/\\\/d66.nl\\\/hellendoorn\\\/#organization\"},\"potentialAction\":[{\"@type\":\"SearchAction\",\"target\":{\"@type\":\"EntryPoint\",\"urlTemplate\":\"https:\\\/\\\/d66.nl\\\/hellendoorn\\\/?s={search_term_string}\"},\"query-input\":{\"@type\":\"PropertyValueSpecification\",\"valueRequired\":true,\"valueName\":\"search_term_string\"}}],\"inLanguage\":\"nl-NL\"},{\"@type\":\"Organization\",\"@id\":\"https:\\\/\\\/d66.nl\\\/hellendoorn\\\/#organization\",\"name\":\"D66\",\"url\":\"https:\\\/\\\/d66.nl\\\/hellendoorn\\\/\",\"logo\":{\"@type\":\"ImageObject\",\"inLanguage\":\"nl-NL\",\"@id\":\"https:\\\/\\\/d66.nl\\\/hellendoorn\\\/#\\\/schema\\\/logo\\\/image\\\/\",\"url\":\"https:\\\/\\\/d66.nl\\\/hellendoorn\\\/wp-content\\\/uploads\\\/sites\\\/2\\\/2021\\\/10\\\/d66-themas-algemeen-og.png\",\"contentUrl\":\"https:\\\/\\\/d66.nl\\\/hellendoorn\\\/wp-content\\\/uploads\\\/sites\\\/2\\\/2021\\\/10\\\/d66-themas-algemeen-og.png\",\"width\":1200,\"height\":628,\"caption\":\"D66\"},\"image\":{\"@id\":\"https:\\\/\\\/d66.nl\\\/hellendoorn\\\/#\\\/schema\\\/logo\\\/image\\\/\"}}]}<\/script>\n<!-- \/ Yoast SEO plugin. -->","yoast_head_json":{"title":"D66 Hellendoorn &#8212; Laat iedereen vrij, maar niemand vallen","description":"Je bent pas vrij als iedereen dat is. D66 gelooft in gelijke kansen voor iedereen en hulp voor wie het nodig heeft.","robots":{"index":"index","follow":"follow","max-snippet":"max-snippet:-1","max-image-preview":"max-image-preview:large","max-video-preview":"max-video-preview:-1"},"canonical":"https:\/\/d66.nl\/hellendoorn\/","og_locale":"nl_NL","og_type":"article","og_title":"D66 Hellendoorn &#8212; Laat iedereen vrij, maar niemand vallen","og_description":"Je bent pas vrij als iedereen dat is. D66 gelooft in gelijke kansen voor iedereen en hulp voor wie het nodig heeft.","og_url":"https:\/\/d66.nl\/hellendoorn\/","og_site_name":"D66 Hellendoorn","article_modified_time":"2026-03-01T13:36:01+00:00","og_image":[{"width":2560,"height":1707,"url":"https:\/\/media.d66.nl\/uploads\/sites\/314\/2026\/03\/Fietsroute-foto13-nieuw-scaled.jpg","type":"image\/jpeg"}],"twitter_card":"summary_large_image","twitter_misc":{"Geschatte leestijd":"1 minuut"},"schema":{"@context":"https:\/\/schema.org","@graph":[{"@type":"WebPage","@id":"https:\/\/d66.nl\/hellendoorn\/","url":"https:\/\/d66.nl\/hellendoorn\/","name":"D66 Hellendoorn &#8212; Laat iedereen vrij, maar niemand vallen","isPartOf":{"@id":"https:\/\/d66.nl\/hellendoorn\/#website"},"primaryImageOfPage":{"@id":"https:\/\/d66.nl\/hellendoorn\/#primaryimage"},"image":{"@id":"https:\/\/d66.nl\/hellendoorn\/#primaryimage"},"thumbnailUrl":"https:\/\/media.d66.nl\/uploads\/sites\/314\/2026\/03\/Fietsroute-foto13-nieuw-scaled.jpg","datePublished":"2021-10-20T19:00:23+00:00","dateModified":"2026-03-01T13:36:01+00:00","description":"Je bent pas vrij als iedereen dat is. D66 gelooft in gelijke kansen voor iedereen en hulp voor wie het nodig heeft.","breadcrumb":{"@id":"https:\/\/d66.nl\/hellendoorn\/#breadcrumb"},"inLanguage":"nl-NL","potentialAction":[{"@type":"ReadAction","target":["https:\/\/d66.nl\/hellendoorn\/"]}]},{"@type":"ImageObject","inLanguage":"nl-NL","@id":"https:\/\/d66.nl\/hellendoorn\/#primaryimage","url":"https:\/\/media.d66.nl\/uploads\/sites\/314\/2026\/03\/Fietsroute-foto13-nieuw-scaled.jpg","contentUrl":"https:\/\/media.d66.nl\/uploads\/sites\/314\/2026\/03\/Fietsroute-foto13-nieuw-scaled.jpg","width":2560,"height":1707},{"@type":"BreadcrumbList","@id":"https:\/\/d66.nl\/hellendoorn\/#breadcrumb","itemListElement":[{"@type":"ListItem","position":1,"name":"Home","item":"https:\/\/d66.nl\/hellendoorn\/"},{"@type":"ListItem","position":2,"name":"Home"}]},{"@type":"WebSite","@id":"https:\/\/d66.nl\/hellendoorn\/#website","url":"https:\/\/d66.nl\/hellendoorn\/","name":"D66 Hellendoorn","description":"Just another D66 Sites site","publisher":{"@id":"https:\/\/d66.nl\/hellendoorn\/#organization"},"potentialAction":[{"@type":"SearchAction","target":{"@type":"EntryPoint","urlTemplate":"https:\/\/d66.nl\/hellendoorn\/?s={search_term_string}"},"query-input":{"@type":"PropertyValueSpecification","valueRequired":true,"valueName":"search_term_string"}}],"inLanguage":"nl-NL"},{"@type":"Organization","@id":"https:\/\/d66.nl\/hellendoorn\/#organization","name":"D66","url":"https:\/\/d66.nl\/hellendoorn\/","logo":{"@type":"ImageObject","inLanguage":"nl-NL","@id":"https:\/\/d66.nl\/hellendoorn\/#\/schema\/logo\/image\/","url":"https:\/\/d66.nl\/hellendoorn\/wp-content\/uploads\/sites\/2\/2021\/10\/d66-themas-algemeen-og.png","contentUrl":"https:\/\/d66.nl\/hellendoorn\/wp-content\/uploads\/sites\/2\/2021\/10\/d66-themas-algemeen-og.png","width":1200,"height":628,"caption":"D66"},"image":{"@id":"https:\/\/d66.nl\/hellendoorn\/#\/schema\/logo\/image\/"}}]}},"_links":{"self":[{"href":"https:\/\/d66.nl\/hellendoorn\/wp-json\/wp\/v2\/pages\/9","targetHints":{"allow":["GET"]}}],"collection":[{"href":"https:\/\/d66.nl\/hellendoorn\/wp-json\/wp\/v2\/pages"}],"about":[{"href":"https:\/\/d66.nl\/hellendoorn\/wp-json\/wp\/v2\/types\/page"}],"author":[{"embeddable":true,"href":"https:\/\/d66.nl\/hellendoorn\/wp-json\/wp\/v2\/users\/342"}],"replies":[{"embeddable":true,"href":"https:\/\/d66.nl\/hellendoorn\/wp-json\/wp\/v2\/comments?post=9"}],"version-history":[{"count":10,"href":"https:\/\/d66.nl\/hellendoorn\/wp-json\/wp\/v2\/pages\/9\/revisions"}],"predecessor-version":[{"id":845,"href":"https:\/\/d66.nl\/hellendoorn\/wp-json\/wp\/v2\/pages\/9\/revisions\/845"}],"wp:featuredmedia":[{"embeddable":true,"href":"https:\/\/d66.nl\/hellendoorn\/wp-json\/wp\/v2\/media\/832"}],"wp:attachment":[{"href":"https:\/\/d66.nl\/hellendoorn\/wp-json\/wp\/v2\/media?parent=9"}],"wp:term":[{"taxonomy":"search-tags","embeddable":true,"href":"https:\/\/d66.nl\/hellendoorn\/wp-json\/wp\/v2\/search-tags?post=9"},{"taxonomy":"labels","embeddable":true,"href":"https:\/\/d66.nl\/hellendoorn\/wp-json\/wp\/v2\/labels?post=9"},{"taxonomy":"themes-or-point-of-view","embeddable":true,"href":"https:\/\/d66.nl\/hellendoorn\/wp-json\/wp\/v2\/themes-or-point-of-view?post=9"}],"curies":[{"name":"wp","href":"https:\/\/api.w.org\/{rel}","templated":true}]}}