{"id":1134,"date":"2019-01-26T17:48:00","date_gmt":"2019-01-26T17:48:00","guid":{"rendered":"https:\/\/d66.nl\/elsborstnetwerk\/?page_id=1134"},"modified":"2022-10-07T17:44:33","modified_gmt":"2022-10-07T17:44:33","slug":"i-am-europe-convention","status":"publish","type":"page","link":"https:\/\/d66.nl\/elsborstnetwerk\/i-am-europe-convention\/","title":{"rendered":"I am Europe Convention"},"content":{"rendered":"<div\n  id=\"\"\n  class=\"wrapper  wrapper__spacing-bottom-large--50 wrapper__spacing-bottom-desktop--66 wrapper__spacing-bottom-mobile--76  wrapper__gutter--none\"\n  >\n  \t<div class=\"wrapper__container wrapper__container-width-large--default\">\n\t  <div class=\"wrapper__inner wrapper__width-large--14 wrapper__width-desktop--20 wrapper__width-mobile--24 wrapper__offset-large--6 wrapper__offset-desktop--4 wrapper__offset-mobile--0\">\n\t\t<h1 class=\"heading   heading__size--giant heading__font--serif heading__weight--regular  block-heading__heading\" id=\"nav-i-am-europe-convention7076\"  data-nav-heading-mobile=\"I am Europe Convention\" >\n\tI am Europe Convention<\/h1>\t  <\/div>\n\t<\/div>\n  <\/div>\n\n\n<div\n  id=\"\"\n  class=\"wrapper  wrapper__spacing-bottom-large--50 wrapper__spacing-bottom-mobile--40  wrapper__gutter--none\"\n  >\n  \t<div class=\"wrapper__container wrapper__container-width-large--default\">\n\t  <div class=\"wrapper__inner wrapper__width-large--13 wrapper__width-desktop--22 wrapper__width-mobile--24 wrapper__offset-large--6 wrapper__offset-desktop--2 wrapper__offset-mobile--0\">\n\t\t<p\n\t\tclass=\"paragraph   paragraph__size--big   block-paragraph__paragraph\"\n\t\t\t>\n\t\tI am Europe Convention\t<\/p>\t  <\/div>\n\t<\/div>\n  <\/div>\n\n\n<div\n  id=\"\"\n  class=\"wrapper  wrapper__spacing-bottom-large--50 wrapper__spacing-bottom-desktop--70 wrapper__spacing-bottom-mobile--50  wrapper__gutter--none\"\n  >\n  \t<div class=\"wrapper__container wrapper__container-width-large--default\">\n\t  <div class=\"wrapper__inner wrapper__width-large--18 wrapper__width-desktop--22 wrapper__width-mobile--24 wrapper__offset-large--6 wrapper__offset-desktop--2 wrapper__offset-mobile--0\">\n\t\t<section class=\"block-post-content\">\n\t<div class=\"block-post-content__title\">\n\t\t<h3 class=\"heading  heading__color--black heading__size--medium heading__font--sans heading__weight--bold  block-post-content__heading\" id=\"nav-1366\" data-nav-heading-mobile=\"\">\n\t<\/h3>\t<\/div>\n\t<div class=\"block-post-content__content\">\n\t\t\n<div\n  id=\"\"\n  class=\"wrapper  wrapper__spacing-bottom-large--30 wrapper__spacing-bottom-desktop--20  wrapper__gutter--none\"\n  >\n  \t<div class=\"wrapper__container wrapper__container-width-large--default\">\n\t  <div class=\"wrapper__inner wrapper__width-large--24 wrapper__width-mobile--24\">\n\t\t<p\n\t\tclass=\"paragraph paragraph__align--left paragraph__color--black paragraph__size--default   block-paragraph__paragraph\"\n\t\t\t>\n\t\t<strong>How women can help shape Europe\u00a0&#8211; Meet &amp; Greet EBN in Brussel<\/strong><br>Zaterdag 26 januari organiseerde het Els Borst Netwerk een meet&amp;greet tussen verschillende Europese vrouwennetwerken, op de I Am Europe Convention in Brussel.\u00a0Vertegenwoordigers van de\u00a0European Women\u2019s Lobby, Stem op een vrouw,\u00a0Open VLD-vrouwen, Vlaamse Vrouwenraad\u00a0en de\u00a0ALDE European Women&#8217;s Academy\u00a0gingen met elkaar en het publiek in gesprek over de rol van vrouwen in de (Europese) politiek.<br><br>Samen met het publiek maakten we kennis met elkaar. Er bleek een grote behoefte aan onderlinge verbinding. Veel netwerken lopen tegen dezelfde zaken aan of hebben dezelfde vragen.\u00a0Door met elkaar in gesprek te gaan bleek al snel dat we samen m\u00e9\u00e9r goede idee\u00ebn hebben en dat we elkaar kunnen helpen. Daarom gaat het\u00a0Els Borst Netwerk een vervolg geven aan deze internationale verbinding, want alleen samen kunnen vrouwen bijdragen aan een sterk, inclusief Europa!<br><br>\u00a0<br><img loading=\"lazy\" decoding=\"async\" width=\"429\" height=\"223\" src=\"https:\/\/elsborstnetwerk.d66.nl\/content\/uploads\/sites\/469\/2019\/04\/D66-I-am-Europe-Convention-2019-300x156.jpg\" alt=\"\">\u00a0<img loading=\"lazy\" decoding=\"async\" width=\"300\" height=\"225\" src=\"https:\/\/elsborstnetwerk.d66.nl\/content\/uploads\/sites\/469\/2019\/04\/unnamed-300x225.jpg\" alt=\"\">\t<\/p>\t  <\/div>\n\t<\/div>\n  <\/div>\n\n\n<div\n  id=\"\"\n  class=\"wrapper  wrapper__spacing-bottom-large--20  wrapper__gutter--none\"\n  >\n  \t<div class=\"wrapper__container wrapper__container-width-large--default\">\n\t  <div class=\"wrapper__inner wrapper__width-large--24 wrapper__width-mobile--24\">\n\t\t\t<div class=\"block-lists  block-lists__color--black\">\n\t\t<p class=\"paragraph  paragraph__color--black paragraph__size--default\">\n\t\t\t<\/p><ul class=\"block-lists lists__lists lists__weight--medium lists__color--black lists__type--default\">\n\t<\/ul>\t<\/div>\n\t\t  <\/div>\n\t<\/div>\n  <\/div>\n\n\n<div\n  id=\"\"\n  class=\"wrapper  wrapper__spacing-bottom-large--20  wrapper__gutter--none\"\n  >\n  \t<div class=\"wrapper__container wrapper__container-width-large--default\">\n\t  <div class=\"wrapper__inner wrapper__width-large--24 wrapper__width-mobile--24\">\n\t\t<div class=\"image__caption-wrapper block-image__caption-wrapper\">\n\t\t\t<div class=\"image__caption block-image__caption\">\n\t\t\t\t<p class=\"paragraph paragraph__align--left paragraph__color--black paragraph__size--small paragraph__weight--medium\">\n\t\t<span style=\"color: red\">LET OP: auteursrechten ontbreken<\/span>. <a href=\"https:\/\/d66.nl\/elsborstnetwerk\/wp-admin\/upload.php?item=0\">S.v.p. de auteursrechten invullen voor deze afbeelding<\/a> before using it.\t<\/p>\t\t\t<\/div>\n\t\t<\/div>\t  <\/div>\n\t<\/div>\n  <\/div>\n\n\t<\/div>\n\n\t<div class=\"block-post-content__sidebar\">\n\t\t\n\t\t\n\t\t\t<\/div>\n<\/section>\n\t  <\/div>\n\t<\/div>\n  <\/div>\n","protected":false},"excerpt":{"rendered":"","protected":false},"author":1058,"featured_media":0,"parent":0,"menu_order":0,"comment_status":"closed","ping_status":"closed","template":"","meta":{"_acf_changed":false,"footnotes":""},"search-tags":[12],"labels":[],"themes-or-point-of-view":[],"class_list":["post-1134","page","type-page","status-publish","hentry","search-tags-eerdere-evenementen"],"acf":[],"yoast_head":"<!-- This site is optimized with the Yoast SEO plugin v27.3 - https:\/\/yoast.com\/product\/yoast-seo-wordpress\/ -->\n<title>D66 Els Borst Netwerk &#8212; I am Europe Convention<\/title>\n<meta name=\"robots\" content=\"index, follow, max-snippet:-1, max-image-preview:large, max-video-preview:-1\" \/>\n<link rel=\"canonical\" href=\"https:\/\/d66.nl\/elsborstnetwerk\/i-am-europe-convention\/\" \/>\n<meta property=\"og:locale\" content=\"nl_NL\" \/>\n<meta property=\"og:type\" content=\"article\" \/>\n<meta property=\"og:title\" content=\"D66 Els Borst Netwerk &#8212; I am Europe Convention\" \/>\n<meta property=\"og:url\" content=\"https:\/\/d66.nl\/elsborstnetwerk\/i-am-europe-convention\/\" \/>\n<meta property=\"og:site_name\" content=\"D66 Els Borst Netwerk\" \/>\n<meta property=\"article:modified_time\" content=\"2022-10-07T17:44:33+00:00\" \/>\n<meta name=\"twitter:card\" content=\"summary_large_image\" \/>\n<script type=\"application\/ld+json\" class=\"yoast-schema-graph\">{\"@context\":\"https:\\\/\\\/schema.org\",\"@graph\":[{\"@type\":\"WebPage\",\"@id\":\"https:\\\/\\\/d66.nl\\\/elsborstnetwerk\\\/i-am-europe-convention\\\/\",\"url\":\"https:\\\/\\\/d66.nl\\\/elsborstnetwerk\\\/i-am-europe-convention\\\/\",\"name\":\"D66 Els Borst Netwerk &#8212; I am Europe Convention\",\"isPartOf\":{\"@id\":\"https:\\\/\\\/d66.nl\\\/elsborstnetwerk\\\/#website\"},\"datePublished\":\"2019-01-26T17:48:00+00:00\",\"dateModified\":\"2022-10-07T17:44:33+00:00\",\"breadcrumb\":{\"@id\":\"https:\\\/\\\/d66.nl\\\/elsborstnetwerk\\\/i-am-europe-convention\\\/#breadcrumb\"},\"inLanguage\":\"nl-NL\",\"potentialAction\":[{\"@type\":\"ReadAction\",\"target\":[\"https:\\\/\\\/d66.nl\\\/elsborstnetwerk\\\/i-am-europe-convention\\\/\"]}]},{\"@type\":\"BreadcrumbList\",\"@id\":\"https:\\\/\\\/d66.nl\\\/elsborstnetwerk\\\/i-am-europe-convention\\\/#breadcrumb\",\"itemListElement\":[{\"@type\":\"ListItem\",\"position\":1,\"name\":\"Home\",\"item\":\"https:\\\/\\\/d66.nl\\\/elsborstnetwerk\\\/\"},{\"@type\":\"ListItem\",\"position\":2,\"name\":\"I am Europe Convention\"}]},{\"@type\":\"WebSite\",\"@id\":\"https:\\\/\\\/d66.nl\\\/elsborstnetwerk\\\/#website\",\"url\":\"https:\\\/\\\/d66.nl\\\/elsborstnetwerk\\\/\",\"name\":\"D66 Els Borst Netwerk\",\"description\":\"Just another D66 Sites site\",\"publisher\":{\"@id\":\"https:\\\/\\\/d66.nl\\\/elsborstnetwerk\\\/#organization\"},\"potentialAction\":[{\"@type\":\"SearchAction\",\"target\":{\"@type\":\"EntryPoint\",\"urlTemplate\":\"https:\\\/\\\/d66.nl\\\/elsborstnetwerk\\\/?s={search_term_string}\"},\"query-input\":{\"@type\":\"PropertyValueSpecification\",\"valueRequired\":true,\"valueName\":\"search_term_string\"}}],\"inLanguage\":\"nl-NL\"},{\"@type\":\"Organization\",\"@id\":\"https:\\\/\\\/d66.nl\\\/elsborstnetwerk\\\/#organization\",\"name\":\"D66\",\"url\":\"https:\\\/\\\/d66.nl\\\/elsborstnetwerk\\\/\",\"logo\":{\"@type\":\"ImageObject\",\"inLanguage\":\"nl-NL\",\"@id\":\"https:\\\/\\\/d66.nl\\\/elsborstnetwerk\\\/#\\\/schema\\\/logo\\\/image\\\/\",\"url\":\"https:\\\/\\\/d66.nl\\\/elsborstnetwerk\\\/wp-content\\\/uploads\\\/sites\\\/2\\\/2021\\\/10\\\/d66-themas-algemeen-og.png\",\"contentUrl\":\"https:\\\/\\\/d66.nl\\\/elsborstnetwerk\\\/wp-content\\\/uploads\\\/sites\\\/2\\\/2021\\\/10\\\/d66-themas-algemeen-og.png\",\"width\":1200,\"height\":628,\"caption\":\"D66\"},\"image\":{\"@id\":\"https:\\\/\\\/d66.nl\\\/elsborstnetwerk\\\/#\\\/schema\\\/logo\\\/image\\\/\"}}]}<\/script>\n<!-- \/ Yoast SEO plugin. -->","yoast_head_json":{"title":"D66 Els Borst Netwerk &#8212; I am Europe Convention","robots":{"index":"index","follow":"follow","max-snippet":"max-snippet:-1","max-image-preview":"max-image-preview:large","max-video-preview":"max-video-preview:-1"},"canonical":"https:\/\/d66.nl\/elsborstnetwerk\/i-am-europe-convention\/","og_locale":"nl_NL","og_type":"article","og_title":"D66 Els Borst Netwerk &#8212; I am Europe Convention","og_url":"https:\/\/d66.nl\/elsborstnetwerk\/i-am-europe-convention\/","og_site_name":"D66 Els Borst Netwerk","article_modified_time":"2022-10-07T17:44:33+00:00","twitter_card":"summary_large_image","schema":{"@context":"https:\/\/schema.org","@graph":[{"@type":"WebPage","@id":"https:\/\/d66.nl\/elsborstnetwerk\/i-am-europe-convention\/","url":"https:\/\/d66.nl\/elsborstnetwerk\/i-am-europe-convention\/","name":"D66 Els Borst Netwerk &#8212; I am Europe Convention","isPartOf":{"@id":"https:\/\/d66.nl\/elsborstnetwerk\/#website"},"datePublished":"2019-01-26T17:48:00+00:00","dateModified":"2022-10-07T17:44:33+00:00","breadcrumb":{"@id":"https:\/\/d66.nl\/elsborstnetwerk\/i-am-europe-convention\/#breadcrumb"},"inLanguage":"nl-NL","potentialAction":[{"@type":"ReadAction","target":["https:\/\/d66.nl\/elsborstnetwerk\/i-am-europe-convention\/"]}]},{"@type":"BreadcrumbList","@id":"https:\/\/d66.nl\/elsborstnetwerk\/i-am-europe-convention\/#breadcrumb","itemListElement":[{"@type":"ListItem","position":1,"name":"Home","item":"https:\/\/d66.nl\/elsborstnetwerk\/"},{"@type":"ListItem","position":2,"name":"I am Europe Convention"}]},{"@type":"WebSite","@id":"https:\/\/d66.nl\/elsborstnetwerk\/#website","url":"https:\/\/d66.nl\/elsborstnetwerk\/","name":"D66 Els Borst Netwerk","description":"Just another D66 Sites site","publisher":{"@id":"https:\/\/d66.nl\/elsborstnetwerk\/#organization"},"potentialAction":[{"@type":"SearchAction","target":{"@type":"EntryPoint","urlTemplate":"https:\/\/d66.nl\/elsborstnetwerk\/?s={search_term_string}"},"query-input":{"@type":"PropertyValueSpecification","valueRequired":true,"valueName":"search_term_string"}}],"inLanguage":"nl-NL"},{"@type":"Organization","@id":"https:\/\/d66.nl\/elsborstnetwerk\/#organization","name":"D66","url":"https:\/\/d66.nl\/elsborstnetwerk\/","logo":{"@type":"ImageObject","inLanguage":"nl-NL","@id":"https:\/\/d66.nl\/elsborstnetwerk\/#\/schema\/logo\/image\/","url":"https:\/\/d66.nl\/elsborstnetwerk\/wp-content\/uploads\/sites\/2\/2021\/10\/d66-themas-algemeen-og.png","contentUrl":"https:\/\/d66.nl\/elsborstnetwerk\/wp-content\/uploads\/sites\/2\/2021\/10\/d66-themas-algemeen-og.png","width":1200,"height":628,"caption":"D66"},"image":{"@id":"https:\/\/d66.nl\/elsborstnetwerk\/#\/schema\/logo\/image\/"}}]}},"_links":{"self":[{"href":"https:\/\/d66.nl\/elsborstnetwerk\/wp-json\/wp\/v2\/pages\/1134","targetHints":{"allow":["GET"]}}],"collection":[{"href":"https:\/\/d66.nl\/elsborstnetwerk\/wp-json\/wp\/v2\/pages"}],"about":[{"href":"https:\/\/d66.nl\/elsborstnetwerk\/wp-json\/wp\/v2\/types\/page"}],"author":[{"embeddable":true,"href":"https:\/\/d66.nl\/elsborstnetwerk\/wp-json\/wp\/v2\/users\/1058"}],"replies":[{"embeddable":true,"href":"https:\/\/d66.nl\/elsborstnetwerk\/wp-json\/wp\/v2\/comments?post=1134"}],"version-history":[{"count":2,"href":"https:\/\/d66.nl\/elsborstnetwerk\/wp-json\/wp\/v2\/pages\/1134\/revisions"}],"predecessor-version":[{"id":1163,"href":"https:\/\/d66.nl\/elsborstnetwerk\/wp-json\/wp\/v2\/pages\/1134\/revisions\/1163"}],"wp:attachment":[{"href":"https:\/\/d66.nl\/elsborstnetwerk\/wp-json\/wp\/v2\/media?parent=1134"}],"wp:term":[{"taxonomy":"search-tags","embeddable":true,"href":"https:\/\/d66.nl\/elsborstnetwerk\/wp-json\/wp\/v2\/search-tags?post=1134"},{"taxonomy":"labels","embeddable":true,"href":"https:\/\/d66.nl\/elsborstnetwerk\/wp-json\/wp\/v2\/labels?post=1134"},{"taxonomy":"themes-or-point-of-view","embeddable":true,"href":"https:\/\/d66.nl\/elsborstnetwerk\/wp-json\/wp\/v2\/themes-or-point-of-view?post=1134"}],"curies":[{"name":"wp","href":"https:\/\/api.w.org\/{rel}","templated":true}]}}