{"id":694,"date":"2022-01-16T20:00:52","date_gmt":"2022-01-16T20:00:52","guid":{"rendered":"https:\/\/d66.nl\/amsterdam\/?page_id=694"},"modified":"2022-02-16T11:54:19","modified_gmt":"2022-02-16T11:54:19","slug":"els-borst-netwerk-amsterdam","status":"publish","type":"page","link":"https:\/\/d66.nl\/amsterdam\/els-borst-netwerk-amsterdam\/","title":{"rendered":"Els Borst Netwerk Amsterdam"},"content":{"rendered":"<div\n  id=\"\"\n  class=\"wrapper  wrapper__spacing-bottom-large--50 wrapper__spacing-bottom-desktop--66 wrapper__spacing-bottom-mobile--76  wrapper__gutter--none\"\n  >\n  \t<div class=\"wrapper__container wrapper__container-width-large--default\">\n\t  <div class=\"wrapper__inner wrapper__width-large--14 wrapper__width-desktop--20 wrapper__width-mobile--24 wrapper__offset-large--6 wrapper__offset-desktop--4 wrapper__offset-mobile--0\">\n\t\t<h1 class=\"heading   heading__size--giant heading__font--serif heading__weight--regular  block-heading__heading\" id=\"nav-els-borst-netwerk-amsterdam1435\"  data-nav-heading-mobile=\"Els Borst Netwerk Amsterdam\" >\n\tEls Borst Netwerk Amsterdam<\/h1>\t  <\/div>\n\t<\/div>\n  <\/div>\n\n\n<div\n  id=\"\"\n  class=\"wrapper  wrapper__spacing-bottom-large--50 wrapper__spacing-bottom-mobile--40  wrapper__gutter--none\"\n  >\n  \t<div class=\"wrapper__container wrapper__container-width-large--default\">\n\t  <div class=\"wrapper__inner wrapper__width-large--13 wrapper__width-desktop--22 wrapper__width-mobile--24 wrapper__offset-large--6 wrapper__offset-desktop--2 wrapper__offset-mobile--0\">\n\t\t<p\n\t\tclass=\"paragraph   paragraph__size--big   block-paragraph__paragraph\"\n\t\t\t>\n\t\tHet Els Borst Netwerk Amsterdam (EBNA) zet zich in voor meer diversiteit in de politiek. Het netwerk wil meer vrouwen betrekken bij de politiek en het politieke debat in Amsterdam. We onderzoeken welke obstakels en kansen er zijn voor vrouwen en gaan hierover het gesprek aan met politieke spelers.\t<\/p>\t  <\/div>\n\t<\/div>\n  <\/div>\n\n\n<div\n  id=\"\"\n  class=\"wrapper  wrapper__spacing-bottom-large--50 wrapper__spacing-bottom-desktop--70 wrapper__spacing-bottom-mobile--50  wrapper__gutter--none\"\n  >\n  \t<div class=\"wrapper__container wrapper__container-width-large--default\">\n\t  <div class=\"wrapper__inner wrapper__width-large--18 wrapper__width-desktop--22 wrapper__width-mobile--24 wrapper__offset-large--6 wrapper__offset-desktop--2 wrapper__offset-mobile--0\">\n\t\t<section class=\"block-post-content\">\n\t<div class=\"block-post-content__title\">\n\t\t<h3 class=\"heading  heading__color--black heading__size--medium heading__font--sans heading__weight--semiBold  block-post-content__heading\" id=\"nav-wat-we-doen2653\" data-nav-heading-mobile=\"Wat we doen\">\n\tWat we doen<\/h3>\t<\/div>\n\t<div class=\"block-post-content__content\">\n\t\t\n<div\n  id=\"\"\n  class=\"wrapper  wrapper__spacing-bottom-large--30 wrapper__spacing-bottom-desktop--20  wrapper__gutter--none\"\n  >\n  \t<div class=\"wrapper__container wrapper__container-width-large--default\">\n\t  <div class=\"wrapper__inner wrapper__width-large--24 wrapper__width-mobile--24\">\n\t\t<p\n\t\tclass=\"paragraph paragraph__align--left paragraph__color--black paragraph__size--default   block-paragraph__paragraph\"\n\t\t\t>\n\t\tWe doen dit door evenementen te organiseren zoals politieke fora en webinars, zoals een panelgesprek in Amsterdam Nieuw-West met Minister Wouter Koolmees en gemeenteraadslid Yassmine el Ksaihi.<br><br>Ook zijn we in september 2020 van start gegaan met ons mentoring programma. Hierin hebben we vrouwelijke mentees met politieke ambitie en nog relatief weinig ervaring gekoppeld aan mentoren uit het D66-netwerk met een gemeenteraad of bestuurservaring, om zo hun leerproces te versnellen.\t<\/p>\t  <\/div>\n\t<\/div>\n  <\/div>\n\n\t<\/div>\n\n\t<div class=\"block-post-content__sidebar\">\n\t\t\t\t\t<section class=\"bullet-point-card block-post-content__bullet-point-card\">\n  <div class=\"bullet-point-card__wrapper\">\n\t<div class=\"bullet-point-card__title\">\n\t  <h3 class=\"heading heading__align--left heading__color--white heading__size--medium heading__font--sans heading__weight--semiBold\" id=\"nav-blijf-op-de-hoogte7051\" data-nav-heading-mobile=\"Blijf op de hoogte\">\n\tBlijf op de hoogte<\/h3>\t<\/div>\n\t<div class=\"bullet-point-card__list\">\n\t  <ol class=\"lists lists__lists lists__weight--regular lists__color--white lists__type--default\">\n\t<li><a href=\"http:\/\/eepurl.com\/gRhnln\">Nieuwsbrief<\/a><\/li><li><a href=\"https:\/\/www.instagram.com\/elsborstnetwerkamsterdam\/\" target=\"_blank\" rel=\"noreferrer noopener\">Instagram<\/a><\/li><li><a href=\"https:\/\/twitter.com\/EBNamsterdam\" target=\"_blank\" rel=\"noreferrer noopener\">Twitter<\/a><\/li><li><a href=\"https:\/\/www.facebook.com\/elsborstnetwerkamsterdam\/\" target=\"_blank\" rel=\"noreferrer noopener\">Facebook<\/a><\/li><li><a href=\"https:\/\/www.linkedin.com\/company\/els-borst-netwerk-amsterdam\" target=\"_blank\" rel=\"noreferrer noopener\">LinkedIn<\/a><\/li><\/ol>\t<\/div>\n  <\/div>\n<\/section>\t\t\n\t\t\n\t\t\t<\/div>\n<\/section>\n\t  <\/div>\n\t<\/div>\n  <\/div>\n\n\n<div\n  id=\"\"\n  class=\"wrapper  wrapper__spacing-bottom-large--50 wrapper__spacing-bottom-desktop--70 wrapper__spacing-bottom-mobile--50  wrapper__gutter--none\"\n  >\n  \t<div class=\"wrapper__container wrapper__container-width-large--default\">\n\t  <div class=\"wrapper__inner wrapper__width-large--18 wrapper__width-desktop--22 wrapper__width-mobile--24 wrapper__offset-large--6 wrapper__offset-desktop--2 wrapper__offset-mobile--0\">\n\t\t<section class=\"block-text-title\">\n\t<div class=\"block-text-title__title\">\n\t\t<h3 class=\"heading  heading__color--black heading__size--medium heading__font--sans heading__weight--semiBold  block-text-title__heading\" id=\"nav-voor-wie6988\" data-nav-heading-mobile=\"Voor wie\">\n\tVoor wie<\/h3>\t<\/div>\n\t<div class=\"block-text-title__content\">\n\t\t<p class=\"paragraph paragraph__align--left paragraph__color--black paragraph__size--default\">\n\t\tHet Els Borst Netwerk is voor iedereen uit de regio Amsterdam die ge\u00efnteresseerd in gendergelijkheid en diversiteit in de politiek. Het netwerk staat ook open voor ge\u00efnteresseerden buiten de partij die een evenement willen bijwonen of idee\u00ebn hebben die ons verder kunnen helpen.\t<\/p>\t<\/div>\n\n\t<div class=\"block-text-title__sidebar\">\n\t\t\n\t\t\n\t\t\t<\/div>\n<\/section>\n\t  <\/div>\n\t<\/div>\n  <\/div>\n\n\n<div\n  id=\"\"\n  class=\"wrapper  wrapper__spacing-bottom-large--50 wrapper__spacing-bottom-desktop--70 wrapper__spacing-bottom-mobile--50  wrapper__gutter--none\"\n  >\n  \t<div class=\"wrapper__container wrapper__container-width-large--default\">\n\t  <div class=\"wrapper__inner wrapper__width-large--18 wrapper__width-desktop--22 wrapper__width-mobile--24 wrapper__offset-large--6 wrapper__offset-desktop--2 wrapper__offset-mobile--0\">\n\t\t<section class=\"block-post-content\">\n\t<div class=\"block-post-content__title\">\n\t\t<h3 class=\"heading  heading__color--black heading__size--medium heading__font--sans heading__weight--semiBold  block-post-content__heading\" id=\"nav-bestuur7807\" data-nav-heading-mobile=\"Bestuur\">\n\tBestuur<\/h3>\t<\/div>\n\t<div class=\"block-post-content__content\">\n\t\t\n<div\n  id=\"\"\n  class=\"wrapper  wrapper__spacing-bottom-large--30 wrapper__spacing-bottom-desktop--20  wrapper__gutter--none\"\n  >\n  \t<div class=\"wrapper__container wrapper__container-width-large--default\">\n\t  <div class=\"wrapper__inner wrapper__width-large--24 wrapper__width-mobile--24\">\n\t\t<p\n\t\tclass=\"paragraph paragraph__align--left paragraph__color--black paragraph__size--default   block-paragraph__paragraph\"\n\t\t\t>\n\t\tHet EBNA bestuur wordt gevormd door:\t<\/p>\t  <\/div>\n\t<\/div>\n  <\/div>\n\n\n<div\n  id=\"\"\n  class=\"wrapper  wrapper__spacing-bottom-large--20  wrapper__gutter--none\"\n  >\n  \t<div class=\"wrapper__container wrapper__container-width-large--default\">\n\t  <div class=\"wrapper__inner wrapper__width-large--24 wrapper__width-mobile--24\">\n\t\t\t<div class=\"block-lists  block-lists__color--black\">\n\t\t<p class=\"paragraph  paragraph__color--black paragraph__size--default\">\n\t\t\t<\/p><ul class=\"block-lists lists__lists lists__weight--medium lists__color--black lists__type--default\">\n\t<li>Jorieke van der Schaaf \u2013 Voorzitter<\/li><li>Judith Kallenberg \u2013 Secretaris en vice-voorzitter<\/li><li>Natasja Meeuwisse \u2013 Co\u00f6rdinator mentoring programma<\/li><li>Audny van Helden \u2013 Co\u00f6rdinator mentoring programma<\/li><li>Afke Blanksma \u2013 Evenementen &amp; externe relaties<\/li><li>Josephina Hoekstra \u2013 Evenementen<\/li><\/ul>\t<\/div>\n\t\t  <\/div>\n\t<\/div>\n  <\/div>\n\n\t<\/div>\n\n\t<div class=\"block-post-content__sidebar\">\n\t\t\n\t\t\n\t\t\t<\/div>\n<\/section>\n\t  <\/div>\n\t<\/div>\n  <\/div>\n\n\n<div\n  id=\"\"\n  class=\"wrapper  wrapper__spacing-bottom-large--50 wrapper__spacing-bottom-desktop--70 wrapper__spacing-bottom-mobile--50  wrapper__gutter--none\"\n  >\n  \t<div class=\"wrapper__container wrapper__container-width-large--default\">\n\t  <div class=\"wrapper__inner wrapper__width-large--18 wrapper__width-desktop--22 wrapper__width-mobile--24 wrapper__offset-large--6 wrapper__offset-desktop--2 wrapper__offset-mobile--0\">\n\t\t<section class=\"block-post-content\">\n\t<div class=\"block-post-content__title\">\n\t\t<h3 class=\"heading  heading__color--black heading__size--medium heading__font--sans heading__weight--semiBold  block-post-content__heading\" id=\"nav-doe-mee5462\" data-nav-heading-mobile=\"Doe mee\">\n\tDoe mee<\/h3>\t<\/div>\n\t<div class=\"block-post-content__content\">\n\t\t\n<div\n  id=\"\"\n  class=\"wrapper  wrapper__spacing-bottom-large--30 wrapper__spacing-bottom-desktop--20  wrapper__gutter--none\"\n  >\n  \t<div class=\"wrapper__container wrapper__container-width-large--default\">\n\t  <div class=\"wrapper__inner wrapper__width-large--24 wrapper__width-mobile--24\">\n\t\t<p\n\t\tclass=\"paragraph paragraph__align--left paragraph__color--black paragraph__size--default   block-paragraph__paragraph\"\n\t\t\t>\n\t\tWil je bijdragen aan de activiteiten van het Els Borst Netwerk Amsterdam of heb je vragen? Je kan ons bereiken via\u00a0<a href=\"mailto:amsterdam@elsborstnetwerk.nl\">amsterdam@elsborstnetwerk.nl<\/a>\u00a0of volgen via Instagram, Facebook, LinkedIn of Twitter. Ook kan je je daar inschrijven voor onze nieuwsbrief.\t<\/p>\t  <\/div>\n\t<\/div>\n  <\/div>\n\n\t<\/div>\n\n\t<div class=\"block-post-content__sidebar\">\n\t\t\n\t\t\n\t\t\t<\/div>\n<\/section>\n\t  <\/div>\n\t<\/div>\n  <\/div>\n","protected":false},"excerpt":{"rendered":"","protected":false},"author":597,"featured_media":0,"parent":0,"menu_order":0,"comment_status":"closed","ping_status":"closed","template":"","meta":{"_acf_changed":false,"footnotes":""},"themes-or-point-of-view":[],"labels":[],"search-tags":[],"class_list":["post-694","page","type-page","status-publish","hentry"],"acf":[],"yoast_head":"<!-- This site is optimized with the Yoast SEO plugin v27.3 - https:\/\/yoast.com\/product\/yoast-seo-wordpress\/ -->\n<title>D66 Amsterdam &#8212; Els Borst Netwerk Amsterdam<\/title>\n<meta name=\"robots\" content=\"index, follow, max-snippet:-1, max-image-preview:large, max-video-preview:-1\" \/>\n<link rel=\"canonical\" href=\"https:\/\/d66.nl\/amsterdam\/els-borst-netwerk-amsterdam\/\" \/>\n<meta property=\"og:locale\" content=\"nl_NL\" \/>\n<meta property=\"og:type\" content=\"article\" \/>\n<meta property=\"og:title\" content=\"D66 Amsterdam &#8212; Els Borst Netwerk Amsterdam\" \/>\n<meta property=\"og:url\" content=\"https:\/\/d66.nl\/amsterdam\/els-borst-netwerk-amsterdam\/\" \/>\n<meta property=\"og:site_name\" content=\"D66 Amsterdam\" \/>\n<meta property=\"article:publisher\" content=\"https:\/\/www.facebook.com\/D66Amsterdam\" \/>\n<meta property=\"article:modified_time\" content=\"2022-02-16T11:54:19+00:00\" \/>\n<meta name=\"twitter:card\" content=\"summary_large_image\" \/>\n<meta name=\"twitter:site\" content=\"@d66amsterdam\" \/>\n<script type=\"application\/ld+json\" class=\"yoast-schema-graph\">{\"@context\":\"https:\\\/\\\/schema.org\",\"@graph\":[{\"@type\":\"WebPage\",\"@id\":\"https:\\\/\\\/d66.nl\\\/amsterdam\\\/els-borst-netwerk-amsterdam\\\/\",\"url\":\"https:\\\/\\\/d66.nl\\\/amsterdam\\\/els-borst-netwerk-amsterdam\\\/\",\"name\":\"D66 Amsterdam &#8212; Els Borst Netwerk Amsterdam\",\"isPartOf\":{\"@id\":\"https:\\\/\\\/d66.nl\\\/amsterdam\\\/#website\"},\"datePublished\":\"2022-01-16T20:00:52+00:00\",\"dateModified\":\"2022-02-16T11:54:19+00:00\",\"breadcrumb\":{\"@id\":\"https:\\\/\\\/d66.nl\\\/amsterdam\\\/els-borst-netwerk-amsterdam\\\/#breadcrumb\"},\"inLanguage\":\"nl-NL\",\"potentialAction\":[{\"@type\":\"ReadAction\",\"target\":[\"https:\\\/\\\/d66.nl\\\/amsterdam\\\/els-borst-netwerk-amsterdam\\\/\"]}]},{\"@type\":\"BreadcrumbList\",\"@id\":\"https:\\\/\\\/d66.nl\\\/amsterdam\\\/els-borst-netwerk-amsterdam\\\/#breadcrumb\",\"itemListElement\":[{\"@type\":\"ListItem\",\"position\":1,\"name\":\"Home\",\"item\":\"https:\\\/\\\/d66.nl\\\/amsterdam\\\/\"},{\"@type\":\"ListItem\",\"position\":2,\"name\":\"Els Borst Netwerk Amsterdam\"}]},{\"@type\":\"WebSite\",\"@id\":\"https:\\\/\\\/d66.nl\\\/amsterdam\\\/#website\",\"url\":\"https:\\\/\\\/d66.nl\\\/amsterdam\\\/\",\"name\":\"D66 Amsterdam\",\"description\":\"Just another D66 Sites site\",\"publisher\":{\"@id\":\"https:\\\/\\\/d66.nl\\\/amsterdam\\\/#organization\"},\"potentialAction\":[{\"@type\":\"SearchAction\",\"target\":{\"@type\":\"EntryPoint\",\"urlTemplate\":\"https:\\\/\\\/d66.nl\\\/amsterdam\\\/?s={search_term_string}\"},\"query-input\":{\"@type\":\"PropertyValueSpecification\",\"valueRequired\":true,\"valueName\":\"search_term_string\"}}],\"inLanguage\":\"nl-NL\"},{\"@type\":\"Organization\",\"@id\":\"https:\\\/\\\/d66.nl\\\/amsterdam\\\/#organization\",\"name\":\"D66\",\"url\":\"https:\\\/\\\/d66.nl\\\/amsterdam\\\/\",\"logo\":{\"@type\":\"ImageObject\",\"inLanguage\":\"nl-NL\",\"@id\":\"https:\\\/\\\/d66.nl\\\/amsterdam\\\/#\\\/schema\\\/logo\\\/image\\\/\",\"url\":\"https:\\\/\\\/d66.nl\\\/amsterdam\\\/wp-content\\\/uploads\\\/sites\\\/237\\\/2021\\\/10\\\/d66-themas-algemeen-og.png\",\"contentUrl\":\"https:\\\/\\\/d66.nl\\\/amsterdam\\\/wp-content\\\/uploads\\\/sites\\\/237\\\/2021\\\/10\\\/d66-themas-algemeen-og.png\",\"width\":1200,\"height\":628,\"caption\":\"D66\"},\"image\":{\"@id\":\"https:\\\/\\\/d66.nl\\\/amsterdam\\\/#\\\/schema\\\/logo\\\/image\\\/\"},\"sameAs\":[\"https:\\\/\\\/www.facebook.com\\\/D66Amsterdam\",\"https:\\\/\\\/x.com\\\/d66amsterdam\",\"https:\\\/\\\/instagram.com\\\/d66amsterdam?utm_medium=copy_link\",\"https:\\\/\\\/www.linkedin.com\\\/company\\\/d66-amsterdam\"]}]}<\/script>\n<!-- \/ Yoast SEO plugin. -->","yoast_head_json":{"title":"D66 Amsterdam &#8212; Els Borst Netwerk Amsterdam","robots":{"index":"index","follow":"follow","max-snippet":"max-snippet:-1","max-image-preview":"max-image-preview:large","max-video-preview":"max-video-preview:-1"},"canonical":"https:\/\/d66.nl\/amsterdam\/els-borst-netwerk-amsterdam\/","og_locale":"nl_NL","og_type":"article","og_title":"D66 Amsterdam &#8212; Els Borst Netwerk Amsterdam","og_url":"https:\/\/d66.nl\/amsterdam\/els-borst-netwerk-amsterdam\/","og_site_name":"D66 Amsterdam","article_publisher":"https:\/\/www.facebook.com\/D66Amsterdam","article_modified_time":"2022-02-16T11:54:19+00:00","twitter_card":"summary_large_image","twitter_site":"@d66amsterdam","schema":{"@context":"https:\/\/schema.org","@graph":[{"@type":"WebPage","@id":"https:\/\/d66.nl\/amsterdam\/els-borst-netwerk-amsterdam\/","url":"https:\/\/d66.nl\/amsterdam\/els-borst-netwerk-amsterdam\/","name":"D66 Amsterdam &#8212; Els Borst Netwerk Amsterdam","isPartOf":{"@id":"https:\/\/d66.nl\/amsterdam\/#website"},"datePublished":"2022-01-16T20:00:52+00:00","dateModified":"2022-02-16T11:54:19+00:00","breadcrumb":{"@id":"https:\/\/d66.nl\/amsterdam\/els-borst-netwerk-amsterdam\/#breadcrumb"},"inLanguage":"nl-NL","potentialAction":[{"@type":"ReadAction","target":["https:\/\/d66.nl\/amsterdam\/els-borst-netwerk-amsterdam\/"]}]},{"@type":"BreadcrumbList","@id":"https:\/\/d66.nl\/amsterdam\/els-borst-netwerk-amsterdam\/#breadcrumb","itemListElement":[{"@type":"ListItem","position":1,"name":"Home","item":"https:\/\/d66.nl\/amsterdam\/"},{"@type":"ListItem","position":2,"name":"Els Borst Netwerk Amsterdam"}]},{"@type":"WebSite","@id":"https:\/\/d66.nl\/amsterdam\/#website","url":"https:\/\/d66.nl\/amsterdam\/","name":"D66 Amsterdam","description":"Just another D66 Sites site","publisher":{"@id":"https:\/\/d66.nl\/amsterdam\/#organization"},"potentialAction":[{"@type":"SearchAction","target":{"@type":"EntryPoint","urlTemplate":"https:\/\/d66.nl\/amsterdam\/?s={search_term_string}"},"query-input":{"@type":"PropertyValueSpecification","valueRequired":true,"valueName":"search_term_string"}}],"inLanguage":"nl-NL"},{"@type":"Organization","@id":"https:\/\/d66.nl\/amsterdam\/#organization","name":"D66","url":"https:\/\/d66.nl\/amsterdam\/","logo":{"@type":"ImageObject","inLanguage":"nl-NL","@id":"https:\/\/d66.nl\/amsterdam\/#\/schema\/logo\/image\/","url":"https:\/\/d66.nl\/amsterdam\/wp-content\/uploads\/sites\/237\/2021\/10\/d66-themas-algemeen-og.png","contentUrl":"https:\/\/d66.nl\/amsterdam\/wp-content\/uploads\/sites\/237\/2021\/10\/d66-themas-algemeen-og.png","width":1200,"height":628,"caption":"D66"},"image":{"@id":"https:\/\/d66.nl\/amsterdam\/#\/schema\/logo\/image\/"},"sameAs":["https:\/\/www.facebook.com\/D66Amsterdam","https:\/\/x.com\/d66amsterdam","https:\/\/instagram.com\/d66amsterdam?utm_medium=copy_link","https:\/\/www.linkedin.com\/company\/d66-amsterdam"]}]}},"_links":{"self":[{"href":"https:\/\/d66.nl\/amsterdam\/wp-json\/wp\/v2\/pages\/694","targetHints":{"allow":["GET"]}}],"collection":[{"href":"https:\/\/d66.nl\/amsterdam\/wp-json\/wp\/v2\/pages"}],"about":[{"href":"https:\/\/d66.nl\/amsterdam\/wp-json\/wp\/v2\/types\/page"}],"author":[{"embeddable":true,"href":"https:\/\/d66.nl\/amsterdam\/wp-json\/wp\/v2\/users\/597"}],"replies":[{"embeddable":true,"href":"https:\/\/d66.nl\/amsterdam\/wp-json\/wp\/v2\/comments?post=694"}],"version-history":[{"count":4,"href":"https:\/\/d66.nl\/amsterdam\/wp-json\/wp\/v2\/pages\/694\/revisions"}],"predecessor-version":[{"id":1698,"href":"https:\/\/d66.nl\/amsterdam\/wp-json\/wp\/v2\/pages\/694\/revisions\/1698"}],"wp:attachment":[{"href":"https:\/\/d66.nl\/amsterdam\/wp-json\/wp\/v2\/media?parent=694"}],"wp:term":[{"taxonomy":"themes-or-point-of-view","embeddable":true,"href":"https:\/\/d66.nl\/amsterdam\/wp-json\/wp\/v2\/themes-or-point-of-view?post=694"},{"taxonomy":"labels","embeddable":true,"href":"https:\/\/d66.nl\/amsterdam\/wp-json\/wp\/v2\/labels?post=694"},{"taxonomy":"search-tags","embeddable":true,"href":"https:\/\/d66.nl\/amsterdam\/wp-json\/wp\/v2\/search-tags?post=694"}],"curies":[{"name":"wp","href":"https:\/\/api.w.org\/{rel}","templated":true}]}}