{"id":4790,"date":"2025-12-19T13:13:09","date_gmt":"2025-12-19T13:13:09","guid":{"rendered":"https:\/\/d66.nl\/amsterdam\/?page_id=4790"},"modified":"2026-03-11T14:28:00","modified_gmt":"2026-03-11T14:28:00","slug":"verkiezingsprogramma-samenvattingen-in-diverse-talen","status":"publish","type":"page","link":"https:\/\/d66.nl\/amsterdam\/verkiezingsprogramma-samenvattingen-in-diverse-talen\/","title":{"rendered":"Verkiezingsprogramma \u2014 inclusief samenvattingen in diverse talen"},"content":{"rendered":"<div\n  id=\"\"\n  class=\"wrapper wrapper__spacing-top-large--160 wrapper__spacing-top-tablet--120 wrapper__spacing-top-mobile--100 wrapper__spacing-bottom-large--90  wrapper__gutter--none\"\n  data-background-color=\"yellow\">\n  \t<div class=\"wrapper__container wrapper__container-width-large--default\">\n\t  <div class=\"wrapper__inner wrapper__width-large--24 wrapper__width-mobile--24\">\n\t\t\n<section class=\"block-video-hero js-block-video-hero\">\n\n\t<a href=\"https:\/\/d66.nl\/amsterdam\" class=\"back-button\">\n\t<div class=\"back-button__icon\" aria-hidden=\"true\">\n\t\t<svg xmlns='http:\/\/www.w3.org\/2000\/svg' viewBox='0 0 58.14 50.62'><path d='m32.82 50.62 25.32-25.31L32.82 0l-4.35 4.35 17.92 17.86H0v6.21h46.39L28.47 46.33l4.35 4.29z' fill='currentColor' \/><\/svg>\t<\/div>\n\t<div class=\"back-button__title back-button__title--hide-on-mobile\">\n\t\t\t<\/div>\n<\/a>\n\t<div class=\"block-video-hero__content\">\n\t\t<h1 class=\"text text-huge block-video-hero__title\"><strong>Lees ons verkiezingsprogramma \u2014 inclusief samenvattingen in diverse talen<\/strong><\/h1><p class=\"text text-medium block-video-hero__text\">Het k\u00e1n in Amsterdam 2026-2030<\/p>\t\t<div class=\"block-video-hero__buttons-wrap\">\n\t\t\t<a href=\"https:\/\/media.d66.nl\/uploads\/sites\/237\/2026\/01\/251126-D66-Amsterdam-verkiezingsprogramma-GR-2026.pdf\" class=\"buttonV2  buttonV2__size--default buttonV2__size-width--default buttonV2__link  block-video-hero__buttonV2\" id=\"\" target=\"\">\n\t<div class=\"buttonV2__top-wrapper buttonV2__arrow-align--right\">\n\t\t\t\t\t<span class=\"buttonV2__title\">\n\t\t\t\tBekijk hier het hele verkiezingsprogramma 2026 &#8211; 2030 (PDF)\t\t\t<\/span>\n\t\t\n\t\t\t\t\t<div class=\"buttonV2__icon\">\n\t\t\t\t<svg xmlns='http:\/\/www.w3.org\/2000\/svg' viewBox='0 0 58.14 50.62'><path d='m32.82 50.62 25.32-25.31L32.82 0l-4.35 4.35 17.92 17.86H0v6.21h46.39L28.47 46.33l4.35 4.29z' fill='currentColor' \/><\/svg>\t\t\t<\/div>\n\t\t\t<\/div>\n\n\t<\/a><a href=\"https:\/\/media.d66.nl\/uploads\/sites\/237\/2026\/02\/D66-Amsterdam-verkiezingsprogramma-Samenvatting-NL.pdf\" class=\"buttonV2  buttonV2__size--default buttonV2__size-width--default buttonV2__link  block-video-hero__buttonV2\" id=\"\" target=\"\">\n\t<div class=\"buttonV2__top-wrapper buttonV2__arrow-align--right\">\n\t\t\t\t\t<span class=\"buttonV2__title\">\n\t\t\t\tDownload samenvatting van het verkiezingsprogramma\t\t\t<\/span>\n\t\t\n\t\t\t\t\t<div class=\"buttonV2__icon\">\n\t\t\t\t<svg xmlns='http:\/\/www.w3.org\/2000\/svg' viewBox='0 0 58.14 50.62'><path d='m32.82 50.62 25.32-25.31L32.82 0l-4.35 4.35 17.92 17.86H0v6.21h46.39L28.47 46.33l4.35 4.29z' fill='currentColor' \/><\/svg>\t\t\t<\/div>\n\t\t\t<\/div>\n\n\t<\/a>\t\t<\/div>\n\t<\/div>\n\n\t<div class=\"block-video-hero__media\">\n\t\t<div\n\t\t\tclass=\"block-video-hero__video-wrapper\"\n\t\t\tstyle=\"background-image: url('https:\/\/media.d66.nl\/uploads\/sites\/237\/2026\/03\/20251029-Campagnefoto-CS.jpg')\">\n\t\t\t\t\t<\/div>\n\n\t\t\t\t\t<div class=\"block-video-hero__caption-wrapper\">\n\t\t\t\t<div class=\"block-video-hero__caption\">\n\t\t\t\t\t<p class=\"paragraph paragraph__align--left paragraph__color--black paragraph__size--small paragraph__weight--medium\">\n\t\tBeeld: D66 Amsterdam\t<\/p>\t\t\t\t<\/div>\n\t\t\t<\/div>\n\t\t\t<\/div>\n\n\t<\/section>\n\t  <\/div>\n\t<\/div>\n  <\/div>\n\n\n<div\n  id=\"\"\n  class=\"wrapper wrapper__spacing-top-large--50 wrapper__spacing-top-desktop--20 wrapper__spacing-top-mobile--10 wrapper__spacing-bottom-large--20 wrapper__spacing-bottom-desktop--10 wrapper__spacing-bottom-mobile--10  wrapper__gutter--default\"\n  >\n  \t<div class=\"wrapper__container wrapper__container-width-large--default\">\n\t  <div class=\"wrapper__inner wrapper__width-large--15 wrapper__width-desktop--22 wrapper__width-mobile--24\">\n\t\t<div class=\"block-download-list\">\n\t<h3 class=\"heading  heading__color--black heading__size--medium heading__font--sans heading__weight--bold\" id=\"nav--br-download-here-the-election-program--summary--in-1286\" data-nav-heading-mobile=\"Download here the election program (summary) in:\">\n\t<br>Download here the election program (summary) in:<\/h3>\t<div class=\"block-download-list__content-wrap\">\n\t\t<p class=\"paragraph paragraph__align--left paragraph__color--black paragraph__size--default\">\n\t\t(NL &#8211; English &#8211; Fran\u00e7ais &#8211; Deutsch &#8211; T\u00fcrk\u00e7e &#8211;  \u0627\u0644\u0639\u0631\u0628\u064a\u0629)<br>\t<\/p>\t\t<div class=\"block-download-list__content-wrap-inner\">\n\t\t\t\n\n<div class=\"block-download-list-item\">\n\t<div class=\"block-download-list-item__content-wrap\">\n\t\t<a class=\"block-download-list-item__download-button\" href=\"https:\/\/media.d66.nl\/uploads\/sites\/237\/2026\/02\/D66-Amsterdam-verkiezingsprogramma-Samenvatting-NL.pdf\" target=&quot;_blank&quot;>\n\t\t\t<p class=\"paragraph paragraph__align--left paragraph__color--black paragraph__size--default\">\n\t\tDownload hier de Nederlandse samenvatting van het verkiezingsprogramma D66 Amsterdam\t<\/p>\t\t\t<div class=\"block-download-list-item__hover-text\">\n\t\t\t\t<p class=\"paragraph paragraph__align--left paragraph__color--black paragraph__size--default\">\n\t\tDownload\t<\/p>\t\t\t<\/div>\n\t\t\t<div class=\"block-download-list-item__media-icon\">\n\t\t\t\t<svg width='40' height='40' fill='none' xmlns='http:\/\/www.w3.org\/2000\/svg'><path d='M20.894 24.211a1 1 0 0 1-1.789 0l-2.381-4.764A1 1 0 0 1 17.618 18h4.764a1 1 0 0 1 .894 1.447l-2.382 4.764Z' fill='#000'\/><path d='M20 20v-8M16 28h8' stroke='#000' stroke-width='2' stroke-linecap='round'\/><rect x='39' y='39' width='38' height='38' rx='19' transform='rotate(180 39 39)' stroke='#000' stroke-width='2'\/><\/svg>\t\t\t<\/div>\n\t\t<\/a>\n\t<\/div>\n<\/div>\n\n\n\n<div class=\"block-download-list-item\">\n\t<div class=\"block-download-list-item__content-wrap\">\n\t\t<a class=\"block-download-list-item__download-button\" href=\"https:\/\/media.d66.nl\/uploads\/sites\/237\/2026\/02\/D66-Amsterdam-election-programme-Summary-EN.pdf\" target=&quot;_blank&quot;>\n\t\t\t<p class=\"paragraph paragraph__align--left paragraph__color--black paragraph__size--default\">\n\t\tDownload the election program of D66 Amsterdam here\t<\/p>\t\t\t<div class=\"block-download-list-item__hover-text\">\n\t\t\t\t<p class=\"paragraph paragraph__align--left paragraph__color--black paragraph__size--default\">\n\t\tDownload\t<\/p>\t\t\t<\/div>\n\t\t\t<div class=\"block-download-list-item__media-icon\">\n\t\t\t\t<svg width='40' height='40' fill='none' xmlns='http:\/\/www.w3.org\/2000\/svg'><path d='M20.894 24.211a1 1 0 0 1-1.789 0l-2.381-4.764A1 1 0 0 1 17.618 18h4.764a1 1 0 0 1 .894 1.447l-2.382 4.764Z' fill='#000'\/><path d='M20 20v-8M16 28h8' stroke='#000' stroke-width='2' stroke-linecap='round'\/><rect x='39' y='39' width='38' height='38' rx='19' transform='rotate(180 39 39)' stroke='#000' stroke-width='2'\/><\/svg>\t\t\t<\/div>\n\t\t<\/a>\n\t<\/div>\n<\/div>\n\n\n\n<div class=\"block-download-list-item\">\n\t<div class=\"block-download-list-item__content-wrap\">\n\t\t<a class=\"block-download-list-item__download-button\" href=\"https:\/\/media.d66.nl\/uploads\/sites\/237\/2026\/02\/D66-Amsterdam-secim-programi-Ozet-NL.pdf\" target=&quot;_blank&quot;>\n\t\t\t<p class=\"paragraph paragraph__align--left paragraph__color--black paragraph__size--default\">\n\t\tD66 Amsterdam\u2019\u0131n se\u00e7im program\u0131n\u0131 buradan indirin\t<\/p>\t\t\t<div class=\"block-download-list-item__hover-text\">\n\t\t\t\t<p class=\"paragraph paragraph__align--left paragraph__color--black paragraph__size--default\">\n\t\tDownload\t<\/p>\t\t\t<\/div>\n\t\t\t<div class=\"block-download-list-item__media-icon\">\n\t\t\t\t<svg width='40' height='40' fill='none' xmlns='http:\/\/www.w3.org\/2000\/svg'><path d='M20.894 24.211a1 1 0 0 1-1.789 0l-2.381-4.764A1 1 0 0 1 17.618 18h4.764a1 1 0 0 1 .894 1.447l-2.382 4.764Z' fill='#000'\/><path d='M20 20v-8M16 28h8' stroke='#000' stroke-width='2' stroke-linecap='round'\/><rect x='39' y='39' width='38' height='38' rx='19' transform='rotate(180 39 39)' stroke='#000' stroke-width='2'\/><\/svg>\t\t\t<\/div>\n\t\t<\/a>\n\t<\/div>\n<\/div>\n\n\n\n<div class=\"block-download-list-item\">\n\t<div class=\"block-download-list-item__content-wrap\">\n\t\t<a class=\"block-download-list-item__download-button\" href=\"https:\/\/media.d66.nl\/uploads\/sites\/237\/2026\/02\/Programme-electoral-du-D66-Amsterdam-Resume-NL.pdf\" target=&quot;_blank&quot;>\n\t\t\t<p class=\"paragraph paragraph__align--left paragraph__color--black paragraph__size--default\">\n\t\tT\u00e9l\u00e9chargez ici le programme \u00e9lectoral du D66 Amsterdam.\t<\/p>\t\t\t<div class=\"block-download-list-item__hover-text\">\n\t\t\t\t<p class=\"paragraph paragraph__align--left paragraph__color--black paragraph__size--default\">\n\t\tDownload\t<\/p>\t\t\t<\/div>\n\t\t\t<div class=\"block-download-list-item__media-icon\">\n\t\t\t\t<svg width='40' height='40' fill='none' xmlns='http:\/\/www.w3.org\/2000\/svg'><path d='M20.894 24.211a1 1 0 0 1-1.789 0l-2.381-4.764A1 1 0 0 1 17.618 18h4.764a1 1 0 0 1 .894 1.447l-2.382 4.764Z' fill='#000'\/><path d='M20 20v-8M16 28h8' stroke='#000' stroke-width='2' stroke-linecap='round'\/><rect x='39' y='39' width='38' height='38' rx='19' transform='rotate(180 39 39)' stroke='#000' stroke-width='2'\/><\/svg>\t\t\t<\/div>\n\t\t<\/a>\n\t<\/div>\n<\/div>\n\n\n\n<div class=\"block-download-list-item\">\n\t<div class=\"block-download-list-item__content-wrap\">\n\t\t<a class=\"block-download-list-item__download-button\" href=\"https:\/\/media.d66.nl\/uploads\/sites\/237\/2026\/02\/\u0628\u0631\u0646\u0627\u0645\u062c-\u0627\u0646\u062a\u062e\u0627\u0628\u064a-\u0644\u062d\u0632\u0628-D66-\u0623\u0645\u0633\u062a\u0631\u062f\u0627\u0645-\u0645\u0644\u062e\u0635-NL.pdf\" target=&quot;_blank&quot;>\n\t\t\t<p class=\"paragraph paragraph__align--left paragraph__color--black paragraph__size--default\">\n\t\t\u0642\u0645 \u0628\u062a\u0646\u0632\u064a\u0644 \u0628\u0631\u0646\u0627\u0645\u062c \u0627\u0644\u0627\u0646\u062a\u062e\u0627\u0628\u0627\u062a \u0644\u0640 D66 \u0623\u0645\u0633\u062a\u0631\u062f\u0627\u0645 \u0645\u0646 \u0647\u0646\u0627\t<\/p>\t\t\t<div class=\"block-download-list-item__hover-text\">\n\t\t\t\t<p class=\"paragraph paragraph__align--left paragraph__color--black paragraph__size--default\">\n\t\tDownload\t<\/p>\t\t\t<\/div>\n\t\t\t<div class=\"block-download-list-item__media-icon\">\n\t\t\t\t<svg width='40' height='40' fill='none' xmlns='http:\/\/www.w3.org\/2000\/svg'><path d='M20.894 24.211a1 1 0 0 1-1.789 0l-2.381-4.764A1 1 0 0 1 17.618 18h4.764a1 1 0 0 1 .894 1.447l-2.382 4.764Z' fill='#000'\/><path d='M20 20v-8M16 28h8' stroke='#000' stroke-width='2' stroke-linecap='round'\/><rect x='39' y='39' width='38' height='38' rx='19' transform='rotate(180 39 39)' stroke='#000' stroke-width='2'\/><\/svg>\t\t\t<\/div>\n\t\t<\/a>\n\t<\/div>\n<\/div>\n\n\n\n<div class=\"block-download-list-item\">\n\t<div class=\"block-download-list-item__content-wrap\">\n\t\t<a class=\"block-download-list-item__download-button\" href=\"https:\/\/media.d66.nl\/uploads\/sites\/237\/2026\/02\/Wahlprogramm-der-D66-Amsterdam-\u2013-Zusammenfassung-NL.pdf\" target=&quot;_blank&quot;>\n\t\t\t<p class=\"paragraph paragraph__align--left paragraph__color--black paragraph__size--default\">\n\t\tLaden Sie hier das Wahlprogramm von D66 Amsterdam herunter.\t<\/p>\t\t\t<div class=\"block-download-list-item__hover-text\">\n\t\t\t\t<p class=\"paragraph paragraph__align--left paragraph__color--black paragraph__size--default\">\n\t\tDownload\t<\/p>\t\t\t<\/div>\n\t\t\t<div class=\"block-download-list-item__media-icon\">\n\t\t\t\t<svg width='40' height='40' fill='none' xmlns='http:\/\/www.w3.org\/2000\/svg'><path d='M20.894 24.211a1 1 0 0 1-1.789 0l-2.381-4.764A1 1 0 0 1 17.618 18h4.764a1 1 0 0 1 .894 1.447l-2.382 4.764Z' fill='#000'\/><path d='M20 20v-8M16 28h8' stroke='#000' stroke-width='2' stroke-linecap='round'\/><rect x='39' y='39' width='38' height='38' rx='19' transform='rotate(180 39 39)' stroke='#000' stroke-width='2'\/><\/svg>\t\t\t<\/div>\n\t\t<\/a>\n\t<\/div>\n<\/div>\n\n\t\t<\/div>\n\t<\/div>\n<\/div>\n\t  <\/div>\n\t<\/div>\n  <\/div>\n","protected":false},"excerpt":{"rendered":"","protected":false},"author":1585,"featured_media":0,"parent":0,"menu_order":0,"comment_status":"closed","ping_status":"closed","template":"full-width.php","meta":{"_acf_changed":false,"footnotes":""},"search-tags":[],"labels":[],"themes-or-point-of-view":[],"class_list":["post-4790","page","type-page","status-publish","hentry"],"acf":[],"yoast_head":"<!-- This site is optimized with the Yoast SEO plugin v27.3 - https:\/\/yoast.com\/product\/yoast-seo-wordpress\/ -->\n<title>D66 Amsterdam &#8212; Verkiezingsprogramma \u2014 inclusief samenvattingen in diverse talen<\/title>\n<meta name=\"description\" content=\"Download here the election program (summary) in Nederland \u2013 English \u2013 Fran\u00e7ais \u2013 Deutsch \u2013 T\u00fcrk\u00e7e \u2013 \u0627\u0644\u0639\u0631\u0628\u064a\u0629\" \/>\n<meta name=\"robots\" content=\"index, follow, max-snippet:-1, max-image-preview:large, max-video-preview:-1\" \/>\n<link rel=\"canonical\" href=\"https:\/\/d66.nl\/amsterdam\/verkiezingsprogramma-samenvattingen-in-diverse-talen\/\" \/>\n<meta property=\"og:locale\" content=\"nl_NL\" \/>\n<meta property=\"og:type\" content=\"article\" \/>\n<meta property=\"og:title\" content=\"D66 Amsterdam &#8212; Verkiezingsprogramma \u2014 inclusief samenvattingen in diverse talen\" \/>\n<meta property=\"og:description\" content=\"Download here the election program (summary) in Nederland \u2013 English \u2013 Fran\u00e7ais \u2013 Deutsch \u2013 T\u00fcrk\u00e7e \u2013 \u0627\u0644\u0639\u0631\u0628\u064a\u0629\" \/>\n<meta property=\"og:url\" content=\"https:\/\/d66.nl\/amsterdam\/verkiezingsprogramma-samenvattingen-in-diverse-talen\/\" \/>\n<meta property=\"og:site_name\" content=\"D66 Amsterdam\" \/>\n<meta property=\"article:publisher\" content=\"https:\/\/www.facebook.com\/D66Amsterdam\" \/>\n<meta property=\"article:modified_time\" content=\"2026-03-11T14:28:00+00:00\" \/>\n<meta name=\"twitter:card\" content=\"summary_large_image\" \/>\n<meta name=\"twitter:site\" content=\"@d66amsterdam\" \/>\n<script type=\"application\/ld+json\" class=\"yoast-schema-graph\">{\"@context\":\"https:\\\/\\\/schema.org\",\"@graph\":[{\"@type\":\"WebPage\",\"@id\":\"https:\\\/\\\/d66.nl\\\/amsterdam\\\/verkiezingsprogramma-samenvattingen-in-diverse-talen\\\/\",\"url\":\"https:\\\/\\\/d66.nl\\\/amsterdam\\\/verkiezingsprogramma-samenvattingen-in-diverse-talen\\\/\",\"name\":\"D66 Amsterdam &#8212; Verkiezingsprogramma \u2014 inclusief samenvattingen in diverse talen\",\"isPartOf\":{\"@id\":\"https:\\\/\\\/d66.nl\\\/amsterdam\\\/#website\"},\"datePublished\":\"2025-12-19T13:13:09+00:00\",\"dateModified\":\"2026-03-11T14:28:00+00:00\",\"description\":\"Download here the election program (summary) in Nederland \u2013 English \u2013 Fran\u00e7ais \u2013 Deutsch \u2013 T\u00fcrk\u00e7e \u2013 \u0627\u0644\u0639\u0631\u0628\u064a\u0629\",\"breadcrumb\":{\"@id\":\"https:\\\/\\\/d66.nl\\\/amsterdam\\\/verkiezingsprogramma-samenvattingen-in-diverse-talen\\\/#breadcrumb\"},\"inLanguage\":\"nl-NL\",\"potentialAction\":[{\"@type\":\"ReadAction\",\"target\":[\"https:\\\/\\\/d66.nl\\\/amsterdam\\\/verkiezingsprogramma-samenvattingen-in-diverse-talen\\\/\"]}]},{\"@type\":\"BreadcrumbList\",\"@id\":\"https:\\\/\\\/d66.nl\\\/amsterdam\\\/verkiezingsprogramma-samenvattingen-in-diverse-talen\\\/#breadcrumb\",\"itemListElement\":[{\"@type\":\"ListItem\",\"position\":1,\"name\":\"Home\",\"item\":\"https:\\\/\\\/d66.nl\\\/amsterdam\\\/\"},{\"@type\":\"ListItem\",\"position\":2,\"name\":\"Verkiezingsprogramma \u2014 inclusief samenvattingen in diverse talen\"}]},{\"@type\":\"WebSite\",\"@id\":\"https:\\\/\\\/d66.nl\\\/amsterdam\\\/#website\",\"url\":\"https:\\\/\\\/d66.nl\\\/amsterdam\\\/\",\"name\":\"D66 Amsterdam\",\"description\":\"Just another D66 Sites site\",\"publisher\":{\"@id\":\"https:\\\/\\\/d66.nl\\\/amsterdam\\\/#organization\"},\"potentialAction\":[{\"@type\":\"SearchAction\",\"target\":{\"@type\":\"EntryPoint\",\"urlTemplate\":\"https:\\\/\\\/d66.nl\\\/amsterdam\\\/?s={search_term_string}\"},\"query-input\":{\"@type\":\"PropertyValueSpecification\",\"valueRequired\":true,\"valueName\":\"search_term_string\"}}],\"inLanguage\":\"nl-NL\"},{\"@type\":\"Organization\",\"@id\":\"https:\\\/\\\/d66.nl\\\/amsterdam\\\/#organization\",\"name\":\"D66\",\"url\":\"https:\\\/\\\/d66.nl\\\/amsterdam\\\/\",\"logo\":{\"@type\":\"ImageObject\",\"inLanguage\":\"nl-NL\",\"@id\":\"https:\\\/\\\/d66.nl\\\/amsterdam\\\/#\\\/schema\\\/logo\\\/image\\\/\",\"url\":\"https:\\\/\\\/d66.nl\\\/amsterdam\\\/wp-content\\\/uploads\\\/sites\\\/237\\\/2021\\\/10\\\/d66-themas-algemeen-og.png\",\"contentUrl\":\"https:\\\/\\\/d66.nl\\\/amsterdam\\\/wp-content\\\/uploads\\\/sites\\\/237\\\/2021\\\/10\\\/d66-themas-algemeen-og.png\",\"width\":1200,\"height\":628,\"caption\":\"D66\"},\"image\":{\"@id\":\"https:\\\/\\\/d66.nl\\\/amsterdam\\\/#\\\/schema\\\/logo\\\/image\\\/\"},\"sameAs\":[\"https:\\\/\\\/www.facebook.com\\\/D66Amsterdam\",\"https:\\\/\\\/x.com\\\/d66amsterdam\",\"https:\\\/\\\/instagram.com\\\/d66amsterdam?utm_medium=copy_link\",\"https:\\\/\\\/www.linkedin.com\\\/company\\\/d66-amsterdam\"]}]}<\/script>\n<!-- \/ Yoast SEO plugin. -->","yoast_head_json":{"title":"D66 Amsterdam &#8212; Verkiezingsprogramma \u2014 inclusief samenvattingen in diverse talen","description":"Download here the election program (summary) in Nederland \u2013 English \u2013 Fran\u00e7ais \u2013 Deutsch \u2013 T\u00fcrk\u00e7e \u2013 \u0627\u0644\u0639\u0631\u0628\u064a\u0629","robots":{"index":"index","follow":"follow","max-snippet":"max-snippet:-1","max-image-preview":"max-image-preview:large","max-video-preview":"max-video-preview:-1"},"canonical":"https:\/\/d66.nl\/amsterdam\/verkiezingsprogramma-samenvattingen-in-diverse-talen\/","og_locale":"nl_NL","og_type":"article","og_title":"D66 Amsterdam &#8212; Verkiezingsprogramma \u2014 inclusief samenvattingen in diverse talen","og_description":"Download here the election program (summary) in Nederland \u2013 English \u2013 Fran\u00e7ais \u2013 Deutsch \u2013 T\u00fcrk\u00e7e \u2013 \u0627\u0644\u0639\u0631\u0628\u064a\u0629","og_url":"https:\/\/d66.nl\/amsterdam\/verkiezingsprogramma-samenvattingen-in-diverse-talen\/","og_site_name":"D66 Amsterdam","article_publisher":"https:\/\/www.facebook.com\/D66Amsterdam","article_modified_time":"2026-03-11T14:28:00+00:00","twitter_card":"summary_large_image","twitter_site":"@d66amsterdam","schema":{"@context":"https:\/\/schema.org","@graph":[{"@type":"WebPage","@id":"https:\/\/d66.nl\/amsterdam\/verkiezingsprogramma-samenvattingen-in-diverse-talen\/","url":"https:\/\/d66.nl\/amsterdam\/verkiezingsprogramma-samenvattingen-in-diverse-talen\/","name":"D66 Amsterdam &#8212; Verkiezingsprogramma \u2014 inclusief samenvattingen in diverse talen","isPartOf":{"@id":"https:\/\/d66.nl\/amsterdam\/#website"},"datePublished":"2025-12-19T13:13:09+00:00","dateModified":"2026-03-11T14:28:00+00:00","description":"Download here the election program (summary) in Nederland \u2013 English \u2013 Fran\u00e7ais \u2013 Deutsch \u2013 T\u00fcrk\u00e7e \u2013 \u0627\u0644\u0639\u0631\u0628\u064a\u0629","breadcrumb":{"@id":"https:\/\/d66.nl\/amsterdam\/verkiezingsprogramma-samenvattingen-in-diverse-talen\/#breadcrumb"},"inLanguage":"nl-NL","potentialAction":[{"@type":"ReadAction","target":["https:\/\/d66.nl\/amsterdam\/verkiezingsprogramma-samenvattingen-in-diverse-talen\/"]}]},{"@type":"BreadcrumbList","@id":"https:\/\/d66.nl\/amsterdam\/verkiezingsprogramma-samenvattingen-in-diverse-talen\/#breadcrumb","itemListElement":[{"@type":"ListItem","position":1,"name":"Home","item":"https:\/\/d66.nl\/amsterdam\/"},{"@type":"ListItem","position":2,"name":"Verkiezingsprogramma \u2014 inclusief samenvattingen in diverse talen"}]},{"@type":"WebSite","@id":"https:\/\/d66.nl\/amsterdam\/#website","url":"https:\/\/d66.nl\/amsterdam\/","name":"D66 Amsterdam","description":"Just another D66 Sites site","publisher":{"@id":"https:\/\/d66.nl\/amsterdam\/#organization"},"potentialAction":[{"@type":"SearchAction","target":{"@type":"EntryPoint","urlTemplate":"https:\/\/d66.nl\/amsterdam\/?s={search_term_string}"},"query-input":{"@type":"PropertyValueSpecification","valueRequired":true,"valueName":"search_term_string"}}],"inLanguage":"nl-NL"},{"@type":"Organization","@id":"https:\/\/d66.nl\/amsterdam\/#organization","name":"D66","url":"https:\/\/d66.nl\/amsterdam\/","logo":{"@type":"ImageObject","inLanguage":"nl-NL","@id":"https:\/\/d66.nl\/amsterdam\/#\/schema\/logo\/image\/","url":"https:\/\/d66.nl\/amsterdam\/wp-content\/uploads\/sites\/237\/2021\/10\/d66-themas-algemeen-og.png","contentUrl":"https:\/\/d66.nl\/amsterdam\/wp-content\/uploads\/sites\/237\/2021\/10\/d66-themas-algemeen-og.png","width":1200,"height":628,"caption":"D66"},"image":{"@id":"https:\/\/d66.nl\/amsterdam\/#\/schema\/logo\/image\/"},"sameAs":["https:\/\/www.facebook.com\/D66Amsterdam","https:\/\/x.com\/d66amsterdam","https:\/\/instagram.com\/d66amsterdam?utm_medium=copy_link","https:\/\/www.linkedin.com\/company\/d66-amsterdam"]}]}},"_links":{"self":[{"href":"https:\/\/d66.nl\/amsterdam\/wp-json\/wp\/v2\/pages\/4790","targetHints":{"allow":["GET"]}}],"collection":[{"href":"https:\/\/d66.nl\/amsterdam\/wp-json\/wp\/v2\/pages"}],"about":[{"href":"https:\/\/d66.nl\/amsterdam\/wp-json\/wp\/v2\/types\/page"}],"author":[{"embeddable":true,"href":"https:\/\/d66.nl\/amsterdam\/wp-json\/wp\/v2\/users\/1585"}],"replies":[{"embeddable":true,"href":"https:\/\/d66.nl\/amsterdam\/wp-json\/wp\/v2\/comments?post=4790"}],"version-history":[{"count":10,"href":"https:\/\/d66.nl\/amsterdam\/wp-json\/wp\/v2\/pages\/4790\/revisions"}],"predecessor-version":[{"id":5283,"href":"https:\/\/d66.nl\/amsterdam\/wp-json\/wp\/v2\/pages\/4790\/revisions\/5283"}],"wp:attachment":[{"href":"https:\/\/d66.nl\/amsterdam\/wp-json\/wp\/v2\/media?parent=4790"}],"wp:term":[{"taxonomy":"search-tags","embeddable":true,"href":"https:\/\/d66.nl\/amsterdam\/wp-json\/wp\/v2\/search-tags?post=4790"},{"taxonomy":"labels","embeddable":true,"href":"https:\/\/d66.nl\/amsterdam\/wp-json\/wp\/v2\/labels?post=4790"},{"taxonomy":"themes-or-point-of-view","embeddable":true,"href":"https:\/\/d66.nl\/amsterdam\/wp-json\/wp\/v2\/themes-or-point-of-view?post=4790"}],"curies":[{"name":"wp","href":"https:\/\/api.w.org\/{rel}","templated":true}]}}