{"id":4573,"date":"2025-09-09T20:15:08","date_gmt":"2025-09-09T20:15:08","guid":{"rendered":"https:\/\/d66.nl\/amsterdam\/?page_id=4573"},"modified":"2025-09-20T18:23:10","modified_gmt":"2025-09-20T18:23:10","slug":"kennisgroep-migratie","status":"publish","type":"page","link":"https:\/\/d66.nl\/amsterdam\/kennisgroepen\/kennisgroep-migratie\/","title":{"rendered":"Kennisgroep Migratie"},"content":{"rendered":"<div\n  id=\"\"\n  class=\"wrapper  wrapper__spacing-bottom-large--50 wrapper__spacing-bottom-desktop--66 wrapper__spacing-bottom-mobile--76  wrapper__gutter--none\"\n  >\n  \t<div class=\"wrapper__container wrapper__container-width-large--default\">\n\t  <div class=\"wrapper__inner wrapper__width-large--14 wrapper__width-desktop--20 wrapper__width-mobile--24 wrapper__offset-large--6 wrapper__offset-desktop--4 wrapper__offset-mobile--0\">\n\t\t<h1 class=\"heading   heading__size--giant heading__font--serif heading__weight--regular  block-heading__heading\" id=\"nav-kennisgroep-migratie1467\"  data-nav-heading-mobile=\"Kennisgroep Migratie\" >\n\tKennisgroep Migratie<\/h1>\t  <\/div>\n\t<\/div>\n  <\/div>\n\n\n<div\n  id=\"\"\n  class=\"wrapper  wrapper__spacing-bottom-large--50 wrapper__spacing-bottom-mobile--40  wrapper__gutter--none\"\n  >\n  \t<div class=\"wrapper__container wrapper__container-width-large--default\">\n\t  <div class=\"wrapper__inner wrapper__width-large--13 wrapper__width-desktop--22 wrapper__width-mobile--24 wrapper__offset-large--6 wrapper__offset-desktop--2 wrapper__offset-mobile--0\">\n\t\t<p\n\t\tclass=\"paragraph   paragraph__size--big   block-paragraph__paragraph\"\n\t\t\t>\n\t\tDe Kennisgroep Migratie brengt Amsterdamse leden van D66 bij elkaar die onderwerpen rond het thema \u2018migratie\u2019 interessant en belangrijk vinden. Ze willen daarover leren, na- en meedenken vanuit een sociaal-liberaal perspectief.\t<\/p>\t  <\/div>\n\t<\/div>\n  <\/div>\n\n\n<div\n  id=\"\"\n  class=\"wrapper  wrapper__spacing-bottom-large--50 wrapper__spacing-bottom-desktop--70 wrapper__spacing-bottom-mobile--50  wrapper__gutter--none\"\n  >\n  \t<div class=\"wrapper__container wrapper__container-width-large--default\">\n\t  <div class=\"wrapper__inner wrapper__width-large--18 wrapper__width-desktop--22 wrapper__width-mobile--24 wrapper__offset-large--6 wrapper__offset-desktop--2 wrapper__offset-mobile--0\">\n\t\t<section class=\"block-text-title\">\n\t<div class=\"block-text-title__title\">\n\t\t<h3 class=\"heading  heading__color--black heading__size--medium heading__font--sans heading__weight--bold  block-text-title__heading\" id=\"nav-thema343\" data-nav-heading-mobile=\"Thema\">\n\tThema<\/h3>\t<\/div>\n\t<div class=\"block-text-title__content\">\n\t\t<p class=\"paragraph paragraph__align--left paragraph__color--black paragraph__size--default\">\n\t\tMigratie hoort bij Amsterdam. Al sinds mensenheugenis is de stad een magneet voor mensen op zoek naar nieuwe kansen op bestaan, geluk of bescherming. E\u00e9n op de drie Amsterdammers werd in een ander land geboren \u2013 net als in de 17e eeuw. Nog eens \u00e9\u00e9n op de vier kwam ergens anders in Nederland op de wereld. Immigranten uit binnen- \u00e9n buitenland gaven \u00e9n geven de stad haar unieke kleur.<br>Maar migratie gaat ook in Amsterdam soms gepaard met problemen. Bijvoorbeeld bij huisvesting voor internationale studenten en kennismigranten, uitbuiting van arbeidsmigranten, goede opvang van vluchtelingen of ondersteuning van ongedocumenteerden. Die problemen vragen om sociaal-liberale oplossingen.\t<\/p>\t<\/div>\n\n\t<div class=\"block-text-title__sidebar\">\n\t\t\t\t\t<section class=\"bullet-point-card block-text-title__bullet-point-card\">\n  <div class=\"bullet-point-card__wrapper\">\n\t<div class=\"bullet-point-card__title\">\n\t  <h3 class=\"heading heading__align--left heading__color--white heading__size--medium heading__font--sans heading__weight--bold\" id=\"nav-contact5085\" data-nav-heading-mobile=\"Contact\">\n\tContact<\/h3>\t<\/div>\n\t<div class=\"bullet-point-card__list\">\n\t  <ol class=\"lists lists__lists lists__weight--regular lists__color--white lists__type--arrow\">\n\t<li><a href=\"mailto:KGmigratie@d66amsterdam.nl\">Mail<\/a><\/li><\/ol>\t<\/div>\n  <\/div>\n<\/section>\t\t\n\t\t\n\t\t\t<\/div>\n<\/section>\n\t  <\/div>\n\t<\/div>\n  <\/div>\n\n\n<div\n  id=\"\"\n  class=\"wrapper  wrapper__spacing-bottom-large--50 wrapper__spacing-bottom-desktop--70 wrapper__spacing-bottom-mobile--50  wrapper__gutter--none\"\n  >\n  \t<div class=\"wrapper__container wrapper__container-width-large--default\">\n\t  <div class=\"wrapper__inner wrapper__width-large--18 wrapper__width-desktop--22 wrapper__width-mobile--24 wrapper__offset-large--6 wrapper__offset-desktop--2 wrapper__offset-mobile--0\">\n\t\t<section class=\"block-text-title\">\n\t<div class=\"block-text-title__title\">\n\t\t<h3 class=\"heading  heading__color--black heading__size--medium heading__font--sans heading__weight--bold  block-text-title__heading\" id=\"nav-activiteiten395\" data-nav-heading-mobile=\"Activiteiten\">\n\tActiviteiten<\/h3>\t<\/div>\n\t<div class=\"block-text-title__content\">\n\t\t<p class=\"paragraph paragraph__align--left paragraph__color--black paragraph__size--default\">\n\t\tDe Kennisgroep Migratie ontmoet elkaar eens per 6 tot 8 weken om actuele en minder actuele kwesties te bespreken, met name (maar niet alleen) kwesties die relevant zijn voor Amsterdam.<br>Ze is een gesprekpartner van D66-fracties in de gemeenteraad en stadsdeelcommissies, van verkiezingsprogrammacommissies en van D66\u2019ers in brede zin, zowel lokaal als landelijk.<br>Ze verzamelt en bundelt kennis en organiseert inspirerende activiteiten voor leden \u00e9n niet-leden die bijvoorbeeld (ervarings)deskundig zijn.<br><em>\u00a0<\/em><br>De kennisgroep staat open voor nieuwe leden. Ze is te bereiken via het mailadres <a href=\"mailto:KGmigratie@d66amsterdam.nl\"><a href=\"mailto:KGmigratie@d66amsterdam.nl\" target=\"_blank\" rel=\"noreferrer noopener\">KGmigratie@d66amsterdam.nl<\/a><\/a>.\t<\/p>\t<\/div>\n\n\t<div class=\"block-text-title__sidebar\">\n\t\t\n\t\t\n\t\t\t<\/div>\n<\/section>\n\t  <\/div>\n\t<\/div>\n  <\/div>\n","protected":false},"excerpt":{"rendered":"","protected":false},"author":816,"featured_media":0,"parent":572,"menu_order":0,"comment_status":"closed","ping_status":"closed","template":"","meta":{"_acf_changed":false,"footnotes":""},"search-tags":[],"labels":[],"themes-or-point-of-view":[],"class_list":["post-4573","page","type-page","status-publish","hentry"],"acf":[],"yoast_head":"<!-- This site is optimized with the Yoast SEO plugin v27.3 - https:\/\/yoast.com\/product\/yoast-seo-wordpress\/ -->\n<title>D66 Amsterdam &#8212; Kennisgroep Migratie<\/title>\n<meta name=\"robots\" content=\"index, follow, max-snippet:-1, max-image-preview:large, max-video-preview:-1\" \/>\n<link rel=\"canonical\" href=\"https:\/\/d66.nl\/amsterdam\/kennisgroepen\/kennisgroep-migratie\/\" \/>\n<meta property=\"og:locale\" content=\"nl_NL\" \/>\n<meta property=\"og:type\" content=\"article\" \/>\n<meta property=\"og:title\" content=\"D66 Amsterdam &#8212; Kennisgroep Migratie\" \/>\n<meta property=\"og:url\" content=\"https:\/\/d66.nl\/amsterdam\/kennisgroepen\/kennisgroep-migratie\/\" \/>\n<meta property=\"og:site_name\" content=\"D66 Amsterdam\" \/>\n<meta property=\"article:publisher\" content=\"https:\/\/www.facebook.com\/D66Amsterdam\" \/>\n<meta property=\"article:modified_time\" content=\"2025-09-20T18:23:10+00:00\" \/>\n<meta name=\"twitter:card\" content=\"summary_large_image\" \/>\n<meta name=\"twitter:site\" content=\"@d66amsterdam\" \/>\n<script type=\"application\/ld+json\" class=\"yoast-schema-graph\">{\"@context\":\"https:\\\/\\\/schema.org\",\"@graph\":[{\"@type\":\"WebPage\",\"@id\":\"https:\\\/\\\/d66.nl\\\/amsterdam\\\/kennisgroepen\\\/kennisgroep-migratie\\\/\",\"url\":\"https:\\\/\\\/d66.nl\\\/amsterdam\\\/kennisgroepen\\\/kennisgroep-migratie\\\/\",\"name\":\"D66 Amsterdam &#8212; Kennisgroep Migratie\",\"isPartOf\":{\"@id\":\"https:\\\/\\\/d66.nl\\\/amsterdam\\\/#website\"},\"datePublished\":\"2025-09-09T20:15:08+00:00\",\"dateModified\":\"2025-09-20T18:23:10+00:00\",\"breadcrumb\":{\"@id\":\"https:\\\/\\\/d66.nl\\\/amsterdam\\\/kennisgroepen\\\/kennisgroep-migratie\\\/#breadcrumb\"},\"inLanguage\":\"nl-NL\",\"potentialAction\":[{\"@type\":\"ReadAction\",\"target\":[\"https:\\\/\\\/d66.nl\\\/amsterdam\\\/kennisgroepen\\\/kennisgroep-migratie\\\/\"]}]},{\"@type\":\"BreadcrumbList\",\"@id\":\"https:\\\/\\\/d66.nl\\\/amsterdam\\\/kennisgroepen\\\/kennisgroep-migratie\\\/#breadcrumb\",\"itemListElement\":[{\"@type\":\"ListItem\",\"position\":1,\"name\":\"Home\",\"item\":\"https:\\\/\\\/d66.nl\\\/amsterdam\\\/\"},{\"@type\":\"ListItem\",\"position\":2,\"name\":\"Kennisgroepen\",\"item\":\"https:\\\/\\\/d66.nl\\\/amsterdam\\\/kennisgroepen\\\/\"},{\"@type\":\"ListItem\",\"position\":3,\"name\":\"Kennisgroep Migratie\"}]},{\"@type\":\"WebSite\",\"@id\":\"https:\\\/\\\/d66.nl\\\/amsterdam\\\/#website\",\"url\":\"https:\\\/\\\/d66.nl\\\/amsterdam\\\/\",\"name\":\"D66 Amsterdam\",\"description\":\"Just another D66 Sites site\",\"publisher\":{\"@id\":\"https:\\\/\\\/d66.nl\\\/amsterdam\\\/#organization\"},\"potentialAction\":[{\"@type\":\"SearchAction\",\"target\":{\"@type\":\"EntryPoint\",\"urlTemplate\":\"https:\\\/\\\/d66.nl\\\/amsterdam\\\/?s={search_term_string}\"},\"query-input\":{\"@type\":\"PropertyValueSpecification\",\"valueRequired\":true,\"valueName\":\"search_term_string\"}}],\"inLanguage\":\"nl-NL\"},{\"@type\":\"Organization\",\"@id\":\"https:\\\/\\\/d66.nl\\\/amsterdam\\\/#organization\",\"name\":\"D66\",\"url\":\"https:\\\/\\\/d66.nl\\\/amsterdam\\\/\",\"logo\":{\"@type\":\"ImageObject\",\"inLanguage\":\"nl-NL\",\"@id\":\"https:\\\/\\\/d66.nl\\\/amsterdam\\\/#\\\/schema\\\/logo\\\/image\\\/\",\"url\":\"https:\\\/\\\/d66.nl\\\/amsterdam\\\/wp-content\\\/uploads\\\/sites\\\/237\\\/2021\\\/10\\\/d66-themas-algemeen-og.png\",\"contentUrl\":\"https:\\\/\\\/d66.nl\\\/amsterdam\\\/wp-content\\\/uploads\\\/sites\\\/237\\\/2021\\\/10\\\/d66-themas-algemeen-og.png\",\"width\":1200,\"height\":628,\"caption\":\"D66\"},\"image\":{\"@id\":\"https:\\\/\\\/d66.nl\\\/amsterdam\\\/#\\\/schema\\\/logo\\\/image\\\/\"},\"sameAs\":[\"https:\\\/\\\/www.facebook.com\\\/D66Amsterdam\",\"https:\\\/\\\/x.com\\\/d66amsterdam\",\"https:\\\/\\\/instagram.com\\\/d66amsterdam?utm_medium=copy_link\",\"https:\\\/\\\/www.linkedin.com\\\/company\\\/d66-amsterdam\"]}]}<\/script>\n<!-- \/ Yoast SEO plugin. -->","yoast_head_json":{"title":"D66 Amsterdam &#8212; Kennisgroep Migratie","robots":{"index":"index","follow":"follow","max-snippet":"max-snippet:-1","max-image-preview":"max-image-preview:large","max-video-preview":"max-video-preview:-1"},"canonical":"https:\/\/d66.nl\/amsterdam\/kennisgroepen\/kennisgroep-migratie\/","og_locale":"nl_NL","og_type":"article","og_title":"D66 Amsterdam &#8212; Kennisgroep Migratie","og_url":"https:\/\/d66.nl\/amsterdam\/kennisgroepen\/kennisgroep-migratie\/","og_site_name":"D66 Amsterdam","article_publisher":"https:\/\/www.facebook.com\/D66Amsterdam","article_modified_time":"2025-09-20T18:23:10+00:00","twitter_card":"summary_large_image","twitter_site":"@d66amsterdam","schema":{"@context":"https:\/\/schema.org","@graph":[{"@type":"WebPage","@id":"https:\/\/d66.nl\/amsterdam\/kennisgroepen\/kennisgroep-migratie\/","url":"https:\/\/d66.nl\/amsterdam\/kennisgroepen\/kennisgroep-migratie\/","name":"D66 Amsterdam &#8212; Kennisgroep Migratie","isPartOf":{"@id":"https:\/\/d66.nl\/amsterdam\/#website"},"datePublished":"2025-09-09T20:15:08+00:00","dateModified":"2025-09-20T18:23:10+00:00","breadcrumb":{"@id":"https:\/\/d66.nl\/amsterdam\/kennisgroepen\/kennisgroep-migratie\/#breadcrumb"},"inLanguage":"nl-NL","potentialAction":[{"@type":"ReadAction","target":["https:\/\/d66.nl\/amsterdam\/kennisgroepen\/kennisgroep-migratie\/"]}]},{"@type":"BreadcrumbList","@id":"https:\/\/d66.nl\/amsterdam\/kennisgroepen\/kennisgroep-migratie\/#breadcrumb","itemListElement":[{"@type":"ListItem","position":1,"name":"Home","item":"https:\/\/d66.nl\/amsterdam\/"},{"@type":"ListItem","position":2,"name":"Kennisgroepen","item":"https:\/\/d66.nl\/amsterdam\/kennisgroepen\/"},{"@type":"ListItem","position":3,"name":"Kennisgroep Migratie"}]},{"@type":"WebSite","@id":"https:\/\/d66.nl\/amsterdam\/#website","url":"https:\/\/d66.nl\/amsterdam\/","name":"D66 Amsterdam","description":"Just another D66 Sites site","publisher":{"@id":"https:\/\/d66.nl\/amsterdam\/#organization"},"potentialAction":[{"@type":"SearchAction","target":{"@type":"EntryPoint","urlTemplate":"https:\/\/d66.nl\/amsterdam\/?s={search_term_string}"},"query-input":{"@type":"PropertyValueSpecification","valueRequired":true,"valueName":"search_term_string"}}],"inLanguage":"nl-NL"},{"@type":"Organization","@id":"https:\/\/d66.nl\/amsterdam\/#organization","name":"D66","url":"https:\/\/d66.nl\/amsterdam\/","logo":{"@type":"ImageObject","inLanguage":"nl-NL","@id":"https:\/\/d66.nl\/amsterdam\/#\/schema\/logo\/image\/","url":"https:\/\/d66.nl\/amsterdam\/wp-content\/uploads\/sites\/237\/2021\/10\/d66-themas-algemeen-og.png","contentUrl":"https:\/\/d66.nl\/amsterdam\/wp-content\/uploads\/sites\/237\/2021\/10\/d66-themas-algemeen-og.png","width":1200,"height":628,"caption":"D66"},"image":{"@id":"https:\/\/d66.nl\/amsterdam\/#\/schema\/logo\/image\/"},"sameAs":["https:\/\/www.facebook.com\/D66Amsterdam","https:\/\/x.com\/d66amsterdam","https:\/\/instagram.com\/d66amsterdam?utm_medium=copy_link","https:\/\/www.linkedin.com\/company\/d66-amsterdam"]}]}},"_links":{"self":[{"href":"https:\/\/d66.nl\/amsterdam\/wp-json\/wp\/v2\/pages\/4573","targetHints":{"allow":["GET"]}}],"collection":[{"href":"https:\/\/d66.nl\/amsterdam\/wp-json\/wp\/v2\/pages"}],"about":[{"href":"https:\/\/d66.nl\/amsterdam\/wp-json\/wp\/v2\/types\/page"}],"author":[{"embeddable":true,"href":"https:\/\/d66.nl\/amsterdam\/wp-json\/wp\/v2\/users\/816"}],"replies":[{"embeddable":true,"href":"https:\/\/d66.nl\/amsterdam\/wp-json\/wp\/v2\/comments?post=4573"}],"version-history":[{"count":5,"href":"https:\/\/d66.nl\/amsterdam\/wp-json\/wp\/v2\/pages\/4573\/revisions"}],"predecessor-version":[{"id":4614,"href":"https:\/\/d66.nl\/amsterdam\/wp-json\/wp\/v2\/pages\/4573\/revisions\/4614"}],"up":[{"embeddable":true,"href":"https:\/\/d66.nl\/amsterdam\/wp-json\/wp\/v2\/pages\/572"}],"wp:attachment":[{"href":"https:\/\/d66.nl\/amsterdam\/wp-json\/wp\/v2\/media?parent=4573"}],"wp:term":[{"taxonomy":"search-tags","embeddable":true,"href":"https:\/\/d66.nl\/amsterdam\/wp-json\/wp\/v2\/search-tags?post=4573"},{"taxonomy":"labels","embeddable":true,"href":"https:\/\/d66.nl\/amsterdam\/wp-json\/wp\/v2\/labels?post=4573"},{"taxonomy":"themes-or-point-of-view","embeddable":true,"href":"https:\/\/d66.nl\/amsterdam\/wp-json\/wp\/v2\/themes-or-point-of-view?post=4573"}],"curies":[{"name":"wp","href":"https:\/\/api.w.org\/{rel}","templated":true}]}}