{"id":1112,"date":"2022-02-03T20:48:15","date_gmt":"2022-02-03T20:48:15","guid":{"rendered":"https:\/\/d66.nl\/amsterdam\/?page_id=1112"},"modified":"2025-11-02T17:33:50","modified_gmt":"2025-11-02T17:33:50","slug":"onderscheidingen","status":"publish","type":"page","link":"https:\/\/d66.nl\/amsterdam\/d66-als-vereniging\/onderscheidingen\/","title":{"rendered":"Onderscheidingen"},"content":{"rendered":"<div\n  id=\"\"\n  class=\"wrapper  wrapper__spacing-bottom-large--50 wrapper__spacing-bottom-desktop--66 wrapper__spacing-bottom-mobile--76  wrapper__gutter--none\"\n  >\n  \t<div class=\"wrapper__container wrapper__container-width-large--default\">\n\t  <div class=\"wrapper__inner wrapper__width-large--14 wrapper__width-desktop--20 wrapper__width-mobile--24 wrapper__offset-large--6 wrapper__offset-desktop--4 wrapper__offset-mobile--0\">\n\t\t<h1 class=\"heading   heading__size--giant heading__font--serif heading__weight--regular  block-heading__heading\" id=\"nav-onderscheidingen1662\"  data-nav-heading-mobile=\"Onderscheidingen\" >\n\tOnderscheidingen<\/h1>\t  <\/div>\n\t<\/div>\n  <\/div>\n\n\n<div\n  id=\"\"\n  class=\"wrapper  wrapper__spacing-bottom-large--50 wrapper__spacing-bottom-mobile--40  wrapper__gutter--none\"\n  >\n  \t<div class=\"wrapper__container wrapper__container-width-large--default\">\n\t  <div class=\"wrapper__inner wrapper__width-large--13 wrapper__width-desktop--22 wrapper__width-mobile--24 wrapper__offset-large--6 wrapper__offset-desktop--2 wrapper__offset-mobile--0\">\n\t\t<p\n\t\tclass=\"paragraph   paragraph__size--big   block-paragraph__paragraph\"\n\t\t\t>\n\t\tBovenaan de lijst van prioriteiten van de afdeling D66 Amsterdam staan de politiek en de leden. Redelijk logisch voor een politieke partij. Om actieve leden en politici te eren en te bedanken, reikt D66 Amsterdam onderscheidingen uit. \t<\/p>\t  <\/div>\n\t<\/div>\n  <\/div>\n\n\n<div\n  id=\"\"\n  class=\"wrapper  wrapper__spacing-bottom-large--50 wrapper__spacing-bottom-desktop--70 wrapper__spacing-bottom-mobile--50  wrapper__gutter--none\"\n  >\n  \t<div class=\"wrapper__container wrapper__container-width-large--default\">\n\t  <div class=\"wrapper__inner wrapper__width-large--18 wrapper__width-desktop--22 wrapper__width-mobile--24 wrapper__offset-large--6 wrapper__offset-desktop--2 wrapper__offset-mobile--0\">\n\t\t<section class=\"block-post-content\">\n\t<div class=\"block-post-content__title\">\n\t\t<h3 class=\"heading  heading__color--black heading__size--medium heading__font--sans heading__weight--semiBold  block-post-content__heading\" id=\"nav-ren---van-veen-award1996\" data-nav-heading-mobile=\"Ren\u00e9 van Veen Award\">\n\tRen\u00e9 van Veen Award<\/h3>\t<\/div>\n\t<div class=\"block-post-content__content\">\n\t\t\n<div\n  id=\"\"\n  class=\"wrapper  wrapper__spacing-bottom-large--30 wrapper__spacing-bottom-desktop--20  wrapper__gutter--none\"\n  >\n  \t<div class=\"wrapper__container wrapper__container-width-large--default\">\n\t  <div class=\"wrapper__inner wrapper__width-large--24 wrapper__width-mobile--24\">\n\t\t<p\n\t\tclass=\"paragraph paragraph__align--left paragraph__color--black paragraph__size--default   block-paragraph__paragraph\"\n\t\t\t>\n\t\tDe Ren\u00e9 van Veen Award wordt jaarlijks uitgereikt aan iemand die zich op een bijzondere wijze \u2013 vrijwillig \u2013 ingezet heeft voor D66 Amsterdam.<br><br>De onderscheiding is vernoemd naar Ren\u00e9 van Veen (\u2020 2013), voormalig eigenaar van Caf\u00e9 P96 aan de Prinsengracht, uitvalsbasis van de partij in Amsterdam.\u00a0Ren\u00e9 was vaak de drijvende kracht achter D66 Amsterdam. Ren\u00e9 maakte met zijn gastvrije onthaal Caf\u00e9 P96 tot een \u2018huiskamer voor D66 Amsterdam\u2019, waar veel democraten hun eerste stappen op het politieke pad zetten. In 2009 is er ter ere van het vele werk van Ren\u00e9 voor D66 Amsterdam de Ren\u00e9 van Veen Award ingesteld: een trofee voor de \u2018vrijwilliger van het jaar\u2019. De onderscheiding is een blijvende herinnering aan hem en zijn inzet voor D66. En uiteraard een inspiratie voor iedereen die zich inzet voor D66, vooral voor het \u2018handen uit de mouwen\u2019 vrijwilligerswerk, waarbij Ren\u00e9 altijd het voortouw nam.<br><br>Met deze award spreekt het bestuur namens de afdeling dank en waardering uit aan een vrijwilliger die zich zonder belang bijzonder heeft ingezet voor de vereniging. Hiermee wil het bestuur benadrukken hoe belangrijk vrijwilligers zijn voor de partij.<br><br>Zowel het bestuur als leden van D66 Amsterdam kunnen een kandidaat voor de Ren\u00e9 van Veen Award nomineren. Wanneer een lid iemand kent die volgens hem\/haar De Ren\u00e9 van Veen Award verdient, kan deze aangemeld worden bij het bestuur. Dat kan het gehele jaar door :\t<\/p>\t  <\/div>\n\t<\/div>\n  <\/div>\n\n\n<div\n  id=\"\"\n  class=\"wrapper  wrapper__spacing-bottom-large--20  wrapper__gutter--none\"\n  >\n  \t<div class=\"wrapper__container wrapper__container-width-large--default\">\n\t  <div class=\"wrapper__inner wrapper__width-large--24 wrapper__width-mobile--24\">\n\t\t\t<div class=\"block-lists  block-lists__color--black\">\n\t\t<p class=\"paragraph  paragraph__color--black paragraph__size--default\">\n\t\t\t<\/p><ul class=\"block-lists lists__lists lists__weight--medium lists__color--black lists__type--default\">\n\t<li>een brief aan Bestuur D66 Amsterdam, Stadhuis, Amstel 1, Kamer 2239, 1011 PN Amsterdam, o.v.v. \u2018vrijwilliger van het jaar\u2019<\/li><li>of een e-mail via secretaris@d66amsterdam.nl, o.v.v. \u2018vrijwilliger van het jaar\u2019<\/li><\/ul>\t<\/div>\n\t\t  <\/div>\n\t<\/div>\n  <\/div>\n\n\n<div\n  id=\"\"\n  class=\"wrapper  wrapper__spacing-bottom-large--30 wrapper__spacing-bottom-desktop--20  wrapper__gutter--none\"\n  >\n  \t<div class=\"wrapper__container wrapper__container-width-large--default\">\n\t  <div class=\"wrapper__inner wrapper__width-large--24 wrapper__width-mobile--24\">\n\t\t<p\n\t\tclass=\"paragraph paragraph__align--left paragraph__color--black paragraph__size--default   block-paragraph__paragraph\"\n\t\t\t>\n\t\tIn de aanmelding is duidelijk gemotiveerd waarom de persoon voor de prijs in aanmerking komt. Het bestuur bekijkt alle nominaties voor de onderscheiding en maakt daaruit een keuze. Tijdens het jaarlijkse stadscongres wordt bekendgemaakt wie de Ren\u00e9 van Veen Award in ontvangst mag nemen.<br><br>De volgende personen hebben de Ren\u00e9 van Veen-award ontvangen:\t<\/p>\t  <\/div>\n\t<\/div>\n  <\/div>\n\n\n<div\n  id=\"\"\n  class=\"wrapper  wrapper__spacing-bottom-large--20  wrapper__gutter--none\"\n  >\n  \t<div class=\"wrapper__container wrapper__container-width-large--default\">\n\t  <div class=\"wrapper__inner wrapper__width-large--24 wrapper__width-mobile--24\">\n\t\t\t<div class=\"block-lists  block-lists__color--black\">\n\t\t<p class=\"paragraph  paragraph__color--black paragraph__size--default\">\n\t\t\t<\/p><ul class=\"block-lists lists__lists lists__weight--medium lists__color--black lists__type--default\">\n\t<li>Steven Oosterhuis (2025)<\/li><li>Jacco Verstraeten-Jochemsen (2024)<\/li><li>Ruud van Buren (2023)<\/li><li>Jorn van Breukelen (2022)<\/li><li>Raymond Gijsen (2021)<\/li><li>De Permanente Programma Commissie (2020)<\/li><li>Martijn van der Meulen (2019)<\/li><li>Sandra de Vries (2018) (\u20202021)<\/li><li>Marijn Makker en Jeanine Zoet (2017)<\/li><li>Kees Bezemer en Moncef Beekhof (2016)<\/li><li>Marcel van Schagen en Johanna R\u00e4kers (2015)<\/li><li>Roy van der Linden (2014)<\/li><li>Laura De Vito (2013)<\/li><li>Meltem Kaya (2012)<\/li><li>Hans Korff (2011)<\/li><li>Helmer Wieringa en Bonneke Weber (2010)<\/li><li>Jan-Bert Vroege (2009)<\/li><\/ul>\t<\/div>\n\t\t  <\/div>\n\t<\/div>\n  <\/div>\n\n\t<\/div>\n\n\t<div class=\"block-post-content__sidebar\">\n\t\t\n\t\t\n\t\t\t<\/div>\n<\/section>\n\t  <\/div>\n\t<\/div>\n  <\/div>\n\n\n<div\n  id=\"\"\n  class=\"wrapper  wrapper__spacing-bottom-large--50 wrapper__spacing-bottom-desktop--70 wrapper__spacing-bottom-mobile--50  wrapper__gutter--none\"\n  >\n  \t<div class=\"wrapper__container wrapper__container-width-large--default\">\n\t  <div class=\"wrapper__inner wrapper__width-large--18 wrapper__width-desktop--22 wrapper__width-mobile--24 wrapper__offset-large--6 wrapper__offset-desktop--2 wrapper__offset-mobile--0\">\n\t\t<section class=\"block-post-content\">\n\t<div class=\"block-post-content__title\">\n\t\t<h3 class=\"heading  heading__color--black heading__size--medium heading__font--sans heading__weight--semiBold  block-post-content__heading\" id=\"nav-rick-ten-have-award3828\" data-nav-heading-mobile=\"Rick ten Have Award\">\n\tRick ten Have Award<\/h3>\t<\/div>\n\t<div class=\"block-post-content__content\">\n\t\t\n<div\n  id=\"\"\n  class=\"wrapper  wrapper__spacing-bottom-large--30 wrapper__spacing-bottom-desktop--20  wrapper__gutter--none\"\n  >\n  \t<div class=\"wrapper__container wrapper__container-width-large--default\">\n\t  <div class=\"wrapper__inner wrapper__width-large--24 wrapper__width-mobile--24\">\n\t\t<p\n\t\tclass=\"paragraph paragraph__align--left paragraph__color--black paragraph__size--default   block-paragraph__paragraph\"\n\t\t\t>\n\t\tDeze prijs is vernoemd naar Rick ten Have (\u2020 2021). Dit gewaardeerde lid zat twintig jaar lang voor D66 in de Amsterdamse gemeenteraad, tussen 1986 en 1994 was hij wethouder in Amsterdam, tevens was hij een aantal jaar lid van de deelraad in Centrum. Als eerbetoon aan Rick ten Have werd in 2014 een prijs ingesteld met zijn naam voor D66-politici die drie termijnen of meer in de gemeenteraad of op stadsdeelniveau politiek actief zijn geweest en een punt achter hun politieke carri\u00e8re zetten. <br><br>De prijs wordt iedere vier jaar na de gemeenteraadsverkiezingen uitgereikt aan vertrekkende politici.\t<\/p>\t  <\/div>\n\t<\/div>\n  <\/div>\n\n\n<div\n  id=\"\"\n  class=\"wrapper  wrapper__spacing-bottom-large--20  wrapper__gutter--none\"\n  >\n  \t<div class=\"wrapper__container wrapper__container-width-large--default\">\n\t  <div class=\"wrapper__inner wrapper__width-large--24 wrapper__width-mobile--24\">\n\t\t\t<div class=\"block-lists  block-lists__color--black\">\n\t\t<p class=\"paragraph  paragraph__color--black paragraph__size--default\">\n\t\t\t<\/p><ul class=\"block-lists lists__lists lists__weight--medium lists__color--black lists__type--default\">\n\t<li>Simone Kukenheim, Sebasti\u00e1n Capel en Jan-Bert Vroege (cohort 2022)<\/li><li>2014: Rick ten Have, Yellie Alkema, Joep Blaas, Pam de Soete en Jeroen van Spijk<\/li><li>2018: Thomas van Egmond, Ronald Mauer, Eelco Huizinga en Ivar Manuel<\/li><\/ul>\t<\/div>\n\t\t  <\/div>\n\t<\/div>\n  <\/div>\n\n\t<\/div>\n\n\t<div class=\"block-post-content__sidebar\">\n\t\t\n\t\t\n\t\t\t<\/div>\n<\/section>\n\t  <\/div>\n\t<\/div>\n  <\/div>\n","protected":false},"excerpt":{"rendered":"","protected":false},"author":45,"featured_media":0,"parent":601,"menu_order":0,"comment_status":"closed","ping_status":"closed","template":"","meta":{"_acf_changed":false,"footnotes":""},"themes-or-point-of-view":[],"labels":[],"search-tags":[],"class_list":["post-1112","page","type-page","status-publish","hentry"],"acf":[],"yoast_head":"<!-- This site is optimized with the Yoast SEO plugin v27.3 - https:\/\/yoast.com\/product\/yoast-seo-wordpress\/ -->\n<title>D66 Amsterdam &#8212; Onderscheidingen<\/title>\n<meta name=\"robots\" content=\"index, follow, max-snippet:-1, max-image-preview:large, max-video-preview:-1\" \/>\n<link rel=\"canonical\" href=\"https:\/\/d66.nl\/amsterdam\/d66-als-vereniging\/onderscheidingen\/\" \/>\n<meta property=\"og:locale\" content=\"nl_NL\" \/>\n<meta property=\"og:type\" content=\"article\" \/>\n<meta property=\"og:title\" content=\"D66 Amsterdam &#8212; Onderscheidingen\" \/>\n<meta property=\"og:url\" content=\"https:\/\/d66.nl\/amsterdam\/d66-als-vereniging\/onderscheidingen\/\" \/>\n<meta property=\"og:site_name\" content=\"D66 Amsterdam\" \/>\n<meta property=\"article:publisher\" content=\"https:\/\/www.facebook.com\/D66Amsterdam\" \/>\n<meta property=\"article:modified_time\" content=\"2025-11-02T17:33:50+00:00\" \/>\n<meta name=\"twitter:card\" content=\"summary_large_image\" \/>\n<meta name=\"twitter:site\" content=\"@d66amsterdam\" \/>\n<script type=\"application\/ld+json\" class=\"yoast-schema-graph\">{\"@context\":\"https:\\\/\\\/schema.org\",\"@graph\":[{\"@type\":\"WebPage\",\"@id\":\"https:\\\/\\\/d66.nl\\\/amsterdam\\\/d66-als-vereniging\\\/onderscheidingen\\\/\",\"url\":\"https:\\\/\\\/d66.nl\\\/amsterdam\\\/d66-als-vereniging\\\/onderscheidingen\\\/\",\"name\":\"D66 Amsterdam &#8212; Onderscheidingen\",\"isPartOf\":{\"@id\":\"https:\\\/\\\/d66.nl\\\/amsterdam\\\/#website\"},\"datePublished\":\"2022-02-03T20:48:15+00:00\",\"dateModified\":\"2025-11-02T17:33:50+00:00\",\"breadcrumb\":{\"@id\":\"https:\\\/\\\/d66.nl\\\/amsterdam\\\/d66-als-vereniging\\\/onderscheidingen\\\/#breadcrumb\"},\"inLanguage\":\"nl-NL\",\"potentialAction\":[{\"@type\":\"ReadAction\",\"target\":[\"https:\\\/\\\/d66.nl\\\/amsterdam\\\/d66-als-vereniging\\\/onderscheidingen\\\/\"]}]},{\"@type\":\"BreadcrumbList\",\"@id\":\"https:\\\/\\\/d66.nl\\\/amsterdam\\\/d66-als-vereniging\\\/onderscheidingen\\\/#breadcrumb\",\"itemListElement\":[{\"@type\":\"ListItem\",\"position\":1,\"name\":\"Home\",\"item\":\"https:\\\/\\\/d66.nl\\\/amsterdam\\\/\"},{\"@type\":\"ListItem\",\"position\":2,\"name\":\"Doe mee met D66\",\"item\":\"https:\\\/\\\/d66.nl\\\/amsterdam\\\/d66-als-vereniging\\\/\"},{\"@type\":\"ListItem\",\"position\":3,\"name\":\"Onderscheidingen\"}]},{\"@type\":\"WebSite\",\"@id\":\"https:\\\/\\\/d66.nl\\\/amsterdam\\\/#website\",\"url\":\"https:\\\/\\\/d66.nl\\\/amsterdam\\\/\",\"name\":\"D66 Amsterdam\",\"description\":\"Just another D66 Sites site\",\"publisher\":{\"@id\":\"https:\\\/\\\/d66.nl\\\/amsterdam\\\/#organization\"},\"potentialAction\":[{\"@type\":\"SearchAction\",\"target\":{\"@type\":\"EntryPoint\",\"urlTemplate\":\"https:\\\/\\\/d66.nl\\\/amsterdam\\\/?s={search_term_string}\"},\"query-input\":{\"@type\":\"PropertyValueSpecification\",\"valueRequired\":true,\"valueName\":\"search_term_string\"}}],\"inLanguage\":\"nl-NL\"},{\"@type\":\"Organization\",\"@id\":\"https:\\\/\\\/d66.nl\\\/amsterdam\\\/#organization\",\"name\":\"D66\",\"url\":\"https:\\\/\\\/d66.nl\\\/amsterdam\\\/\",\"logo\":{\"@type\":\"ImageObject\",\"inLanguage\":\"nl-NL\",\"@id\":\"https:\\\/\\\/d66.nl\\\/amsterdam\\\/#\\\/schema\\\/logo\\\/image\\\/\",\"url\":\"https:\\\/\\\/d66.nl\\\/amsterdam\\\/wp-content\\\/uploads\\\/sites\\\/237\\\/2021\\\/10\\\/d66-themas-algemeen-og.png\",\"contentUrl\":\"https:\\\/\\\/d66.nl\\\/amsterdam\\\/wp-content\\\/uploads\\\/sites\\\/237\\\/2021\\\/10\\\/d66-themas-algemeen-og.png\",\"width\":1200,\"height\":628,\"caption\":\"D66\"},\"image\":{\"@id\":\"https:\\\/\\\/d66.nl\\\/amsterdam\\\/#\\\/schema\\\/logo\\\/image\\\/\"},\"sameAs\":[\"https:\\\/\\\/www.facebook.com\\\/D66Amsterdam\",\"https:\\\/\\\/x.com\\\/d66amsterdam\",\"https:\\\/\\\/instagram.com\\\/d66amsterdam?utm_medium=copy_link\",\"https:\\\/\\\/www.linkedin.com\\\/company\\\/d66-amsterdam\"]}]}<\/script>\n<!-- \/ Yoast SEO plugin. -->","yoast_head_json":{"title":"D66 Amsterdam &#8212; Onderscheidingen","robots":{"index":"index","follow":"follow","max-snippet":"max-snippet:-1","max-image-preview":"max-image-preview:large","max-video-preview":"max-video-preview:-1"},"canonical":"https:\/\/d66.nl\/amsterdam\/d66-als-vereniging\/onderscheidingen\/","og_locale":"nl_NL","og_type":"article","og_title":"D66 Amsterdam &#8212; Onderscheidingen","og_url":"https:\/\/d66.nl\/amsterdam\/d66-als-vereniging\/onderscheidingen\/","og_site_name":"D66 Amsterdam","article_publisher":"https:\/\/www.facebook.com\/D66Amsterdam","article_modified_time":"2025-11-02T17:33:50+00:00","twitter_card":"summary_large_image","twitter_site":"@d66amsterdam","schema":{"@context":"https:\/\/schema.org","@graph":[{"@type":"WebPage","@id":"https:\/\/d66.nl\/amsterdam\/d66-als-vereniging\/onderscheidingen\/","url":"https:\/\/d66.nl\/amsterdam\/d66-als-vereniging\/onderscheidingen\/","name":"D66 Amsterdam &#8212; Onderscheidingen","isPartOf":{"@id":"https:\/\/d66.nl\/amsterdam\/#website"},"datePublished":"2022-02-03T20:48:15+00:00","dateModified":"2025-11-02T17:33:50+00:00","breadcrumb":{"@id":"https:\/\/d66.nl\/amsterdam\/d66-als-vereniging\/onderscheidingen\/#breadcrumb"},"inLanguage":"nl-NL","potentialAction":[{"@type":"ReadAction","target":["https:\/\/d66.nl\/amsterdam\/d66-als-vereniging\/onderscheidingen\/"]}]},{"@type":"BreadcrumbList","@id":"https:\/\/d66.nl\/amsterdam\/d66-als-vereniging\/onderscheidingen\/#breadcrumb","itemListElement":[{"@type":"ListItem","position":1,"name":"Home","item":"https:\/\/d66.nl\/amsterdam\/"},{"@type":"ListItem","position":2,"name":"Doe mee met D66","item":"https:\/\/d66.nl\/amsterdam\/d66-als-vereniging\/"},{"@type":"ListItem","position":3,"name":"Onderscheidingen"}]},{"@type":"WebSite","@id":"https:\/\/d66.nl\/amsterdam\/#website","url":"https:\/\/d66.nl\/amsterdam\/","name":"D66 Amsterdam","description":"Just another D66 Sites site","publisher":{"@id":"https:\/\/d66.nl\/amsterdam\/#organization"},"potentialAction":[{"@type":"SearchAction","target":{"@type":"EntryPoint","urlTemplate":"https:\/\/d66.nl\/amsterdam\/?s={search_term_string}"},"query-input":{"@type":"PropertyValueSpecification","valueRequired":true,"valueName":"search_term_string"}}],"inLanguage":"nl-NL"},{"@type":"Organization","@id":"https:\/\/d66.nl\/amsterdam\/#organization","name":"D66","url":"https:\/\/d66.nl\/amsterdam\/","logo":{"@type":"ImageObject","inLanguage":"nl-NL","@id":"https:\/\/d66.nl\/amsterdam\/#\/schema\/logo\/image\/","url":"https:\/\/d66.nl\/amsterdam\/wp-content\/uploads\/sites\/237\/2021\/10\/d66-themas-algemeen-og.png","contentUrl":"https:\/\/d66.nl\/amsterdam\/wp-content\/uploads\/sites\/237\/2021\/10\/d66-themas-algemeen-og.png","width":1200,"height":628,"caption":"D66"},"image":{"@id":"https:\/\/d66.nl\/amsterdam\/#\/schema\/logo\/image\/"},"sameAs":["https:\/\/www.facebook.com\/D66Amsterdam","https:\/\/x.com\/d66amsterdam","https:\/\/instagram.com\/d66amsterdam?utm_medium=copy_link","https:\/\/www.linkedin.com\/company\/d66-amsterdam"]}]}},"_links":{"self":[{"href":"https:\/\/d66.nl\/amsterdam\/wp-json\/wp\/v2\/pages\/1112","targetHints":{"allow":["GET"]}}],"collection":[{"href":"https:\/\/d66.nl\/amsterdam\/wp-json\/wp\/v2\/pages"}],"about":[{"href":"https:\/\/d66.nl\/amsterdam\/wp-json\/wp\/v2\/types\/page"}],"author":[{"embeddable":true,"href":"https:\/\/d66.nl\/amsterdam\/wp-json\/wp\/v2\/users\/45"}],"replies":[{"embeddable":true,"href":"https:\/\/d66.nl\/amsterdam\/wp-json\/wp\/v2\/comments?post=1112"}],"version-history":[{"count":8,"href":"https:\/\/d66.nl\/amsterdam\/wp-json\/wp\/v2\/pages\/1112\/revisions"}],"predecessor-version":[{"id":4749,"href":"https:\/\/d66.nl\/amsterdam\/wp-json\/wp\/v2\/pages\/1112\/revisions\/4749"}],"up":[{"embeddable":true,"href":"https:\/\/d66.nl\/amsterdam\/wp-json\/wp\/v2\/pages\/601"}],"wp:attachment":[{"href":"https:\/\/d66.nl\/amsterdam\/wp-json\/wp\/v2\/media?parent=1112"}],"wp:term":[{"taxonomy":"themes-or-point-of-view","embeddable":true,"href":"https:\/\/d66.nl\/amsterdam\/wp-json\/wp\/v2\/themes-or-point-of-view?post=1112"},{"taxonomy":"labels","embeddable":true,"href":"https:\/\/d66.nl\/amsterdam\/wp-json\/wp\/v2\/labels?post=1112"},{"taxonomy":"search-tags","embeddable":true,"href":"https:\/\/d66.nl\/amsterdam\/wp-json\/wp\/v2\/search-tags?post=1112"}],"curies":[{"name":"wp","href":"https:\/\/api.w.org\/{rel}","templated":true}]}}