{"id":659,"date":"2022-04-21T13:34:39","date_gmt":"2022-04-21T13:34:39","guid":{"rendered":"https:\/\/d66.nl\/alkmaar\/?page_id=659"},"modified":"2022-04-21T13:46:34","modified_gmt":"2022-04-21T13:46:34","slug":"d66-alkmaar","status":"publish","type":"page","link":"https:\/\/d66.nl\/alkmaar\/d66-alkmaar\/","title":{"rendered":"Visie D66 Alkmaar"},"content":{"rendered":"<div\n  id=\"\"\n  class=\"wrapper  wrapper__spacing-bottom-large--50 wrapper__spacing-bottom-desktop--66 wrapper__spacing-bottom-mobile--76  wrapper__gutter--none\"\n  >\n  \t<div class=\"wrapper__container wrapper__container-width-large--default\">\n\t  <div class=\"wrapper__inner wrapper__width-large--14 wrapper__width-desktop--20 wrapper__width-mobile--24 wrapper__offset-large--6 wrapper__offset-desktop--4 wrapper__offset-mobile--0\">\n\t\t<h1 class=\"heading   heading__size--giant heading__font--serif heading__weight--regular  block-heading__heading\" id=\"nav-visie3634\"  data-nav-heading-mobile=\"Visie\" >\n\tVisie<\/h1>\t  <\/div>\n\t<\/div>\n  <\/div>\n\n\n<div\n  id=\"\"\n  class=\"wrapper  wrapper__spacing-bottom-large--50 wrapper__spacing-bottom-mobile--40  wrapper__gutter--none\"\n  >\n  \t<div class=\"wrapper__container wrapper__container-width-large--default\">\n\t  <div class=\"wrapper__inner wrapper__width-large--13 wrapper__width-desktop--22 wrapper__width-mobile--24 wrapper__offset-large--6 wrapper__offset-desktop--2 wrapper__offset-mobile--0\">\n\t\t<p\n\t\tclass=\"paragraph   paragraph__size--big   block-paragraph__paragraph\"\n\t\t\t>\n\t\t<strong>Laat iedereen vrij, maar niemand vallen, ook de komende generaties niet<\/strong><br>D66 Alkmaar wil dat iedereen zichzelf kan zijn en zich daardoor thuis kan voelen in Alkmaar.<br>Er moet aandacht zijn voor sociale rechtvaardigheid voor iedereen, want dan kan iedereen ook gelijkwaardig deelnemen aan onze maatschappij. Oprechte aandacht voor elkaars verschillen, ieders kwaliteiten, talenten, waarden en rechten en plichten. Elkaars zorgen en problemen erkennen. Dan leren we van elkaar en maken we samen onze toekomst.<br>\u00a0<br>Volgens D66 kan dat door verbindende communicatie gericht op vertrouwen, medemenselijkheid en oprechtheid. Wij willen doen wat helpt en steeds door het systeem de mens blijven zien. \u00a0Heldere taal spreken over rechten en plichten. Verbinding zoeken met en erkenning van andermans problemen en andere manieren van denken en zijn. Dat is waar de politiek in onze gemeente voor moet staan. Dat is waar D66 Alkmaar voor staat.<br><br><strong>Een duurzame gemeente<\/strong> <strong>gericht op de toekomst<\/strong><br>Klimaatverandering is een belangrijke bedreiging voor de bewoners van Alkmaar in de 21ste eeuw en ook voor de toekomstige generaties. De omvang van deze verandering gaat de omvang van Alkmaar en zelfs van heel Nederland verre te boven. Wat we wel kunnen en moeten doen is onze bijdrage leveren aan het tegengaan van die dreiging en zo mogelijk anderen inspireren om hetzelfde te doen.<br>\u00a0<br>We zijn een gemeente waar we de verandering van het klimaat serieus nemen en uitdrukkelijk meewegen in het gemeentelijk beleid. Een groene gemeente die duurzaamheid altijd serieus neemt. Een gemeente die nu al rekening houdt met een duurzame toekomst en daarin in durft te investeren.<br>\u00a0<br><strong>Alkmaar is een centrumgemeente<\/strong><br>Een gemeente waar je kan winkelen, waar je kunt gaan stappen of uitgaan.\u00a0 Waar de natuur altijd op fietsafstand is. Waar sport en culturele activiteiten ondersteund worden en we jaarlijks kunnen genieten van minstens \u00e9\u00e9n groot cultuur- en \u00e9\u00e9n sportevenement.<br>\u00a0<br>Een gemeente met goede contacten in de regio. Een centrumgemeente die haar regionale verantwoordelijkheden serieus neemt en haar relaties met aangrenzende gemeenten en de Metropoolregio Amsterdam onderhoudt en de samenwerking zoekt.<br>\u00a0<br><strong>Alkmaar zorgt voor zijn inwoners<\/strong><br>Een gemeente die haar inwoners, jong en oud, helpt om hun gezondheid, hun talenten en vaardigheden te ontwikkelen. Dat kan gaan om zaken als gezondheid, scholing, sociaal leven, huisvesting, werk en veiligheid.<br>\u00a0<br>D66 wil een gemeente met goede en betaalbare woningen. Jongeren moeten een betaalbaar dak boven hun hoofd hebben. In Alkmaar moeten voldoende woningen zijn voor sociale huur en middenhuur. Er is ook ruimte nodig voor eengezinswoningen met een tuin. Een gemeente waar ouderen een keuze hebben om thuis te blijven wonen omdat de woning levensloopbestendig is en de zorg dichtbij geregeld is.<br>D66 wil een gemeente met cultuur, van opera tot popconcerten, \u00a0met goed onderwijs in eigentijdse frisse scholen. D66 stimuleert de samenwerking tussen onderwijs en innovatieve werkgevers in de maakindustrie,\u00a0 zorg en dienstverlening en agrarische bedrijven. Iedereen kan hier zijn talenten benutten.<br><br><strong>Een betrouwbaar en open bestuur dat luistert naar haar inwoners<\/strong><br>D66 wil een gemeentebestuur dat gesprekken organiseert met inwoners over hun leefomgeving en hoe inwoners die willen verbeteren. Wat hun zorgen zijn, hoe we elkaars standpunten en verschillende belangen kunnen erkennen en dichter bij elkaar kunnen brengen. Een gemeente met een bestuurscultuur dat gericht is op vertrouwen en transparantie. Waarbij wij onder ogen zien dat transparantie alleen maar kan gedijen bij, waar nodig, de aanwezigheid van vertrouwelijkheid. Een gemeente die zijn financi\u00ebn op orde heeft; een sluitende begroting en geld uitgeven waar het kan, bezuinigen als het moet.<br>\u00a0<br>Alkmaar, een duurzame gemeente waar we doen wat we kunnen voor een mooie toekomst voor iedereen.\t<\/p>\t  <\/div>\n\t<\/div>\n  <\/div>\n\n\n<div\n  id=\"\"\n  class=\"wrapper  wrapper__spacing-bottom-large--50 wrapper__spacing-bottom-desktop--70 wrapper__spacing-bottom-mobile--50  wrapper__gutter--none\"\n  >\n  \t<div class=\"wrapper__container wrapper__container-width-large--default\">\n\t  <div class=\"wrapper__inner wrapper__width-large--18 wrapper__width-desktop--22 wrapper__width-mobile--24 wrapper__offset-large--6 wrapper__offset-desktop--2 wrapper__offset-mobile--0\">\n\t\t<section class=\"block-post-content\">\n\t<div class=\"block-post-content__title\">\n\t\t<h3 class=\"heading  heading__color--black heading__size--medium heading__font--sans heading__weight--bold  block-post-content__heading\" id=\"nav-839\" data-nav-heading-mobile=\"\">\n\t<\/h3>\t<\/div>\n\t<div class=\"block-post-content__content\">\n\t\t\n<div\n  id=\"\"\n  class=\"wrapper  wrapper__spacing-bottom-large--30 wrapper__spacing-bottom-desktop--20  wrapper__gutter--none\"\n  >\n  \t<div class=\"wrapper__container wrapper__container-width-large--default\">\n\t  <div class=\"wrapper__inner wrapper__width-large--24 wrapper__width-mobile--24\">\n\t\t<p\n\t\tclass=\"paragraph paragraph__align--left paragraph__color--black paragraph__size--default   block-paragraph__paragraph\"\n\t\t\t>\n\t\t\t<\/p>\t  <\/div>\n\t<\/div>\n  <\/div>\n\n\n<div\n  id=\"\"\n  class=\"wrapper  wrapper__spacing-bottom-large--20  wrapper__gutter--none\"\n  >\n  \t<div class=\"wrapper__container wrapper__container-width-large--default\">\n\t  <div class=\"wrapper__inner wrapper__width-large--24 wrapper__width-mobile--24\">\n\t\t\t<div class=\"block-lists  block-lists__color--black\">\n\t\t<p class=\"paragraph  paragraph__color--black paragraph__size--default\">\n\t\t\t<\/p><ul class=\"block-lists lists__lists lists__weight--medium lists__color--black lists__type--default\">\n\t<\/ul>\t<\/div>\n\t\t  <\/div>\n\t<\/div>\n  <\/div>\n\n\n<div\n  id=\"\"\n  class=\"wrapper  wrapper__spacing-bottom-large--20  wrapper__gutter--none\"\n  >\n  \t<div class=\"wrapper__container wrapper__container-width-large--default\">\n\t  <div class=\"wrapper__inner wrapper__width-large--24 wrapper__width-mobile--24\">\n\t\t<div class=\"image__caption-wrapper block-image__caption-wrapper\">\n\t\t\t<div class=\"image__caption block-image__caption\">\n\t\t\t\t<p class=\"paragraph paragraph__align--left paragraph__color--black paragraph__size--small paragraph__weight--medium\">\n\t\t<span style=\"color: red\">LET OP: auteursrechten ontbreken<\/span>. <a href=\"https:\/\/d66.nl\/alkmaar\/wp-admin\/upload.php?item=0\">S.v.p. de auteursrechten invullen voor deze afbeelding<\/a> before using it.\t<\/p>\t\t\t<\/div>\n\t\t<\/div>\t  <\/div>\n\t<\/div>\n  <\/div>\n\n\t<\/div>\n\n\t<div class=\"block-post-content__sidebar\">\n\t\t\n\t\t\n\t\t\t<\/div>\n<\/section>\n\t  <\/div>\n\t<\/div>\n  <\/div>\n","protected":false},"excerpt":{"rendered":"","protected":false},"author":541,"featured_media":0,"parent":0,"menu_order":0,"comment_status":"closed","ping_status":"closed","template":"","meta":{"_acf_changed":false,"footnotes":""},"themes-or-point-of-view":[],"labels":[],"search-tags":[],"class_list":["post-659","page","type-page","status-publish","hentry"],"acf":[],"yoast_head":"<!-- This site is optimized with the Yoast SEO plugin v27.3 - https:\/\/yoast.com\/product\/yoast-seo-wordpress\/ -->\n<title>Visie D66 Alkmaar - D66 Alkmaar<\/title>\n<meta name=\"robots\" content=\"index, follow, max-snippet:-1, max-image-preview:large, max-video-preview:-1\" \/>\n<link rel=\"canonical\" href=\"https:\/\/d66.nl\/alkmaar\/d66-alkmaar\/\" \/>\n<meta property=\"og:locale\" content=\"nl_NL\" \/>\n<meta property=\"og:type\" content=\"article\" \/>\n<meta property=\"og:title\" content=\"Visie D66 Alkmaar - D66 Alkmaar\" \/>\n<meta property=\"og:url\" content=\"https:\/\/d66.nl\/alkmaar\/d66-alkmaar\/\" \/>\n<meta property=\"og:site_name\" content=\"D66 Alkmaar\" \/>\n<meta property=\"article:modified_time\" content=\"2022-04-21T13:46:34+00:00\" \/>\n<meta name=\"twitter:card\" content=\"summary_large_image\" \/>\n<script type=\"application\/ld+json\" class=\"yoast-schema-graph\">{\"@context\":\"https:\\\/\\\/schema.org\",\"@graph\":[{\"@type\":\"WebPage\",\"@id\":\"https:\\\/\\\/d66.nl\\\/alkmaar\\\/d66-alkmaar\\\/\",\"url\":\"https:\\\/\\\/d66.nl\\\/alkmaar\\\/d66-alkmaar\\\/\",\"name\":\"Visie D66 Alkmaar - D66 Alkmaar\",\"isPartOf\":{\"@id\":\"https:\\\/\\\/d66.nl\\\/alkmaar\\\/#website\"},\"datePublished\":\"2022-04-21T13:34:39+00:00\",\"dateModified\":\"2022-04-21T13:46:34+00:00\",\"inLanguage\":\"nl-NL\",\"potentialAction\":[{\"@type\":\"ReadAction\",\"target\":[\"https:\\\/\\\/d66.nl\\\/alkmaar\\\/d66-alkmaar\\\/\"]}]},{\"@type\":\"WebSite\",\"@id\":\"https:\\\/\\\/d66.nl\\\/alkmaar\\\/#website\",\"url\":\"https:\\\/\\\/d66.nl\\\/alkmaar\\\/\",\"name\":\"D66 Alkmaar\",\"description\":\"Just another D66 Sites site\",\"potentialAction\":[{\"@type\":\"SearchAction\",\"target\":{\"@type\":\"EntryPoint\",\"urlTemplate\":\"https:\\\/\\\/d66.nl\\\/alkmaar\\\/?s={search_term_string}\"},\"query-input\":{\"@type\":\"PropertyValueSpecification\",\"valueRequired\":true,\"valueName\":\"search_term_string\"}}],\"inLanguage\":\"nl-NL\"}]}<\/script>\n<!-- \/ Yoast SEO plugin. -->","yoast_head_json":{"title":"Visie D66 Alkmaar - D66 Alkmaar","robots":{"index":"index","follow":"follow","max-snippet":"max-snippet:-1","max-image-preview":"max-image-preview:large","max-video-preview":"max-video-preview:-1"},"canonical":"https:\/\/d66.nl\/alkmaar\/d66-alkmaar\/","og_locale":"nl_NL","og_type":"article","og_title":"Visie D66 Alkmaar - D66 Alkmaar","og_url":"https:\/\/d66.nl\/alkmaar\/d66-alkmaar\/","og_site_name":"D66 Alkmaar","article_modified_time":"2022-04-21T13:46:34+00:00","twitter_card":"summary_large_image","schema":{"@context":"https:\/\/schema.org","@graph":[{"@type":"WebPage","@id":"https:\/\/d66.nl\/alkmaar\/d66-alkmaar\/","url":"https:\/\/d66.nl\/alkmaar\/d66-alkmaar\/","name":"Visie D66 Alkmaar - D66 Alkmaar","isPartOf":{"@id":"https:\/\/d66.nl\/alkmaar\/#website"},"datePublished":"2022-04-21T13:34:39+00:00","dateModified":"2022-04-21T13:46:34+00:00","inLanguage":"nl-NL","potentialAction":[{"@type":"ReadAction","target":["https:\/\/d66.nl\/alkmaar\/d66-alkmaar\/"]}]},{"@type":"WebSite","@id":"https:\/\/d66.nl\/alkmaar\/#website","url":"https:\/\/d66.nl\/alkmaar\/","name":"D66 Alkmaar","description":"Just another D66 Sites site","potentialAction":[{"@type":"SearchAction","target":{"@type":"EntryPoint","urlTemplate":"https:\/\/d66.nl\/alkmaar\/?s={search_term_string}"},"query-input":{"@type":"PropertyValueSpecification","valueRequired":true,"valueName":"search_term_string"}}],"inLanguage":"nl-NL"}]}},"_links":{"self":[{"href":"https:\/\/d66.nl\/alkmaar\/wp-json\/wp\/v2\/pages\/659","targetHints":{"allow":["GET"]}}],"collection":[{"href":"https:\/\/d66.nl\/alkmaar\/wp-json\/wp\/v2\/pages"}],"about":[{"href":"https:\/\/d66.nl\/alkmaar\/wp-json\/wp\/v2\/types\/page"}],"author":[{"embeddable":true,"href":"https:\/\/d66.nl\/alkmaar\/wp-json\/wp\/v2\/users\/541"}],"replies":[{"embeddable":true,"href":"https:\/\/d66.nl\/alkmaar\/wp-json\/wp\/v2\/comments?post=659"}],"version-history":[{"count":4,"href":"https:\/\/d66.nl\/alkmaar\/wp-json\/wp\/v2\/pages\/659\/revisions"}],"predecessor-version":[{"id":665,"href":"https:\/\/d66.nl\/alkmaar\/wp-json\/wp\/v2\/pages\/659\/revisions\/665"}],"wp:attachment":[{"href":"https:\/\/d66.nl\/alkmaar\/wp-json\/wp\/v2\/media?parent=659"}],"wp:term":[{"taxonomy":"themes-or-point-of-view","embeddable":true,"href":"https:\/\/d66.nl\/alkmaar\/wp-json\/wp\/v2\/themes-or-point-of-view?post=659"},{"taxonomy":"labels","embeddable":true,"href":"https:\/\/d66.nl\/alkmaar\/wp-json\/wp\/v2\/labels?post=659"},{"taxonomy":"search-tags","embeddable":true,"href":"https:\/\/d66.nl\/alkmaar\/wp-json\/wp\/v2\/search-tags?post=659"}],"curies":[{"name":"wp","href":"https:\/\/api.w.org\/{rel}","templated":true}]}}